{"id":747318,"date":"2025-03-03T20:57:09","date_gmt":"2025-03-03T19:57:09","guid":{"rendered":"https:\/\/stoic-curie.212-227-153-4.plesk.page\/producto\/interruptor-de-bateria-de-quatro-posicoes-bep-200a\/"},"modified":"2026-02-25T00:27:51","modified_gmt":"2026-02-25T00:27:51","slug":"interruptor-de-bateria-de-quatro-posicoes-bep-200a","status":"publish","type":"product","link":"https:\/\/stoic-curie.212-227-153-4.plesk.page\/pt\/product\/interruptor-de-bateria-de-quatro-posicoes-bep-200a\/","title":{"rendered":"Interruptor de Bateria de Quatro Posi\u00e7\u00f5es BEP 200A"},"content":{"rendered":"<p>Interruptor de Bateria de Quatro Posi\u00e7\u00f5es BEP 200A &#8211; <\/p>\n<p>Interruptor de sele\u00e7\u00e3o de bateria de quatro posi\u00e7\u00f5es. Permite isolar a bateria, selecionar uma de duas baterias ou selecionar ambas ao mesmo tempo. Montagem em parede ou embutida. Dimens\u00f5es: 70 x 70 mm x A75 mm.<\/p>\n","protected":false},"excerpt":{"rendered":"<p>Interruptor de Bateria de Quatro Posi\u00e7\u00f5es BEP 200A &#8211; Interruptor de sele\u00e7\u00e3o de bateria de quatro posi\u00e7\u00f5es. Permite isolar a<\/p>\n","protected":false},"featured_media":5939306,"comment_status":"open","ping_status":"closed","template":"","meta":[],"product_brand":[2827],"product_cat":[2032],"product_tag":[],"class_list":{"0":"post-747318","1":"product","2":"type-product","3":"status-publish","4":"has-post-thumbnail","6":"product_brand-bep-marine-pt","7":"product_cat-corta-circuitos-para-bateria","9":"first","10":"instock","11":"shipping-taxable","12":"purchasable","13":"product-type-simple"},"_links":{"self":[{"href":"https:\/\/stoic-curie.212-227-153-4.plesk.page\/pt\/wp-json\/wp\/v2\/product\/747318","targetHints":{"allow":["GET"]}}],"collection":[{"href":"https:\/\/stoic-curie.212-227-153-4.plesk.page\/pt\/wp-json\/wp\/v2\/product"}],"about":[{"href":"https:\/\/stoic-curie.212-227-153-4.plesk.page\/pt\/wp-json\/wp\/v2\/types\/product"}],"replies":[{"embeddable":true,"href":"https:\/\/stoic-curie.212-227-153-4.plesk.page\/pt\/wp-json\/wp\/v2\/comments?post=747318"}],"version-history":[{"count":0,"href":"https:\/\/stoic-curie.212-227-153-4.plesk.page\/pt\/wp-json\/wp\/v2\/product\/747318\/revisions"}],"wp:featuredmedia":[{"embeddable":true,"href":"https:\/\/stoic-curie.212-227-153-4.plesk.page\/pt\/wp-json\/wp\/v2\/media\/5939306"}],"wp:attachment":[{"href":"https:\/\/stoic-curie.212-227-153-4.plesk.page\/pt\/wp-json\/wp\/v2\/media?parent=747318"}],"wp:term":[{"taxonomy":"product_brand","embeddable":true,"href":"https:\/\/stoic-curie.212-227-153-4.plesk.page\/pt\/wp-json\/wp\/v2\/product_brand?post=747318"},{"taxonomy":"product_cat","embeddable":true,"href":"https:\/\/stoic-curie.212-227-153-4.plesk.page\/pt\/wp-json\/wp\/v2\/product_cat?post=747318"},{"taxonomy":"product_tag","embeddable":true,"href":"https:\/\/stoic-curie.212-227-153-4.plesk.page\/pt\/wp-json\/wp\/v2\/product_tag?post=747318"}],"curies":[{"name":"wp","href":"https:\/\/api.w.org\/{rel}","templated":true}]}}