{"id":747322,"date":"2025-03-03T20:57:11","date_gmt":"2025-03-03T19:57:11","guid":{"rendered":"https:\/\/stoic-curie.212-227-153-4.plesk.page\/producto\/tomada-eletrica-marinco-redonda-16a\/"},"modified":"2026-02-25T00:27:51","modified_gmt":"2026-02-25T00:27:51","slug":"tomada-eletrica-marinco-redonda-16a","status":"publish","type":"product","link":"https:\/\/stoic-curie.212-227-153-4.plesk.page\/pt\/product\/tomada-eletrica-marinco-redonda-16a\/","title":{"rendered":"Tomada El\u00e9trica Marinco Redonda 16A"},"content":{"rendered":"<p>Tomada El\u00e9trica Marinco Redonda 16A &#8211; <\/p>\n<p>Entrada de energia contornada Marinco com caixa de poli\u00e9ster refor\u00e7ada e tampa \u00e0 prova d&#8217;\u00e1gua.<\/p>\n","protected":false},"excerpt":{"rendered":"<p>Tomada El\u00e9trica Marinco Redonda 16A &#8211; Entrada de energia contornada Marinco com caixa de poli\u00e9ster refor\u00e7ada e tampa \u00e0 prova<\/p>\n","protected":false},"featured_media":5939322,"comment_status":"open","ping_status":"closed","template":"","meta":[],"product_brand":[3107],"product_cat":[2037],"product_tag":[],"class_list":{"0":"post-747322","1":"product","2":"type-product","3":"status-publish","4":"has-post-thumbnail","6":"product_brand-marinco-pt","7":"product_cat-ligacao-eletrica-a-terra","9":"first","10":"instock","11":"shipping-taxable","12":"purchasable","13":"product-type-simple"},"_links":{"self":[{"href":"https:\/\/stoic-curie.212-227-153-4.plesk.page\/pt\/wp-json\/wp\/v2\/product\/747322","targetHints":{"allow":["GET"]}}],"collection":[{"href":"https:\/\/stoic-curie.212-227-153-4.plesk.page\/pt\/wp-json\/wp\/v2\/product"}],"about":[{"href":"https:\/\/stoic-curie.212-227-153-4.plesk.page\/pt\/wp-json\/wp\/v2\/types\/product"}],"replies":[{"embeddable":true,"href":"https:\/\/stoic-curie.212-227-153-4.plesk.page\/pt\/wp-json\/wp\/v2\/comments?post=747322"}],"version-history":[{"count":0,"href":"https:\/\/stoic-curie.212-227-153-4.plesk.page\/pt\/wp-json\/wp\/v2\/product\/747322\/revisions"}],"wp:featuredmedia":[{"embeddable":true,"href":"https:\/\/stoic-curie.212-227-153-4.plesk.page\/pt\/wp-json\/wp\/v2\/media\/5939322"}],"wp:attachment":[{"href":"https:\/\/stoic-curie.212-227-153-4.plesk.page\/pt\/wp-json\/wp\/v2\/media?parent=747322"}],"wp:term":[{"taxonomy":"product_brand","embeddable":true,"href":"https:\/\/stoic-curie.212-227-153-4.plesk.page\/pt\/wp-json\/wp\/v2\/product_brand?post=747322"},{"taxonomy":"product_cat","embeddable":true,"href":"https:\/\/stoic-curie.212-227-153-4.plesk.page\/pt\/wp-json\/wp\/v2\/product_cat?post=747322"},{"taxonomy":"product_tag","embeddable":true,"href":"https:\/\/stoic-curie.212-227-153-4.plesk.page\/pt\/wp-json\/wp\/v2\/product_tag?post=747322"}],"curies":[{"name":"wp","href":"https:\/\/api.w.org\/{rel}","templated":true}]}}