{"id":747325,"date":"2025-03-03T20:57:13","date_gmt":"2025-03-03T19:57:13","guid":{"rendered":"https:\/\/stoic-curie.212-227-153-4.plesk.page\/producto\/tomada-eletrica-de-aco-inoxidavel-marinco-quadra-32a\/"},"modified":"2026-02-25T00:27:51","modified_gmt":"2026-02-25T00:27:51","slug":"tomada-eletrica-de-aco-inoxidavel-marinco-quadra-32a","status":"publish","type":"product","link":"https:\/\/stoic-curie.212-227-153-4.plesk.page\/pt\/product\/tomada-eletrica-de-aco-inoxidavel-marinco-quadra-32a\/","title":{"rendered":"Tomada El\u00e9trica de A\u00e7o Inoxid\u00e1vel Marinco Quadra 32A"},"content":{"rendered":"<p>Tomada El\u00e9trica de A\u00e7o Inoxid\u00e1vel Marinco Quadra 32A &#8211; <\/p>\n<p>Entrada de energia Marinco com caixa de poli\u00e9ster refor\u00e7ada e tampa estanque em a\u00e7o inoxid\u00e1vel.<\/p>\n","protected":false},"excerpt":{"rendered":"<p>Tomada El\u00e9trica de A\u00e7o Inoxid\u00e1vel Marinco Quadra 32A &#8211; Entrada de energia Marinco com caixa de poli\u00e9ster refor\u00e7ada e tampa<\/p>\n","protected":false},"featured_media":5939325,"comment_status":"open","ping_status":"closed","template":"","meta":[],"product_brand":[3107],"product_cat":[2037],"product_tag":[],"class_list":{"0":"post-747325","1":"product","2":"type-product","3":"status-publish","4":"has-post-thumbnail","6":"product_brand-marinco-pt","7":"product_cat-ligacao-eletrica-a-terra","9":"first","10":"instock","11":"shipping-taxable","12":"purchasable","13":"product-type-simple"},"_links":{"self":[{"href":"https:\/\/stoic-curie.212-227-153-4.plesk.page\/pt\/wp-json\/wp\/v2\/product\/747325","targetHints":{"allow":["GET"]}}],"collection":[{"href":"https:\/\/stoic-curie.212-227-153-4.plesk.page\/pt\/wp-json\/wp\/v2\/product"}],"about":[{"href":"https:\/\/stoic-curie.212-227-153-4.plesk.page\/pt\/wp-json\/wp\/v2\/types\/product"}],"replies":[{"embeddable":true,"href":"https:\/\/stoic-curie.212-227-153-4.plesk.page\/pt\/wp-json\/wp\/v2\/comments?post=747325"}],"version-history":[{"count":0,"href":"https:\/\/stoic-curie.212-227-153-4.plesk.page\/pt\/wp-json\/wp\/v2\/product\/747325\/revisions"}],"wp:featuredmedia":[{"embeddable":true,"href":"https:\/\/stoic-curie.212-227-153-4.plesk.page\/pt\/wp-json\/wp\/v2\/media\/5939325"}],"wp:attachment":[{"href":"https:\/\/stoic-curie.212-227-153-4.plesk.page\/pt\/wp-json\/wp\/v2\/media?parent=747325"}],"wp:term":[{"taxonomy":"product_brand","embeddable":true,"href":"https:\/\/stoic-curie.212-227-153-4.plesk.page\/pt\/wp-json\/wp\/v2\/product_brand?post=747325"},{"taxonomy":"product_cat","embeddable":true,"href":"https:\/\/stoic-curie.212-227-153-4.plesk.page\/pt\/wp-json\/wp\/v2\/product_cat?post=747325"},{"taxonomy":"product_tag","embeddable":true,"href":"https:\/\/stoic-curie.212-227-153-4.plesk.page\/pt\/wp-json\/wp\/v2\/product_tag?post=747325"}],"curies":[{"name":"wp","href":"https:\/\/api.w.org\/{rel}","templated":true}]}}