{"id":747327,"date":"2025-03-03T20:57:14","date_gmt":"2025-03-03T19:57:14","guid":{"rendered":"https:\/\/stoic-curie.212-227-153-4.plesk.page\/producto\/luz-de-navegacao-combinada-preta-vermelha-verde-225-branca-360-com-mastro-h30cm\/"},"modified":"2026-02-25T00:27:51","modified_gmt":"2026-02-25T00:27:51","slug":"luz-de-navegacao-combinada-preta-vermelha-verde-225-branca-360-com-mastro-h30cm","status":"publish","type":"product","link":"https:\/\/stoic-curie.212-227-153-4.plesk.page\/pt\/product\/luz-de-navegacao-combinada-preta-vermelha-verde-225-branca-360-com-mastro-h30cm\/","title":{"rendered":"Luz de Navega\u00e7\u00e3o Combinada Preta (VERMELHA\/VERDE 225\u00b0- BRANCA 360\u00b0) com Mastro H30cm"},"content":{"rendered":"<p>Luz de Navega\u00e7\u00e3o Combinada Preta (VERMELHA\/VERDE 225\u00b0- BRANCA 360\u00b0) com Mastro H30cm &#8211; <\/p>\n<p>Postes de luz de a\u00e7o inoxid\u00e1vel com base fixa. H 30 cm. 3 luzes: VERMELHO\/VERDE 225\u00b0 &#8211; BRANCO 360\u00b0. Certificado R.I.Na. para embarca\u00e7\u00f5es de at\u00e9 12 metros.<\/p>\n","protected":false},"excerpt":{"rendered":"<p>Luz de Navega\u00e7\u00e3o Combinada Preta (VERMELHA\/VERDE 225\u00b0- BRANCA 360\u00b0) com Mastro H30cm &#8211; Postes de luz de a\u00e7o inoxid\u00e1vel com<\/p>\n","protected":false},"featured_media":5939364,"comment_status":"open","ping_status":"closed","template":"","meta":[],"product_brand":[3492],"product_cat":[2028],"product_tag":[],"class_list":{"0":"post-747327","1":"product","2":"type-product","3":"status-publish","4":"has-post-thumbnail","6":"product_brand-trem-pt","7":"product_cat-luzes-de-navegacao","9":"first","10":"instock","11":"shipping-taxable","12":"purchasable","13":"product-type-simple"},"_links":{"self":[{"href":"https:\/\/stoic-curie.212-227-153-4.plesk.page\/pt\/wp-json\/wp\/v2\/product\/747327","targetHints":{"allow":["GET"]}}],"collection":[{"href":"https:\/\/stoic-curie.212-227-153-4.plesk.page\/pt\/wp-json\/wp\/v2\/product"}],"about":[{"href":"https:\/\/stoic-curie.212-227-153-4.plesk.page\/pt\/wp-json\/wp\/v2\/types\/product"}],"replies":[{"embeddable":true,"href":"https:\/\/stoic-curie.212-227-153-4.plesk.page\/pt\/wp-json\/wp\/v2\/comments?post=747327"}],"version-history":[{"count":0,"href":"https:\/\/stoic-curie.212-227-153-4.plesk.page\/pt\/wp-json\/wp\/v2\/product\/747327\/revisions"}],"wp:featuredmedia":[{"embeddable":true,"href":"https:\/\/stoic-curie.212-227-153-4.plesk.page\/pt\/wp-json\/wp\/v2\/media\/5939364"}],"wp:attachment":[{"href":"https:\/\/stoic-curie.212-227-153-4.plesk.page\/pt\/wp-json\/wp\/v2\/media?parent=747327"}],"wp:term":[{"taxonomy":"product_brand","embeddable":true,"href":"https:\/\/stoic-curie.212-227-153-4.plesk.page\/pt\/wp-json\/wp\/v2\/product_brand?post=747327"},{"taxonomy":"product_cat","embeddable":true,"href":"https:\/\/stoic-curie.212-227-153-4.plesk.page\/pt\/wp-json\/wp\/v2\/product_cat?post=747327"},{"taxonomy":"product_tag","embeddable":true,"href":"https:\/\/stoic-curie.212-227-153-4.plesk.page\/pt\/wp-json\/wp\/v2\/product_tag?post=747327"}],"curies":[{"name":"wp","href":"https:\/\/api.w.org\/{rel}","templated":true}]}}