{"id":747331,"date":"2025-03-03T20:57:15","date_gmt":"2025-03-03T19:57:15","guid":{"rendered":"https:\/\/stoic-curie.212-227-153-4.plesk.page\/producto\/farol-de-busca-duplo-com-painel-de-controle-com-fio-12v\/"},"modified":"2026-02-25T00:27:51","modified_gmt":"2026-02-25T00:27:51","slug":"farol-de-busca-duplo-com-painel-de-controle-com-fio-12v","status":"publish","type":"product","link":"https:\/\/stoic-curie.212-227-153-4.plesk.page\/pt\/product\/farol-de-busca-duplo-com-painel-de-controle-com-fio-12v\/","title":{"rendered":"Farol de Busca Duplo com Painel de Controle com Fio 12V"},"content":{"rendered":"<p>Farol de Busca Duplo com Painel de Controle com Fio 12V &#8211; <\/p>\n<p>Lanterna dupla ajust\u00e1vel com painel de controle \u00e0 prova d&#8217;\u00e1gua. Corpo \u00e0 prova d&#8217;\u00e1gua com 2 x 55W l\u00e2mpadas hal\u00f3genas \u00e0 prova d&#8217;\u00e1gua. Combina\u00e7\u00e3o de luz dupla: 1) Modo de luz pontual 2) Modo de luz difusa. Dimens\u00f5es: L220 x Largura 257 x A210 mm. Controle sem fio opcional com receptor e transmissor plug and play de at\u00e9 35 m. Se instalado, substitui o painel de controle com fio. Para manter ambos, um painel de esta\u00e7\u00e3o dupla deve ser adquirido.<\/p>\n","protected":false},"excerpt":{"rendered":"<p>Farol de Busca Duplo com Painel de Controle com Fio 12V &#8211; Lanterna dupla ajust\u00e1vel com painel de controle \u00e0<\/p>\n","protected":false},"featured_media":5939390,"comment_status":"open","ping_status":"closed","template":"","meta":[],"product_brand":[3142],"product_cat":[2021],"product_tag":[],"class_list":{"0":"post-747331","1":"product","2":"type-product","3":"status-publish","4":"has-post-thumbnail","6":"product_brand-matromarine-pt","7":"product_cat-projetores-e-holofotes","9":"first","10":"instock","11":"shipping-taxable","12":"purchasable","13":"product-type-simple"},"_links":{"self":[{"href":"https:\/\/stoic-curie.212-227-153-4.plesk.page\/pt\/wp-json\/wp\/v2\/product\/747331","targetHints":{"allow":["GET"]}}],"collection":[{"href":"https:\/\/stoic-curie.212-227-153-4.plesk.page\/pt\/wp-json\/wp\/v2\/product"}],"about":[{"href":"https:\/\/stoic-curie.212-227-153-4.plesk.page\/pt\/wp-json\/wp\/v2\/types\/product"}],"replies":[{"embeddable":true,"href":"https:\/\/stoic-curie.212-227-153-4.plesk.page\/pt\/wp-json\/wp\/v2\/comments?post=747331"}],"version-history":[{"count":0,"href":"https:\/\/stoic-curie.212-227-153-4.plesk.page\/pt\/wp-json\/wp\/v2\/product\/747331\/revisions"}],"wp:featuredmedia":[{"embeddable":true,"href":"https:\/\/stoic-curie.212-227-153-4.plesk.page\/pt\/wp-json\/wp\/v2\/media\/5939390"}],"wp:attachment":[{"href":"https:\/\/stoic-curie.212-227-153-4.plesk.page\/pt\/wp-json\/wp\/v2\/media?parent=747331"}],"wp:term":[{"taxonomy":"product_brand","embeddable":true,"href":"https:\/\/stoic-curie.212-227-153-4.plesk.page\/pt\/wp-json\/wp\/v2\/product_brand?post=747331"},{"taxonomy":"product_cat","embeddable":true,"href":"https:\/\/stoic-curie.212-227-153-4.plesk.page\/pt\/wp-json\/wp\/v2\/product_cat?post=747331"},{"taxonomy":"product_tag","embeddable":true,"href":"https:\/\/stoic-curie.212-227-153-4.plesk.page\/pt\/wp-json\/wp\/v2\/product_tag?post=747331"}],"curies":[{"name":"wp","href":"https:\/\/api.w.org\/{rel}","templated":true}]}}