{"id":747350,"date":"2025-03-03T20:57:22","date_gmt":"2025-03-03T19:57:22","guid":{"rendered":"https:\/\/stoic-curie.212-227-153-4.plesk.page\/producto\/lampada-sobressalente-para-farol-de-busca-dhr-220v-1000w\/"},"modified":"2026-02-25T00:27:51","modified_gmt":"2026-02-25T00:27:51","slug":"lampada-sobressalente-para-farol-de-busca-dhr-220v-1000w","status":"publish","type":"product","link":"https:\/\/stoic-curie.212-227-153-4.plesk.page\/pt\/product\/lampada-sobressalente-para-farol-de-busca-dhr-220v-1000w\/","title":{"rendered":"L\u00e2mpada Sobressalente para Farol de Busca DHR 220V 1000W"},"content":{"rendered":"<p>L\u00e2mpada Sobressalente para Farol de Busca DHR 220V 1000W &#8211; <\/p>\n<p>Caixa de alum\u00ednio anodizado profissional resistente a UV, farol ajust\u00e1vel controlado do conv\u00e9s, pintado RAL9016. Todo o hardware \u00e9 n\u00e3o magn\u00e9tico e resistente \u00e0 corros\u00e3o.<\/p>\n","protected":false},"excerpt":{"rendered":"<p>L\u00e2mpada Sobressalente para Farol de Busca DHR 220V 1000W &#8211; Caixa de alum\u00ednio anodizado profissional resistente a UV, farol ajust\u00e1vel<\/p>\n","protected":false},"featured_media":5939446,"comment_status":"open","ping_status":"closed","template":"","meta":[],"product_brand":[2882],"product_cat":[2021],"product_tag":[],"class_list":{"0":"post-747350","1":"product","2":"type-product","3":"status-publish","4":"has-post-thumbnail","6":"product_brand-dhr-pt","7":"product_cat-projetores-e-holofotes","9":"first","10":"instock","11":"shipping-taxable","12":"purchasable","13":"product-type-simple"},"_links":{"self":[{"href":"https:\/\/stoic-curie.212-227-153-4.plesk.page\/pt\/wp-json\/wp\/v2\/product\/747350","targetHints":{"allow":["GET"]}}],"collection":[{"href":"https:\/\/stoic-curie.212-227-153-4.plesk.page\/pt\/wp-json\/wp\/v2\/product"}],"about":[{"href":"https:\/\/stoic-curie.212-227-153-4.plesk.page\/pt\/wp-json\/wp\/v2\/types\/product"}],"replies":[{"embeddable":true,"href":"https:\/\/stoic-curie.212-227-153-4.plesk.page\/pt\/wp-json\/wp\/v2\/comments?post=747350"}],"version-history":[{"count":0,"href":"https:\/\/stoic-curie.212-227-153-4.plesk.page\/pt\/wp-json\/wp\/v2\/product\/747350\/revisions"}],"wp:featuredmedia":[{"embeddable":true,"href":"https:\/\/stoic-curie.212-227-153-4.plesk.page\/pt\/wp-json\/wp\/v2\/media\/5939446"}],"wp:attachment":[{"href":"https:\/\/stoic-curie.212-227-153-4.plesk.page\/pt\/wp-json\/wp\/v2\/media?parent=747350"}],"wp:term":[{"taxonomy":"product_brand","embeddable":true,"href":"https:\/\/stoic-curie.212-227-153-4.plesk.page\/pt\/wp-json\/wp\/v2\/product_brand?post=747350"},{"taxonomy":"product_cat","embeddable":true,"href":"https:\/\/stoic-curie.212-227-153-4.plesk.page\/pt\/wp-json\/wp\/v2\/product_cat?post=747350"},{"taxonomy":"product_tag","embeddable":true,"href":"https:\/\/stoic-curie.212-227-153-4.plesk.page\/pt\/wp-json\/wp\/v2\/product_tag?post=747350"}],"curies":[{"name":"wp","href":"https:\/\/api.w.org\/{rel}","templated":true}]}}