{"id":747356,"date":"2025-03-03T20:57:26","date_gmt":"2025-03-03T19:57:26","guid":{"rendered":"https:\/\/stoic-curie.212-227-153-4.plesk.page\/producto\/tacometro-com-horimetro-vdo-view-line-12v-4000-rpm-85mm-preto\/"},"modified":"2026-02-25T00:27:51","modified_gmt":"2026-02-25T00:27:51","slug":"tacometro-com-horimetro-vdo-view-line-12v-4000-rpm-85mm-preto","status":"publish","type":"product","link":"https:\/\/stoic-curie.212-227-153-4.plesk.page\/pt\/product\/tacometro-com-horimetro-vdo-view-line-12v-4000-rpm-85mm-preto\/","title":{"rendered":"Tac\u00f3metro com Hor\u00edmetro VDO View-Line 12V 4000 RPM 85mm Preto"},"content":{"rendered":"<p>Tac\u00f3metro com Hor\u00edmetro VDO View-Line 12V 4000 RPM 85mm Preto &#8211; <\/p>\n<p>Medidores VDO View-Line 8-32V, completos com cabos de conex\u00e3o, bezel e instru\u00e7\u00f5es. Lente dupla antiemba\u00e7ante com grau de prote\u00e7\u00e3o IP67. Luz LED integrada.<\/p>\n","protected":false},"excerpt":{"rendered":"<p>Tac\u00f3metro com Hor\u00edmetro VDO View-Line 12V 4000 RPM 85mm Preto &#8211; Medidores VDO View-Line 8-32V, completos com cabos de conex\u00e3o,<\/p>\n","protected":false},"featured_media":5939456,"comment_status":"open","ping_status":"closed","template":"","meta":[],"product_brand":[3512],"product_cat":[2072,2075],"product_tag":[],"class_list":{"0":"post-747356","1":"product","2":"type-product","3":"status-publish","4":"has-post-thumbnail","6":"product_brand-vdo-veratron-pt","7":"product_cat-manometros-vdo","8":"product_cat-taquimetros","10":"first","11":"instock","12":"shipping-taxable","13":"purchasable","14":"product-type-simple"},"_links":{"self":[{"href":"https:\/\/stoic-curie.212-227-153-4.plesk.page\/pt\/wp-json\/wp\/v2\/product\/747356","targetHints":{"allow":["GET"]}}],"collection":[{"href":"https:\/\/stoic-curie.212-227-153-4.plesk.page\/pt\/wp-json\/wp\/v2\/product"}],"about":[{"href":"https:\/\/stoic-curie.212-227-153-4.plesk.page\/pt\/wp-json\/wp\/v2\/types\/product"}],"replies":[{"embeddable":true,"href":"https:\/\/stoic-curie.212-227-153-4.plesk.page\/pt\/wp-json\/wp\/v2\/comments?post=747356"}],"version-history":[{"count":0,"href":"https:\/\/stoic-curie.212-227-153-4.plesk.page\/pt\/wp-json\/wp\/v2\/product\/747356\/revisions"}],"wp:featuredmedia":[{"embeddable":true,"href":"https:\/\/stoic-curie.212-227-153-4.plesk.page\/pt\/wp-json\/wp\/v2\/media\/5939456"}],"wp:attachment":[{"href":"https:\/\/stoic-curie.212-227-153-4.plesk.page\/pt\/wp-json\/wp\/v2\/media?parent=747356"}],"wp:term":[{"taxonomy":"product_brand","embeddable":true,"href":"https:\/\/stoic-curie.212-227-153-4.plesk.page\/pt\/wp-json\/wp\/v2\/product_brand?post=747356"},{"taxonomy":"product_cat","embeddable":true,"href":"https:\/\/stoic-curie.212-227-153-4.plesk.page\/pt\/wp-json\/wp\/v2\/product_cat?post=747356"},{"taxonomy":"product_tag","embeddable":true,"href":"https:\/\/stoic-curie.212-227-153-4.plesk.page\/pt\/wp-json\/wp\/v2\/product_tag?post=747356"}],"curies":[{"name":"wp","href":"https:\/\/api.w.org\/{rel}","templated":true}]}}