{"id":747377,"date":"2025-03-03T20:57:35","date_gmt":"2025-03-03T19:57:35","guid":{"rendered":"https:\/\/stoic-curie.212-227-153-4.plesk.page\/producto\/manometro-de-temperatura-da-agua-vdo-branco-40-120o-52mm\/"},"modified":"2026-02-25T00:27:51","modified_gmt":"2026-02-25T00:27:51","slug":"manometro-de-temperatura-da-agua-vdo-branco-40-120o-52mm","status":"publish","type":"product","link":"https:\/\/stoic-curie.212-227-153-4.plesk.page\/pt\/product\/manometro-de-temperatura-da-agua-vdo-branco-40-120o-52mm\/","title":{"rendered":"Man\u00f3metro de Temperatura da \u00c1gua VDO Branco 40-120\u00ba 52mm"},"content":{"rendered":"<p>Man\u00f3metro de Temperatura da \u00c1gua VDO Branco 40-120\u00ba 52mm &#8211; <\/p>\n<p>Os man\u00f4metros VDO View-Line 8-32V v\u00eam completos com cabos de conex\u00e3o, aro e instru\u00e7\u00f5es. Lentes duplas antiemba\u00e7antes com classifica\u00e7\u00e3o de prote\u00e7\u00e3o IP67. Luz LED integrada.<\/p>\n","protected":false},"excerpt":{"rendered":"<p>Man\u00f3metro de Temperatura da \u00c1gua VDO Branco 40-120\u00ba 52mm &#8211; Os man\u00f4metros VDO View-Line 8-32V v\u00eam completos com cabos de<\/p>\n","protected":false},"featured_media":5939477,"comment_status":"open","ping_status":"closed","template":"","meta":[],"product_brand":[3512],"product_cat":[2072],"product_tag":[],"class_list":{"0":"post-747377","1":"product","2":"type-product","3":"status-publish","4":"has-post-thumbnail","6":"product_brand-vdo-veratron-pt","7":"product_cat-manometros-vdo","9":"first","10":"instock","11":"shipping-taxable","12":"purchasable","13":"product-type-simple"},"_links":{"self":[{"href":"https:\/\/stoic-curie.212-227-153-4.plesk.page\/pt\/wp-json\/wp\/v2\/product\/747377","targetHints":{"allow":["GET"]}}],"collection":[{"href":"https:\/\/stoic-curie.212-227-153-4.plesk.page\/pt\/wp-json\/wp\/v2\/product"}],"about":[{"href":"https:\/\/stoic-curie.212-227-153-4.plesk.page\/pt\/wp-json\/wp\/v2\/types\/product"}],"replies":[{"embeddable":true,"href":"https:\/\/stoic-curie.212-227-153-4.plesk.page\/pt\/wp-json\/wp\/v2\/comments?post=747377"}],"version-history":[{"count":0,"href":"https:\/\/stoic-curie.212-227-153-4.plesk.page\/pt\/wp-json\/wp\/v2\/product\/747377\/revisions"}],"wp:featuredmedia":[{"embeddable":true,"href":"https:\/\/stoic-curie.212-227-153-4.plesk.page\/pt\/wp-json\/wp\/v2\/media\/5939477"}],"wp:attachment":[{"href":"https:\/\/stoic-curie.212-227-153-4.plesk.page\/pt\/wp-json\/wp\/v2\/media?parent=747377"}],"wp:term":[{"taxonomy":"product_brand","embeddable":true,"href":"https:\/\/stoic-curie.212-227-153-4.plesk.page\/pt\/wp-json\/wp\/v2\/product_brand?post=747377"},{"taxonomy":"product_cat","embeddable":true,"href":"https:\/\/stoic-curie.212-227-153-4.plesk.page\/pt\/wp-json\/wp\/v2\/product_cat?post=747377"},{"taxonomy":"product_tag","embeddable":true,"href":"https:\/\/stoic-curie.212-227-153-4.plesk.page\/pt\/wp-json\/wp\/v2\/product_tag?post=747377"}],"curies":[{"name":"wp","href":"https:\/\/api.w.org\/{rel}","templated":true}]}}