{"id":747397,"date":"2025-03-03T20:57:44","date_gmt":"2025-03-03T19:57:44","guid":{"rendered":"https:\/\/stoic-curie.212-227-153-4.plesk.page\/producto\/sensor-de-pressao-vdo-25-bar-1-8-x-27-nptf-2-polos-vdo-362-081-002-001k\/"},"modified":"2026-02-25T00:27:51","modified_gmt":"2026-02-25T00:27:51","slug":"sensor-de-pressao-vdo-25-bar-1-8-x-27-nptf-2-polos-vdo-362-081-002-001k","status":"publish","type":"product","link":"https:\/\/stoic-curie.212-227-153-4.plesk.page\/pt\/product\/sensor-de-pressao-vdo-25-bar-1-8-x-27-nptf-2-polos-vdo-362-081-002-001k\/","title":{"rendered":"Sensor de Press\u00e3o VDO 25 bar 1\/8&#8243; x 27 NPTF 2 P\u00f3los (VDO 362-081-002-001K)"},"content":{"rendered":"<p>Sensor de Press\u00e3o VDO 25 bar 1\/8&#8243; x 27 NPTF 2 P\u00f3los (VDO 362-081-002-001K) &#8211; <\/p>\n<p>Transmissores de press\u00e3o de \u00f3leo VDO compat\u00edveis com circuitos de 12\/24V. Imped\u00e2ncia padr\u00e3o VDO de 10-184 Ohm, exceto 2301135 com 5-90 Ohm. Di\u00e2metro: 46 mm. Altura total sem rosca e sem polos: 40 mm.<\/p>\n","protected":false},"excerpt":{"rendered":"<p>Sensor de Press\u00e3o VDO 25 bar 1\/8&#8243; x 27 NPTF 2 P\u00f3los (VDO 362-081-002-001K) &#8211; Transmissores de press\u00e3o de \u00f3leo<\/p>\n","protected":false},"featured_media":5939491,"comment_status":"open","ping_status":"closed","template":"","meta":[],"product_brand":[3512],"product_cat":[2072],"product_tag":[],"class_list":{"0":"post-747397","1":"product","2":"type-product","3":"status-publish","4":"has-post-thumbnail","6":"product_brand-vdo-veratron-pt","7":"product_cat-manometros-vdo","9":"first","10":"instock","11":"shipping-taxable","12":"purchasable","13":"product-type-simple"},"_links":{"self":[{"href":"https:\/\/stoic-curie.212-227-153-4.plesk.page\/pt\/wp-json\/wp\/v2\/product\/747397","targetHints":{"allow":["GET"]}}],"collection":[{"href":"https:\/\/stoic-curie.212-227-153-4.plesk.page\/pt\/wp-json\/wp\/v2\/product"}],"about":[{"href":"https:\/\/stoic-curie.212-227-153-4.plesk.page\/pt\/wp-json\/wp\/v2\/types\/product"}],"replies":[{"embeddable":true,"href":"https:\/\/stoic-curie.212-227-153-4.plesk.page\/pt\/wp-json\/wp\/v2\/comments?post=747397"}],"version-history":[{"count":0,"href":"https:\/\/stoic-curie.212-227-153-4.plesk.page\/pt\/wp-json\/wp\/v2\/product\/747397\/revisions"}],"wp:featuredmedia":[{"embeddable":true,"href":"https:\/\/stoic-curie.212-227-153-4.plesk.page\/pt\/wp-json\/wp\/v2\/media\/5939491"}],"wp:attachment":[{"href":"https:\/\/stoic-curie.212-227-153-4.plesk.page\/pt\/wp-json\/wp\/v2\/media?parent=747397"}],"wp:term":[{"taxonomy":"product_brand","embeddable":true,"href":"https:\/\/stoic-curie.212-227-153-4.plesk.page\/pt\/wp-json\/wp\/v2\/product_brand?post=747397"},{"taxonomy":"product_cat","embeddable":true,"href":"https:\/\/stoic-curie.212-227-153-4.plesk.page\/pt\/wp-json\/wp\/v2\/product_cat?post=747397"},{"taxonomy":"product_tag","embeddable":true,"href":"https:\/\/stoic-curie.212-227-153-4.plesk.page\/pt\/wp-json\/wp\/v2\/product_tag?post=747397"}],"curies":[{"name":"wp","href":"https:\/\/api.w.org\/{rel}","templated":true}]}}