{"id":747400,"date":"2025-03-03T20:57:45","date_gmt":"2025-03-03T19:57:45","guid":{"rendered":"https:\/\/stoic-curie.212-227-153-4.plesk.page\/producto\/sensor-de-nivel-de-combustivel-tubular-200mm-vdo-224-011-000-200x\/"},"modified":"2026-02-25T00:27:51","modified_gmt":"2026-02-25T00:27:51","slug":"sensor-de-nivel-de-combustivel-tubular-200mm-vdo-224-011-000-200x","status":"publish","type":"product","link":"https:\/\/stoic-curie.212-227-153-4.plesk.page\/pt\/product\/sensor-de-nivel-de-combustivel-tubular-200mm-vdo-224-011-000-200x\/","title":{"rendered":"Sensor de N\u00edvel de Combust\u00edvel Tubular 200mm (VDO 224-011-000-200X)"},"content":{"rendered":"<p>Sensor de N\u00edvel de Combust\u00edvel Tubular 200mm (VDO 224-011-000-200X) &#8211; <\/p>\n<p>Transmissores de combust\u00edvel de a\u00e7o inoxid\u00e1vel VDO com flanges de cinco furos e di\u00e2metro de 54 mm. Completo com flange contra, parafusos e conectores Superseal. Fornecimento universal de energia 12\/24V. Compat\u00edvel com qualquer instrumento com imped\u00e2ncia de 60\/90 &#8211; 2\/5 Ohm.<\/p>\n","protected":false},"excerpt":{"rendered":"<p>Sensor de N\u00edvel de Combust\u00edvel Tubular 200mm (VDO 224-011-000-200X) &#8211; Transmissores de combust\u00edvel de a\u00e7o inoxid\u00e1vel VDO com flanges de<\/p>\n","protected":false},"featured_media":5939493,"comment_status":"open","ping_status":"closed","template":"","meta":[],"product_brand":[3512],"product_cat":[2069],"product_tag":[],"class_list":{"0":"post-747400","1":"product","2":"type-product","3":"status-publish","4":"has-post-thumbnail","6":"product_brand-vdo-veratron-pt","7":"product_cat-indicadores-de-nivel-de-combustivel","9":"first","10":"instock","11":"shipping-taxable","12":"purchasable","13":"product-type-simple"},"_links":{"self":[{"href":"https:\/\/stoic-curie.212-227-153-4.plesk.page\/pt\/wp-json\/wp\/v2\/product\/747400","targetHints":{"allow":["GET"]}}],"collection":[{"href":"https:\/\/stoic-curie.212-227-153-4.plesk.page\/pt\/wp-json\/wp\/v2\/product"}],"about":[{"href":"https:\/\/stoic-curie.212-227-153-4.plesk.page\/pt\/wp-json\/wp\/v2\/types\/product"}],"replies":[{"embeddable":true,"href":"https:\/\/stoic-curie.212-227-153-4.plesk.page\/pt\/wp-json\/wp\/v2\/comments?post=747400"}],"version-history":[{"count":0,"href":"https:\/\/stoic-curie.212-227-153-4.plesk.page\/pt\/wp-json\/wp\/v2\/product\/747400\/revisions"}],"wp:featuredmedia":[{"embeddable":true,"href":"https:\/\/stoic-curie.212-227-153-4.plesk.page\/pt\/wp-json\/wp\/v2\/media\/5939493"}],"wp:attachment":[{"href":"https:\/\/stoic-curie.212-227-153-4.plesk.page\/pt\/wp-json\/wp\/v2\/media?parent=747400"}],"wp:term":[{"taxonomy":"product_brand","embeddable":true,"href":"https:\/\/stoic-curie.212-227-153-4.plesk.page\/pt\/wp-json\/wp\/v2\/product_brand?post=747400"},{"taxonomy":"product_cat","embeddable":true,"href":"https:\/\/stoic-curie.212-227-153-4.plesk.page\/pt\/wp-json\/wp\/v2\/product_cat?post=747400"},{"taxonomy":"product_tag","embeddable":true,"href":"https:\/\/stoic-curie.212-227-153-4.plesk.page\/pt\/wp-json\/wp\/v2\/product_tag?post=747400"}],"curies":[{"name":"wp","href":"https:\/\/api.w.org\/{rel}","templated":true}]}}