{"id":747415,"date":"2025-03-03T20:57:50","date_gmt":"2025-03-03T19:57:50","guid":{"rendered":"https:\/\/stoic-curie.212-227-153-4.plesk.page\/producto\/sensor-tubular-de-aco-inoxidavel-vdo-200mm\/"},"modified":"2026-02-25T00:27:51","modified_gmt":"2026-02-25T00:27:51","slug":"sensor-tubular-de-aco-inoxidavel-vdo-200mm","status":"publish","type":"product","link":"https:\/\/stoic-curie.212-227-153-4.plesk.page\/pt\/product\/sensor-tubular-de-aco-inoxidavel-vdo-200mm\/","title":{"rendered":"Sensor Tubular de A\u00e7o Inoxid\u00e1vel VDO 200mm"},"content":{"rendered":"<p>Sensor Tubular de A\u00e7o Inoxid\u00e1vel VDO 200mm &#8211; <\/p>\n<p>Sensores tubulares em a\u00e7o inoxid\u00e1vel VDO para monitoramento de n\u00edveis de l\u00edquidos, de \u00e1gua a combust\u00edvel. Flange com 5 furos, com di\u00e2metro dos furos da dist\u00e2ncia entre eixos de 54 mm. Fonte de alimenta\u00e7\u00e3o universal de 12\/24V. Compat\u00edvel com qualquer instrumento com imped\u00e2ncia de 0-180 Ohm.<\/p>\n","protected":false},"excerpt":{"rendered":"<p>Sensor Tubular de A\u00e7o Inoxid\u00e1vel VDO 200mm &#8211; Sensores tubulares em a\u00e7o inoxid\u00e1vel VDO para monitoramento de n\u00edveis de l\u00edquidos,<\/p>\n","protected":false},"featured_media":5939495,"comment_status":"open","ping_status":"closed","template":"","meta":[],"product_brand":[3512],"product_cat":[2069,1945],"product_tag":[],"class_list":{"0":"post-747415","1":"product","2":"type-product","3":"status-publish","4":"has-post-thumbnail","6":"product_brand-vdo-veratron-pt","7":"product_cat-indicadores-de-nivel-de-combustivel","8":"product_cat-medidores-do-nivel-de-agua","10":"first","11":"instock","12":"shipping-taxable","13":"purchasable","14":"product-type-simple"},"_links":{"self":[{"href":"https:\/\/stoic-curie.212-227-153-4.plesk.page\/pt\/wp-json\/wp\/v2\/product\/747415","targetHints":{"allow":["GET"]}}],"collection":[{"href":"https:\/\/stoic-curie.212-227-153-4.plesk.page\/pt\/wp-json\/wp\/v2\/product"}],"about":[{"href":"https:\/\/stoic-curie.212-227-153-4.plesk.page\/pt\/wp-json\/wp\/v2\/types\/product"}],"replies":[{"embeddable":true,"href":"https:\/\/stoic-curie.212-227-153-4.plesk.page\/pt\/wp-json\/wp\/v2\/comments?post=747415"}],"version-history":[{"count":0,"href":"https:\/\/stoic-curie.212-227-153-4.plesk.page\/pt\/wp-json\/wp\/v2\/product\/747415\/revisions"}],"wp:featuredmedia":[{"embeddable":true,"href":"https:\/\/stoic-curie.212-227-153-4.plesk.page\/pt\/wp-json\/wp\/v2\/media\/5939495"}],"wp:attachment":[{"href":"https:\/\/stoic-curie.212-227-153-4.plesk.page\/pt\/wp-json\/wp\/v2\/media?parent=747415"}],"wp:term":[{"taxonomy":"product_brand","embeddable":true,"href":"https:\/\/stoic-curie.212-227-153-4.plesk.page\/pt\/wp-json\/wp\/v2\/product_brand?post=747415"},{"taxonomy":"product_cat","embeddable":true,"href":"https:\/\/stoic-curie.212-227-153-4.plesk.page\/pt\/wp-json\/wp\/v2\/product_cat?post=747415"},{"taxonomy":"product_tag","embeddable":true,"href":"https:\/\/stoic-curie.212-227-153-4.plesk.page\/pt\/wp-json\/wp\/v2\/product_tag?post=747415"}],"curies":[{"name":"wp","href":"https:\/\/api.w.org\/{rel}","templated":true}]}}