{"id":747421,"date":"2025-03-03T20:57:53","date_gmt":"2025-03-03T19:57:53","guid":{"rendered":"https:\/\/stoic-curie.212-227-153-4.plesk.page\/producto\/sensor-de-nivel-de-aguas-residuais-vdo-200-600mm\/"},"modified":"2026-02-25T00:27:52","modified_gmt":"2026-02-25T00:27:52","slug":"sensor-de-nivel-de-aguas-residuais-vdo-200-600mm","status":"publish","type":"product","link":"https:\/\/stoic-curie.212-227-153-4.plesk.page\/pt\/product\/sensor-de-nivel-de-aguas-residuais-vdo-200-600mm\/","title":{"rendered":"Sensor de N\u00edvel de \u00c1guas Residuais VDO 200-600mm"},"content":{"rendered":"<p>Sensor de N\u00edvel de \u00c1guas Residuais VDO 200-600mm &#8211; <\/p>\n<p>Transmissor de n\u00edvel de \u00e1gua. O modelo de \u00e1gua residual vem completo com contato de alarme. Para instrumentos de n\u00edvel de \u00e1gua de 4 a 20 mA.<\/p>\n","protected":false},"excerpt":{"rendered":"<p>Sensor de N\u00edvel de \u00c1guas Residuais VDO 200-600mm &#8211; Transmissor de n\u00edvel de \u00e1gua. O modelo de \u00e1gua residual vem<\/p>\n","protected":false},"featured_media":5939497,"comment_status":"open","ping_status":"closed","template":"","meta":[],"product_brand":[3512],"product_cat":[1936],"product_tag":[],"class_list":{"0":"post-747421","1":"product","2":"type-product","3":"status-publish","4":"has-post-thumbnail","6":"product_brand-vdo-veratron-pt","7":"product_cat-tanques-de-aguas-residuais","9":"first","10":"instock","11":"shipping-taxable","12":"purchasable","13":"product-type-simple"},"_links":{"self":[{"href":"https:\/\/stoic-curie.212-227-153-4.plesk.page\/pt\/wp-json\/wp\/v2\/product\/747421","targetHints":{"allow":["GET"]}}],"collection":[{"href":"https:\/\/stoic-curie.212-227-153-4.plesk.page\/pt\/wp-json\/wp\/v2\/product"}],"about":[{"href":"https:\/\/stoic-curie.212-227-153-4.plesk.page\/pt\/wp-json\/wp\/v2\/types\/product"}],"replies":[{"embeddable":true,"href":"https:\/\/stoic-curie.212-227-153-4.plesk.page\/pt\/wp-json\/wp\/v2\/comments?post=747421"}],"version-history":[{"count":0,"href":"https:\/\/stoic-curie.212-227-153-4.plesk.page\/pt\/wp-json\/wp\/v2\/product\/747421\/revisions"}],"wp:featuredmedia":[{"embeddable":true,"href":"https:\/\/stoic-curie.212-227-153-4.plesk.page\/pt\/wp-json\/wp\/v2\/media\/5939497"}],"wp:attachment":[{"href":"https:\/\/stoic-curie.212-227-153-4.plesk.page\/pt\/wp-json\/wp\/v2\/media?parent=747421"}],"wp:term":[{"taxonomy":"product_brand","embeddable":true,"href":"https:\/\/stoic-curie.212-227-153-4.plesk.page\/pt\/wp-json\/wp\/v2\/product_brand?post=747421"},{"taxonomy":"product_cat","embeddable":true,"href":"https:\/\/stoic-curie.212-227-153-4.plesk.page\/pt\/wp-json\/wp\/v2\/product_cat?post=747421"},{"taxonomy":"product_tag","embeddable":true,"href":"https:\/\/stoic-curie.212-227-153-4.plesk.page\/pt\/wp-json\/wp\/v2\/product_tag?post=747421"}],"curies":[{"name":"wp","href":"https:\/\/api.w.org\/{rel}","templated":true}]}}