{"id":747422,"date":"2025-03-03T20:57:53","date_gmt":"2025-03-03T19:57:53","guid":{"rendered":"https:\/\/stoic-curie.212-227-153-4.plesk.page\/producto\/speedometro-gps-55-nos-uflex-ultra-black-85mm\/"},"modified":"2026-02-25T00:27:52","modified_gmt":"2026-02-25T00:27:52","slug":"speedometro-gps-55-nos-uflex-ultra-black-85mm","status":"publish","type":"product","link":"https:\/\/stoic-curie.212-227-153-4.plesk.page\/pt\/product\/speedometro-gps-55-nos-uflex-ultra-black-85mm\/","title":{"rendered":"Speed\u00f3metro GPS 55 n\u00f3s Uflex Ultra Black 85mm"},"content":{"rendered":"<p>Speed\u00f3metro GPS 55 n\u00f3s Uflex Ultra Black 85mm &#8211; <\/p>\n<p>Instrumentos Uflex IP67 \u00e0 prova d&#8217;\u00e1gua com lente de antirreprodu\u00e7\u00e3o refor\u00e7ada de dupla camada. Moldura preta de pl\u00e1stico e mostrador preto. Tens\u00e3o universal 12\/24V com retroilumina\u00e7\u00e3o personaliz\u00e1vel em vermelho ou amarelo. Instala\u00e7\u00e3o plug and play completa com conector Molex com fio. Todos os indicadores de press\u00e3o, temperatura, n\u00edvel e \u00e2ngulo devem ser completados com sensores. O indicador de velocidade GPS vem completo com receptor e antena.<\/p>\n","protected":false},"excerpt":{"rendered":"<p>Speed\u00f3metro GPS 55 n\u00f3s Uflex Ultra Black 85mm &#8211; Instrumentos Uflex IP67 \u00e0 prova d&#8217;\u00e1gua com lente de antirreprodu\u00e7\u00e3o refor\u00e7ada<\/p>\n","protected":false},"featured_media":5939498,"comment_status":"open","ping_status":"closed","template":"","meta":[],"product_brand":[3502],"product_cat":[2094],"product_tag":[],"class_list":{"0":"post-747422","1":"product","2":"type-product","3":"status-publish","4":"has-post-thumbnail","6":"product_brand-ultraflex-uflex-pt","7":"product_cat-manometros-uflex","9":"first","10":"instock","11":"shipping-taxable","12":"purchasable","13":"product-type-simple"},"_links":{"self":[{"href":"https:\/\/stoic-curie.212-227-153-4.plesk.page\/pt\/wp-json\/wp\/v2\/product\/747422","targetHints":{"allow":["GET"]}}],"collection":[{"href":"https:\/\/stoic-curie.212-227-153-4.plesk.page\/pt\/wp-json\/wp\/v2\/product"}],"about":[{"href":"https:\/\/stoic-curie.212-227-153-4.plesk.page\/pt\/wp-json\/wp\/v2\/types\/product"}],"replies":[{"embeddable":true,"href":"https:\/\/stoic-curie.212-227-153-4.plesk.page\/pt\/wp-json\/wp\/v2\/comments?post=747422"}],"version-history":[{"count":0,"href":"https:\/\/stoic-curie.212-227-153-4.plesk.page\/pt\/wp-json\/wp\/v2\/product\/747422\/revisions"}],"wp:featuredmedia":[{"embeddable":true,"href":"https:\/\/stoic-curie.212-227-153-4.plesk.page\/pt\/wp-json\/wp\/v2\/media\/5939498"}],"wp:attachment":[{"href":"https:\/\/stoic-curie.212-227-153-4.plesk.page\/pt\/wp-json\/wp\/v2\/media?parent=747422"}],"wp:term":[{"taxonomy":"product_brand","embeddable":true,"href":"https:\/\/stoic-curie.212-227-153-4.plesk.page\/pt\/wp-json\/wp\/v2\/product_brand?post=747422"},{"taxonomy":"product_cat","embeddable":true,"href":"https:\/\/stoic-curie.212-227-153-4.plesk.page\/pt\/wp-json\/wp\/v2\/product_cat?post=747422"},{"taxonomy":"product_tag","embeddable":true,"href":"https:\/\/stoic-curie.212-227-153-4.plesk.page\/pt\/wp-json\/wp\/v2\/product_tag?post=747422"}],"curies":[{"name":"wp","href":"https:\/\/api.w.org\/{rel}","templated":true}]}}