{"id":747424,"date":"2025-03-03T20:57:54","date_gmt":"2025-03-03T19:57:54","guid":{"rendered":"https:\/\/stoic-curie.212-227-153-4.plesk.page\/producto\/velocimetro-uflex-ultra-branco-12-24v-85mm-50kn\/"},"modified":"2026-02-25T00:27:52","modified_gmt":"2026-02-25T00:27:52","slug":"velocimetro-uflex-ultra-branco-12-24v-85mm-50kn","status":"publish","type":"product","link":"https:\/\/stoic-curie.212-227-153-4.plesk.page\/pt\/product\/velocimetro-uflex-ultra-branco-12-24v-85mm-50kn\/","title":{"rendered":"Veloc\u00edmetro Uflex Ultra Branco 12\/24V 85mm &#8211; 50kn"},"content":{"rendered":"<p>Veloc\u00edmetro Uflex Ultra Branco 12\/24V 85mm &#8211; 50kn &#8211; <\/p>\n<p>Instrumentos Uflex IP67 \u00e0 prova d&#8217;\u00e1gua com lente antitera\u00e7\u00e3o refor\u00e7ada de camada dupla. Moldura pl\u00e1stica preta e mostrador branco. Tens\u00e3o universal de 12\/24V com luz de fundo personalizada em vermelho ou amarelo. Instala\u00e7\u00e3o plug and play completa com conector Molex com fio. Todos os indicadores de press\u00e3o, temperatura, n\u00edvel e \u00e2ngulo devem ser completados com sensores. O indicador de velocidade GPS \u00e9 fornecido com receptor e antena.<\/p>\n","protected":false},"excerpt":{"rendered":"<p>Veloc\u00edmetro Uflex Ultra Branco 12\/24V 85mm &#8211; 50kn &#8211; Instrumentos Uflex IP67 \u00e0 prova d&#8217;\u00e1gua com lente antitera\u00e7\u00e3o refor\u00e7ada de<\/p>\n","protected":false},"featured_media":5939511,"comment_status":"open","ping_status":"closed","template":"","meta":[],"product_brand":[3502],"product_cat":[2094],"product_tag":[],"class_list":{"0":"post-747424","1":"product","2":"type-product","3":"status-publish","4":"has-post-thumbnail","6":"product_brand-ultraflex-uflex-pt","7":"product_cat-manometros-uflex","9":"first","10":"instock","11":"shipping-taxable","12":"purchasable","13":"product-type-simple"},"_links":{"self":[{"href":"https:\/\/stoic-curie.212-227-153-4.plesk.page\/pt\/wp-json\/wp\/v2\/product\/747424","targetHints":{"allow":["GET"]}}],"collection":[{"href":"https:\/\/stoic-curie.212-227-153-4.plesk.page\/pt\/wp-json\/wp\/v2\/product"}],"about":[{"href":"https:\/\/stoic-curie.212-227-153-4.plesk.page\/pt\/wp-json\/wp\/v2\/types\/product"}],"replies":[{"embeddable":true,"href":"https:\/\/stoic-curie.212-227-153-4.plesk.page\/pt\/wp-json\/wp\/v2\/comments?post=747424"}],"version-history":[{"count":0,"href":"https:\/\/stoic-curie.212-227-153-4.plesk.page\/pt\/wp-json\/wp\/v2\/product\/747424\/revisions"}],"wp:featuredmedia":[{"embeddable":true,"href":"https:\/\/stoic-curie.212-227-153-4.plesk.page\/pt\/wp-json\/wp\/v2\/media\/5939511"}],"wp:attachment":[{"href":"https:\/\/stoic-curie.212-227-153-4.plesk.page\/pt\/wp-json\/wp\/v2\/media?parent=747424"}],"wp:term":[{"taxonomy":"product_brand","embeddable":true,"href":"https:\/\/stoic-curie.212-227-153-4.plesk.page\/pt\/wp-json\/wp\/v2\/product_brand?post=747424"},{"taxonomy":"product_cat","embeddable":true,"href":"https:\/\/stoic-curie.212-227-153-4.plesk.page\/pt\/wp-json\/wp\/v2\/product_cat?post=747424"},{"taxonomy":"product_tag","embeddable":true,"href":"https:\/\/stoic-curie.212-227-153-4.plesk.page\/pt\/wp-json\/wp\/v2\/product_tag?post=747424"}],"curies":[{"name":"wp","href":"https:\/\/api.w.org\/{rel}","templated":true}]}}