{"id":747425,"date":"2025-03-03T20:57:54","date_gmt":"2025-03-03T19:57:54","guid":{"rendered":"https:\/\/stoic-curie.212-227-153-4.plesk.page\/producto\/amperimetro-com-shunt-uflex-ultra-branco-60a-60a-52mm\/"},"modified":"2026-02-25T00:27:52","modified_gmt":"2026-02-25T00:27:52","slug":"amperimetro-com-shunt-uflex-ultra-branco-60a-60a-52mm","status":"publish","type":"product","link":"https:\/\/stoic-curie.212-227-153-4.plesk.page\/pt\/product\/amperimetro-com-shunt-uflex-ultra-branco-60a-60a-52mm\/","title":{"rendered":"Amper\u00edmetro com Shunt Uflex Ultra Branco -60a +60a 52mm"},"content":{"rendered":"<p>Amper\u00edmetro com Shunt Uflex Ultra Branco -60a +60a 52mm &#8211; <\/p>\n<p>Instrumentos Uflex IP67 \u00e0 prova d&#8217;\u00e1gua com lente de dupla camada refor\u00e7ada contra condensa\u00e7\u00e3o. Bisel preto de pl\u00e1stico e mostrador branco. Tens\u00e3o universal 12\/24V com retroilumina\u00e7\u00e3o vermelha ou amarela personaliz\u00e1vel. Instala\u00e7\u00e3o plug and play completa com conector Molex com fio. Todos os indicadores de press\u00e3o, temperatura, n\u00edvel e \u00e2ngulo devem ser equipados com sensores. O indicador de velocidade GPS \u00e9 completo com receptor e antena.<\/p>\n","protected":false},"excerpt":{"rendered":"<p>Amper\u00edmetro com Shunt Uflex Ultra Branco -60a +60a 52mm &#8211; Instrumentos Uflex IP67 \u00e0 prova d&#8217;\u00e1gua com lente de dupla<\/p>\n","protected":false},"featured_media":5936072,"comment_status":"open","ping_status":"closed","template":"","meta":[],"product_brand":[3502],"product_cat":[2016,2094],"product_tag":[],"class_list":{"0":"post-747425","1":"product","2":"type-product","3":"status-publish","4":"has-post-thumbnail","6":"product_brand-ultraflex-uflex-pt","7":"product_cat-baterias-equipamento-eletrico","8":"product_cat-manometros-uflex","10":"first","11":"instock","12":"shipping-taxable","13":"purchasable","14":"product-type-simple"},"_links":{"self":[{"href":"https:\/\/stoic-curie.212-227-153-4.plesk.page\/pt\/wp-json\/wp\/v2\/product\/747425","targetHints":{"allow":["GET"]}}],"collection":[{"href":"https:\/\/stoic-curie.212-227-153-4.plesk.page\/pt\/wp-json\/wp\/v2\/product"}],"about":[{"href":"https:\/\/stoic-curie.212-227-153-4.plesk.page\/pt\/wp-json\/wp\/v2\/types\/product"}],"replies":[{"embeddable":true,"href":"https:\/\/stoic-curie.212-227-153-4.plesk.page\/pt\/wp-json\/wp\/v2\/comments?post=747425"}],"version-history":[{"count":0,"href":"https:\/\/stoic-curie.212-227-153-4.plesk.page\/pt\/wp-json\/wp\/v2\/product\/747425\/revisions"}],"wp:featuredmedia":[{"embeddable":true,"href":"https:\/\/stoic-curie.212-227-153-4.plesk.page\/pt\/wp-json\/wp\/v2\/media\/5936072"}],"wp:attachment":[{"href":"https:\/\/stoic-curie.212-227-153-4.plesk.page\/pt\/wp-json\/wp\/v2\/media?parent=747425"}],"wp:term":[{"taxonomy":"product_brand","embeddable":true,"href":"https:\/\/stoic-curie.212-227-153-4.plesk.page\/pt\/wp-json\/wp\/v2\/product_brand?post=747425"},{"taxonomy":"product_cat","embeddable":true,"href":"https:\/\/stoic-curie.212-227-153-4.plesk.page\/pt\/wp-json\/wp\/v2\/product_cat?post=747425"},{"taxonomy":"product_tag","embeddable":true,"href":"https:\/\/stoic-curie.212-227-153-4.plesk.page\/pt\/wp-json\/wp\/v2\/product_tag?post=747425"}],"curies":[{"name":"wp","href":"https:\/\/api.w.org\/{rel}","templated":true}]}}