{"id":747426,"date":"2025-03-03T20:57:54","date_gmt":"2025-03-03T19:57:54","guid":{"rendered":"https:\/\/stoic-curie.212-227-153-4.plesk.page\/producto\/indicador-de-angulo-do-leme-uflex-ultra-white-85mm\/"},"modified":"2026-02-25T00:27:52","modified_gmt":"2026-02-25T00:27:52","slug":"indicador-de-angulo-do-leme-uflex-ultra-white-85mm","status":"publish","type":"product","link":"https:\/\/stoic-curie.212-227-153-4.plesk.page\/pt\/product\/indicador-de-angulo-do-leme-uflex-ultra-white-85mm\/","title":{"rendered":"Indicador de \u00c2ngulo do Leme Uflex Ultra White 85mm"},"content":{"rendered":"<p>Indicador de \u00c2ngulo do Leme Uflex Ultra White 85mm &#8211; <\/p>\n<p>Instrumentos Uflex \u00e0 prova d&#8217;\u00e1gua IP67 com lente anti-condensa\u00e7\u00e3o refor\u00e7ada de dupla camada. Moldura preta de pl\u00e1stico e mostrador branco. Tens\u00e3o universal de 12\/24V com luz de fundo personaliz\u00e1vel em vermelho ou amarelo. Instala\u00e7\u00e3o plug and play completa com conector Molex com fio. Todos os mostradores de press\u00e3o, temperatura, n\u00edvel e \u00e2ngulo devem ser complementados com sensores. O indicador de velocidade GPS vem completo com receptor e antena.<\/p>\n","protected":false},"excerpt":{"rendered":"<p>Indicador de \u00c2ngulo do Leme Uflex Ultra White 85mm &#8211; Instrumentos Uflex \u00e0 prova d&#8217;\u00e1gua IP67 com lente anti-condensa\u00e7\u00e3o refor\u00e7ada<\/p>\n","protected":false},"featured_media":5936072,"comment_status":"open","ping_status":"closed","template":"","meta":[],"product_brand":[3502],"product_cat":[2094],"product_tag":[],"class_list":{"0":"post-747426","1":"product","2":"type-product","3":"status-publish","4":"has-post-thumbnail","6":"product_brand-ultraflex-uflex-pt","7":"product_cat-manometros-uflex","9":"first","10":"instock","11":"shipping-taxable","12":"purchasable","13":"product-type-simple"},"_links":{"self":[{"href":"https:\/\/stoic-curie.212-227-153-4.plesk.page\/pt\/wp-json\/wp\/v2\/product\/747426","targetHints":{"allow":["GET"]}}],"collection":[{"href":"https:\/\/stoic-curie.212-227-153-4.plesk.page\/pt\/wp-json\/wp\/v2\/product"}],"about":[{"href":"https:\/\/stoic-curie.212-227-153-4.plesk.page\/pt\/wp-json\/wp\/v2\/types\/product"}],"replies":[{"embeddable":true,"href":"https:\/\/stoic-curie.212-227-153-4.plesk.page\/pt\/wp-json\/wp\/v2\/comments?post=747426"}],"version-history":[{"count":0,"href":"https:\/\/stoic-curie.212-227-153-4.plesk.page\/pt\/wp-json\/wp\/v2\/product\/747426\/revisions"}],"wp:featuredmedia":[{"embeddable":true,"href":"https:\/\/stoic-curie.212-227-153-4.plesk.page\/pt\/wp-json\/wp\/v2\/media\/5936072"}],"wp:attachment":[{"href":"https:\/\/stoic-curie.212-227-153-4.plesk.page\/pt\/wp-json\/wp\/v2\/media?parent=747426"}],"wp:term":[{"taxonomy":"product_brand","embeddable":true,"href":"https:\/\/stoic-curie.212-227-153-4.plesk.page\/pt\/wp-json\/wp\/v2\/product_brand?post=747426"},{"taxonomy":"product_cat","embeddable":true,"href":"https:\/\/stoic-curie.212-227-153-4.plesk.page\/pt\/wp-json\/wp\/v2\/product_cat?post=747426"},{"taxonomy":"product_tag","embeddable":true,"href":"https:\/\/stoic-curie.212-227-153-4.plesk.page\/pt\/wp-json\/wp\/v2\/product_tag?post=747426"}],"curies":[{"name":"wp","href":"https:\/\/api.w.org\/{rel}","templated":true}]}}