{"id":747436,"date":"2025-03-03T20:57:58","date_gmt":"2025-03-03T19:57:58","guid":{"rendered":"https:\/\/stoic-curie.212-227-153-4.plesk.page\/producto\/estacao-meteorologica-de-latao-polido-com-revestimento-de-zirconio-360x150mm\/"},"modified":"2026-02-25T00:27:52","modified_gmt":"2026-02-25T00:27:52","slug":"estacao-meteorologica-de-latao-polido-com-revestimento-de-zirconio-360x150mm","status":"publish","type":"product","link":"https:\/\/stoic-curie.212-227-153-4.plesk.page\/pt\/product\/estacao-meteorologica-de-latao-polido-com-revestimento-de-zirconio-360x150mm\/","title":{"rendered":"Esta\u00e7\u00e3o Meteorol\u00f3gica de Lat\u00e3o Polido com Revestimento de Zirc\u00f3nio 360x150mm"},"content":{"rendered":"<p>Esta\u00e7\u00e3o Meteorol\u00f3gica de Lat\u00e3o Polido com Revestimento de Zirc\u00f3nio 360x150mm &#8211; <\/p>\n<p>Esta\u00e7\u00e3o meteorol\u00f3gica com instrumentos de zirc\u00f4nio revestidos de lat\u00e3o polido. Bar\u00f4metro, rel\u00f3gio e termo\/higr\u00f4metro montados em uma placa de madeira preciosa. A esta\u00e7\u00e3o horizontal \u00e9 fornecida com uma base de suporte para mesa. Di\u00e2metro dos instrumentos 100 mm.<\/p>\n","protected":false},"excerpt":{"rendered":"<p>Esta\u00e7\u00e3o Meteorol\u00f3gica de Lat\u00e3o Polido com Revestimento de Zirc\u00f3nio 360x150mm &#8211; Esta\u00e7\u00e3o meteorol\u00f3gica com instrumentos de zirc\u00f4nio revestidos de lat\u00e3o<\/p>\n","protected":false},"featured_media":5939523,"comment_status":"open","ping_status":"closed","template":"","meta":[],"product_brand":[2947],"product_cat":[1927,2064],"product_tag":[],"class_list":{"0":"post-747436","1":"product","2":"type-product","3":"status-publish","4":"has-post-thumbnail","6":"product_brand-foresti-suardi-pt","7":"product_cat-decoracao-nautica","8":"product_cat-instrumentos-nauticos","10":"first","11":"instock","12":"shipping-taxable","13":"purchasable","14":"product-type-simple"},"_links":{"self":[{"href":"https:\/\/stoic-curie.212-227-153-4.plesk.page\/pt\/wp-json\/wp\/v2\/product\/747436","targetHints":{"allow":["GET"]}}],"collection":[{"href":"https:\/\/stoic-curie.212-227-153-4.plesk.page\/pt\/wp-json\/wp\/v2\/product"}],"about":[{"href":"https:\/\/stoic-curie.212-227-153-4.plesk.page\/pt\/wp-json\/wp\/v2\/types\/product"}],"replies":[{"embeddable":true,"href":"https:\/\/stoic-curie.212-227-153-4.plesk.page\/pt\/wp-json\/wp\/v2\/comments?post=747436"}],"version-history":[{"count":0,"href":"https:\/\/stoic-curie.212-227-153-4.plesk.page\/pt\/wp-json\/wp\/v2\/product\/747436\/revisions"}],"wp:featuredmedia":[{"embeddable":true,"href":"https:\/\/stoic-curie.212-227-153-4.plesk.page\/pt\/wp-json\/wp\/v2\/media\/5939523"}],"wp:attachment":[{"href":"https:\/\/stoic-curie.212-227-153-4.plesk.page\/pt\/wp-json\/wp\/v2\/media?parent=747436"}],"wp:term":[{"taxonomy":"product_brand","embeddable":true,"href":"https:\/\/stoic-curie.212-227-153-4.plesk.page\/pt\/wp-json\/wp\/v2\/product_brand?post=747436"},{"taxonomy":"product_cat","embeddable":true,"href":"https:\/\/stoic-curie.212-227-153-4.plesk.page\/pt\/wp-json\/wp\/v2\/product_cat?post=747436"},{"taxonomy":"product_tag","embeddable":true,"href":"https:\/\/stoic-curie.212-227-153-4.plesk.page\/pt\/wp-json\/wp\/v2\/product_tag?post=747436"}],"curies":[{"name":"wp","href":"https:\/\/api.w.org\/{rel}","templated":true}]}}