{"id":747437,"date":"2025-03-03T20:57:59","date_gmt":"2025-03-03T19:57:59","guid":{"rendered":"https:\/\/stoic-curie.212-227-153-4.plesk.page\/producto\/indicador-de-vento-windex-15\/"},"modified":"2026-02-25T00:27:52","modified_gmt":"2026-02-25T00:27:52","slug":"indicador-de-vento-windex-15","status":"publish","type":"product","link":"https:\/\/stoic-curie.212-227-153-4.plesk.page\/pt\/product\/indicador-de-vento-windex-15\/","title":{"rendered":"Indicador de Vento Windex 15"},"content":{"rendered":"<p>Indicador de Vento Windex 15 &#8211; <\/p>\n<p>O indicador de dire\u00e7\u00e3o do vento Windex fornece informa\u00e7\u00f5es precisas sobre a dire\u00e7\u00e3o do vento aparente. Suspens\u00e3o com rolamento de safira, marcas de refer\u00eancia que se refletem de baixo e ajust\u00e1veis no \u00e2ngulo do vento. Luz noturna LED opcional para todos os modelos, pico para aves opcional apenas para o modelo de 15&#8243;.<\/p>\n","protected":false},"excerpt":{"rendered":"<p>Indicador de Vento Windex 15 &#8211; O indicador de dire\u00e7\u00e3o do vento Windex fornece informa\u00e7\u00f5es precisas sobre a dire\u00e7\u00e3o do<\/p>\n","protected":false},"featured_media":5939527,"comment_status":"open","ping_status":"closed","template":"","meta":[],"product_brand":[2270,3542],"product_cat":[2058,2063],"product_tag":[],"class_list":{"0":"post-747437","1":"product","2":"type-product","3":"status-publish","4":"has-post-thumbnail","6":"product_brand-windex","7":"product_brand-windex-pt","8":"product_cat-acessorios-para-veleiro","9":"product_cat-equipamento-de-sinalizacao","11":"first","12":"instock","13":"shipping-taxable","14":"purchasable","15":"product-type-simple"},"_links":{"self":[{"href":"https:\/\/stoic-curie.212-227-153-4.plesk.page\/pt\/wp-json\/wp\/v2\/product\/747437","targetHints":{"allow":["GET"]}}],"collection":[{"href":"https:\/\/stoic-curie.212-227-153-4.plesk.page\/pt\/wp-json\/wp\/v2\/product"}],"about":[{"href":"https:\/\/stoic-curie.212-227-153-4.plesk.page\/pt\/wp-json\/wp\/v2\/types\/product"}],"replies":[{"embeddable":true,"href":"https:\/\/stoic-curie.212-227-153-4.plesk.page\/pt\/wp-json\/wp\/v2\/comments?post=747437"}],"version-history":[{"count":0,"href":"https:\/\/stoic-curie.212-227-153-4.plesk.page\/pt\/wp-json\/wp\/v2\/product\/747437\/revisions"}],"wp:featuredmedia":[{"embeddable":true,"href":"https:\/\/stoic-curie.212-227-153-4.plesk.page\/pt\/wp-json\/wp\/v2\/media\/5939527"}],"wp:attachment":[{"href":"https:\/\/stoic-curie.212-227-153-4.plesk.page\/pt\/wp-json\/wp\/v2\/media?parent=747437"}],"wp:term":[{"taxonomy":"product_brand","embeddable":true,"href":"https:\/\/stoic-curie.212-227-153-4.plesk.page\/pt\/wp-json\/wp\/v2\/product_brand?post=747437"},{"taxonomy":"product_cat","embeddable":true,"href":"https:\/\/stoic-curie.212-227-153-4.plesk.page\/pt\/wp-json\/wp\/v2\/product_cat?post=747437"},{"taxonomy":"product_tag","embeddable":true,"href":"https:\/\/stoic-curie.212-227-153-4.plesk.page\/pt\/wp-json\/wp\/v2\/product_tag?post=747437"}],"curies":[{"name":"wp","href":"https:\/\/api.w.org\/{rel}","templated":true}]}}