{"id":747439,"date":"2025-03-03T20:57:59","date_gmt":"2025-03-03T19:57:59","guid":{"rendered":"https:\/\/stoic-curie.212-227-153-4.plesk.page\/producto\/anemometro-termometro-e-higrometro-skywatch-atmos\/"},"modified":"2026-02-25T00:27:52","modified_gmt":"2026-02-25T00:27:52","slug":"anemometro-termometro-e-higrometro-skywatch-atmos","status":"publish","type":"product","link":"https:\/\/stoic-curie.212-227-153-4.plesk.page\/pt\/product\/anemometro-termometro-e-higrometro-skywatch-atmos\/","title":{"rendered":"Anem\u00f3metro, Term\u00f3metro e Higr\u00f3metro Skywatch Atmos"},"content":{"rendered":"<p>Anem\u00f3metro, Term\u00f3metro e Higr\u00f3metro Skywatch Atmos &#8211; <\/p>\n<p>Anem\u00f4metro, term\u00f4metro e higr\u00f4metro, tudo em um s\u00f3 instrumento. Perfeito para medir com precis\u00e3o o vento, a temperatura e a umidade. Calcula o fator de resfriamento do vento. A tela LCD \u00e9 dividida em tr\u00eas partes: velocidade do vento \u2013 umidade \u2013 temperatura.<\/p>\n","protected":false},"excerpt":{"rendered":"<p>Anem\u00f3metro, Term\u00f3metro e Higr\u00f3metro Skywatch Atmos &#8211; Anem\u00f4metro, term\u00f4metro e higr\u00f4metro, tudo em um s\u00f3 instrumento. Perfeito para medir com<\/p>\n","protected":false},"featured_media":5939535,"comment_status":"open","ping_status":"closed","template":"","meta":[],"product_brand":[3407],"product_cat":[2031,2064],"product_tag":[],"class_list":{"0":"post-747439","1":"product","2":"type-product","3":"status-publish","4":"has-post-thumbnail","6":"product_brand-skywatch-pt","7":"product_cat-equipamento-eletronico","8":"product_cat-instrumentos-nauticos","10":"first","11":"instock","12":"shipping-taxable","13":"purchasable","14":"product-type-simple"},"_links":{"self":[{"href":"https:\/\/stoic-curie.212-227-153-4.plesk.page\/pt\/wp-json\/wp\/v2\/product\/747439","targetHints":{"allow":["GET"]}}],"collection":[{"href":"https:\/\/stoic-curie.212-227-153-4.plesk.page\/pt\/wp-json\/wp\/v2\/product"}],"about":[{"href":"https:\/\/stoic-curie.212-227-153-4.plesk.page\/pt\/wp-json\/wp\/v2\/types\/product"}],"replies":[{"embeddable":true,"href":"https:\/\/stoic-curie.212-227-153-4.plesk.page\/pt\/wp-json\/wp\/v2\/comments?post=747439"}],"version-history":[{"count":0,"href":"https:\/\/stoic-curie.212-227-153-4.plesk.page\/pt\/wp-json\/wp\/v2\/product\/747439\/revisions"}],"wp:featuredmedia":[{"embeddable":true,"href":"https:\/\/stoic-curie.212-227-153-4.plesk.page\/pt\/wp-json\/wp\/v2\/media\/5939535"}],"wp:attachment":[{"href":"https:\/\/stoic-curie.212-227-153-4.plesk.page\/pt\/wp-json\/wp\/v2\/media?parent=747439"}],"wp:term":[{"taxonomy":"product_brand","embeddable":true,"href":"https:\/\/stoic-curie.212-227-153-4.plesk.page\/pt\/wp-json\/wp\/v2\/product_brand?post=747439"},{"taxonomy":"product_cat","embeddable":true,"href":"https:\/\/stoic-curie.212-227-153-4.plesk.page\/pt\/wp-json\/wp\/v2\/product_cat?post=747439"},{"taxonomy":"product_tag","embeddable":true,"href":"https:\/\/stoic-curie.212-227-153-4.plesk.page\/pt\/wp-json\/wp\/v2\/product_tag?post=747439"}],"curies":[{"name":"wp","href":"https:\/\/api.w.org\/{rel}","templated":true}]}}