{"id":747440,"date":"2025-03-03T20:58:00","date_gmt":"2025-03-03T19:58:00","guid":{"rendered":"https:\/\/stoic-curie.212-227-153-4.plesk.page\/producto\/bussola-de-navegacao-riviera-bz2-standard-preto\/"},"modified":"2026-02-25T00:27:52","modified_gmt":"2026-02-25T00:27:52","slug":"bussola-de-navegacao-riviera-bz2-standard-preto","status":"publish","type":"product","link":"https:\/\/stoic-curie.212-227-153-4.plesk.page\/pt\/product\/bussola-de-navegacao-riviera-bz2-standard-preto\/","title":{"rendered":"B\u00fassola de Navega\u00e7\u00e3o Riviera BZ2 Standard &#8211; Preto"},"content":{"rendered":"<p>B\u00fassola de Navega\u00e7\u00e3o Riviera BZ2 Standard &#8211; Preto &#8211; <\/p>\n<p>Br\u00fajula de montagem Zenith BZ1 com tela antirreflexo.<br \/>Vers\u00e3o padr\u00e3o e de alta velocidade para barcos r\u00e1pidos.<br \/>\u2022 Configura\u00e7\u00e3o de compensa\u00e7\u00e3o embutida<br \/>\u2022 Gimbal interno<br \/>\u2022 Ilumina\u00e7\u00e3o: 12V (24V sob consulta)<br \/>\u2022 Di\u00e2metro aparente do cart\u00e3o 3&#8242; &#8211; 80 mm<br \/>\u2022 Leitura invertida (gradua\u00e7\u00e3o do cart\u00e3o 5\u00b0)<br \/>\u2022 Para barcos padr\u00e3o e de alta velocidade<br \/>\u2022 Garantia de 3 anos<br \/>* Certifica\u00e7\u00e3o MED (se necess\u00e1rio) deve ser solicitada antes da compra.<\/p>\n","protected":false},"excerpt":{"rendered":"<p>B\u00fassola de Navega\u00e7\u00e3o Riviera BZ2 Standard &#8211; Preto &#8211; Br\u00fajula de montagem Zenith BZ1 com tela antirreflexo.Vers\u00e3o padr\u00e3o e de<\/p>\n","protected":false},"featured_media":5939538,"comment_status":"open","ping_status":"closed","template":"","meta":[],"product_brand":[3307],"product_cat":[2067],"product_tag":[],"class_list":{"0":"post-747440","1":"product","2":"type-product","3":"status-publish","4":"has-post-thumbnail","6":"product_brand-riviera-pt","7":"product_cat-bussola-de-navegacao","9":"first","10":"instock","11":"shipping-taxable","12":"purchasable","13":"product-type-simple"},"_links":{"self":[{"href":"https:\/\/stoic-curie.212-227-153-4.plesk.page\/pt\/wp-json\/wp\/v2\/product\/747440","targetHints":{"allow":["GET"]}}],"collection":[{"href":"https:\/\/stoic-curie.212-227-153-4.plesk.page\/pt\/wp-json\/wp\/v2\/product"}],"about":[{"href":"https:\/\/stoic-curie.212-227-153-4.plesk.page\/pt\/wp-json\/wp\/v2\/types\/product"}],"replies":[{"embeddable":true,"href":"https:\/\/stoic-curie.212-227-153-4.plesk.page\/pt\/wp-json\/wp\/v2\/comments?post=747440"}],"version-history":[{"count":0,"href":"https:\/\/stoic-curie.212-227-153-4.plesk.page\/pt\/wp-json\/wp\/v2\/product\/747440\/revisions"}],"wp:featuredmedia":[{"embeddable":true,"href":"https:\/\/stoic-curie.212-227-153-4.plesk.page\/pt\/wp-json\/wp\/v2\/media\/5939538"}],"wp:attachment":[{"href":"https:\/\/stoic-curie.212-227-153-4.plesk.page\/pt\/wp-json\/wp\/v2\/media?parent=747440"}],"wp:term":[{"taxonomy":"product_brand","embeddable":true,"href":"https:\/\/stoic-curie.212-227-153-4.plesk.page\/pt\/wp-json\/wp\/v2\/product_brand?post=747440"},{"taxonomy":"product_cat","embeddable":true,"href":"https:\/\/stoic-curie.212-227-153-4.plesk.page\/pt\/wp-json\/wp\/v2\/product_cat?post=747440"},{"taxonomy":"product_tag","embeddable":true,"href":"https:\/\/stoic-curie.212-227-153-4.plesk.page\/pt\/wp-json\/wp\/v2\/product_tag?post=747440"}],"curies":[{"name":"wp","href":"https:\/\/api.w.org\/{rel}","templated":true}]}}