{"id":747445,"date":"2025-03-03T20:58:03","date_gmt":"2025-03-03T19:58:03","guid":{"rendered":"https:\/\/stoic-curie.212-227-153-4.plesk.page\/producto\/bussola-de-navegacao-riviera-urania-bu2-padrao-preto-5gr\/"},"modified":"2026-02-25T00:27:52","modified_gmt":"2026-02-25T00:27:52","slug":"bussola-de-navegacao-riviera-urania-bu2-padrao-preto-5gr","status":"publish","type":"product","link":"https:\/\/stoic-curie.212-227-153-4.plesk.page\/pt\/product\/bussola-de-navegacao-riviera-urania-bu2-padrao-preto-5gr\/","title":{"rendered":"B\u00fassola de Navega\u00e7\u00e3o Riviera Urania Bu2 Padr\u00e3o &#8211; Preto 5gr"},"content":{"rendered":"<p>B\u00fassola de Navega\u00e7\u00e3o Riviera Urania Bu2 Padr\u00e3o &#8211; Preto 5gr &#8211; <\/p>\n<p>Br\u00fajula montada na cubierta Urania BU2 com tela anti-reflexo. Vers\u00e3o padr\u00e3o e de alta velocidade para barcos r\u00e1pidos. <br \/>\u2022 Configura\u00e7\u00e3o de compensa\u00e7\u00e3o embutida <br \/>\u2022 Gimbal interno <br \/>\u2022 Ilumina\u00e7\u00e3o: 12V (24V sob solicita\u00e7\u00e3o) <br \/>\u2022 Di\u00e2metro vis\u00edvel do mostrador 4\u2033 &#8211; 100 mm <br \/>\u2022 Leitura traseira (gradu\u00e7\u00e3o do mostrador 5\u00b0 &#8211; 2\u00b0) <br \/>\u2022 Para barcos padr\u00e3o e de alta velocidade <br \/>\u2022 Aprovado para barcos de recreio e comerciais at\u00e9 150t <br \/>\u2022 A b\u00fassola 2503914 vem com certifica\u00e7\u00e3o de teste R.I.N.a. <br \/>\u2022 Garantia de 3 anos <br \/>* Certifica\u00e7\u00e3o MED (se necess\u00e1rio) deve ser solicitada antes da compra<\/p>\n","protected":false},"excerpt":{"rendered":"<p>B\u00fassola de Navega\u00e7\u00e3o Riviera Urania Bu2 Padr\u00e3o &#8211; Preto 5gr &#8211; Br\u00fajula montada na cubierta Urania BU2 com tela anti-reflexo.<\/p>\n","protected":false},"featured_media":5939542,"comment_status":"open","ping_status":"closed","template":"","meta":[],"product_brand":[3307],"product_cat":[2067],"product_tag":[],"class_list":{"0":"post-747445","1":"product","2":"type-product","3":"status-publish","4":"has-post-thumbnail","6":"product_brand-riviera-pt","7":"product_cat-bussola-de-navegacao","9":"first","10":"instock","11":"shipping-taxable","12":"purchasable","13":"product-type-simple"},"_links":{"self":[{"href":"https:\/\/stoic-curie.212-227-153-4.plesk.page\/pt\/wp-json\/wp\/v2\/product\/747445","targetHints":{"allow":["GET"]}}],"collection":[{"href":"https:\/\/stoic-curie.212-227-153-4.plesk.page\/pt\/wp-json\/wp\/v2\/product"}],"about":[{"href":"https:\/\/stoic-curie.212-227-153-4.plesk.page\/pt\/wp-json\/wp\/v2\/types\/product"}],"replies":[{"embeddable":true,"href":"https:\/\/stoic-curie.212-227-153-4.plesk.page\/pt\/wp-json\/wp\/v2\/comments?post=747445"}],"version-history":[{"count":0,"href":"https:\/\/stoic-curie.212-227-153-4.plesk.page\/pt\/wp-json\/wp\/v2\/product\/747445\/revisions"}],"wp:featuredmedia":[{"embeddable":true,"href":"https:\/\/stoic-curie.212-227-153-4.plesk.page\/pt\/wp-json\/wp\/v2\/media\/5939542"}],"wp:attachment":[{"href":"https:\/\/stoic-curie.212-227-153-4.plesk.page\/pt\/wp-json\/wp\/v2\/media?parent=747445"}],"wp:term":[{"taxonomy":"product_brand","embeddable":true,"href":"https:\/\/stoic-curie.212-227-153-4.plesk.page\/pt\/wp-json\/wp\/v2\/product_brand?post=747445"},{"taxonomy":"product_cat","embeddable":true,"href":"https:\/\/stoic-curie.212-227-153-4.plesk.page\/pt\/wp-json\/wp\/v2\/product_cat?post=747445"},{"taxonomy":"product_tag","embeddable":true,"href":"https:\/\/stoic-curie.212-227-153-4.plesk.page\/pt\/wp-json\/wp\/v2\/product_tag?post=747445"}],"curies":[{"name":"wp","href":"https:\/\/api.w.org\/{rel}","templated":true}]}}