{"id":747457,"date":"2025-03-03T20:58:09","date_gmt":"2025-03-03T19:58:09","guid":{"rendered":"https:\/\/stoic-curie.212-227-153-4.plesk.page\/producto\/estojo-prisma-riviera\/"},"modified":"2026-02-25T00:27:52","modified_gmt":"2026-02-25T00:27:52","slug":"estojo-prisma-riviera","status":"publish","type":"product","link":"https:\/\/stoic-curie.212-227-153-4.plesk.page\/pt\/product\/estojo-prisma-riviera\/","title":{"rendered":"Estojo Prisma Riviera"},"content":{"rendered":"<p>Estojo Prisma Riviera &#8211; <\/p>\n<p>Compasso manual Riviera Prisma, muito preciso e confi\u00e1vel. <br \/>\u2022 Suspens\u00e3o por pino <br \/>\u2022 Leitura com lente prism\u00e1tica, gradua\u00e7\u00e3o de carta de 1\u00b0 <br \/>\u2022 Di\u00e2metro aparente do cart\u00e3o: 2\u00e2\u0080\u009d 1\/4 (57,5mm) <br \/>\u2022 Armadilha para bolhas de ar <br \/>\u2022 Ilumina\u00e7\u00e3o a bateria inclu\u00edda <br \/>\u2022 Capas opcionais de tecido acolchoado ou madeira de b\u00e9tula<\/p>\n","protected":false},"excerpt":{"rendered":"<p>Estojo Prisma Riviera &#8211; Compasso manual Riviera Prisma, muito preciso e confi\u00e1vel. \u2022 Suspens\u00e3o por pino \u2022 Leitura com lente<\/p>\n","protected":false},"featured_media":5939551,"comment_status":"open","ping_status":"closed","template":"","meta":[],"product_brand":[3307],"product_cat":[2067,2062],"product_tag":[],"class_list":{"0":"post-747457","1":"product","2":"type-product","3":"status-publish","4":"has-post-thumbnail","6":"product_brand-riviera-pt","7":"product_cat-bussola-de-navegacao","8":"product_cat-bussolas-maritimas-portateis","10":"first","11":"instock","12":"shipping-taxable","13":"purchasable","14":"product-type-simple"},"_links":{"self":[{"href":"https:\/\/stoic-curie.212-227-153-4.plesk.page\/pt\/wp-json\/wp\/v2\/product\/747457","targetHints":{"allow":["GET"]}}],"collection":[{"href":"https:\/\/stoic-curie.212-227-153-4.plesk.page\/pt\/wp-json\/wp\/v2\/product"}],"about":[{"href":"https:\/\/stoic-curie.212-227-153-4.plesk.page\/pt\/wp-json\/wp\/v2\/types\/product"}],"replies":[{"embeddable":true,"href":"https:\/\/stoic-curie.212-227-153-4.plesk.page\/pt\/wp-json\/wp\/v2\/comments?post=747457"}],"version-history":[{"count":0,"href":"https:\/\/stoic-curie.212-227-153-4.plesk.page\/pt\/wp-json\/wp\/v2\/product\/747457\/revisions"}],"wp:featuredmedia":[{"embeddable":true,"href":"https:\/\/stoic-curie.212-227-153-4.plesk.page\/pt\/wp-json\/wp\/v2\/media\/5939551"}],"wp:attachment":[{"href":"https:\/\/stoic-curie.212-227-153-4.plesk.page\/pt\/wp-json\/wp\/v2\/media?parent=747457"}],"wp:term":[{"taxonomy":"product_brand","embeddable":true,"href":"https:\/\/stoic-curie.212-227-153-4.plesk.page\/pt\/wp-json\/wp\/v2\/product_brand?post=747457"},{"taxonomy":"product_cat","embeddable":true,"href":"https:\/\/stoic-curie.212-227-153-4.plesk.page\/pt\/wp-json\/wp\/v2\/product_cat?post=747457"},{"taxonomy":"product_tag","embeddable":true,"href":"https:\/\/stoic-curie.212-227-153-4.plesk.page\/pt\/wp-json\/wp\/v2\/product_tag?post=747457"}],"curies":[{"name":"wp","href":"https:\/\/api.w.org\/{rel}","templated":true}]}}