{"id":747459,"date":"2025-03-03T20:58:10","date_gmt":"2025-03-03T19:58:10","guid":{"rendered":"https:\/\/stoic-curie.212-227-153-4.plesk.page\/producto\/rodas-de-travessao-130-kg\/"},"modified":"2026-02-25T00:27:52","modified_gmt":"2026-02-25T00:27:52","slug":"rodas-de-travessao-130-kg","status":"publish","type":"product","link":"https:\/\/stoic-curie.212-227-153-4.plesk.page\/pt\/product\/rodas-de-travessao-130-kg\/","title":{"rendered":"Rodas de Travess\u00e3o 130 kg"},"content":{"rendered":"<p>Rodas de Travess\u00e3o 130 kg &#8211; <\/p>\n<p>Rodas de transom para embarca\u00e7\u00f5es infl\u00e1veis e pequenas, facilitando o transporte. Podem ser levantadas ou removidas ao navegar. Suportes e \u00e2ncoras em a\u00e7o inoxid\u00e1vel.<\/p>\n","protected":false},"excerpt":{"rendered":"<p>Rodas de Travess\u00e3o 130 kg &#8211; Rodas de transom para embarca\u00e7\u00f5es infl\u00e1veis e pequenas, facilitando o transporte. Podem ser levantadas<\/p>\n","protected":false},"featured_media":5939568,"comment_status":"open","ping_status":"closed","template":"","meta":[],"product_brand":[3492],"product_cat":[2126],"product_tag":[],"class_list":{"0":"post-747459","1":"product","2":"type-product","3":"status-publish","4":"has-post-thumbnail","6":"product_brand-trem-pt","7":"product_cat-acessorios-para-embarcacoes-auxiliares","9":"first","10":"instock","11":"shipping-taxable","12":"purchasable","13":"product-type-simple"},"_links":{"self":[{"href":"https:\/\/stoic-curie.212-227-153-4.plesk.page\/pt\/wp-json\/wp\/v2\/product\/747459","targetHints":{"allow":["GET"]}}],"collection":[{"href":"https:\/\/stoic-curie.212-227-153-4.plesk.page\/pt\/wp-json\/wp\/v2\/product"}],"about":[{"href":"https:\/\/stoic-curie.212-227-153-4.plesk.page\/pt\/wp-json\/wp\/v2\/types\/product"}],"replies":[{"embeddable":true,"href":"https:\/\/stoic-curie.212-227-153-4.plesk.page\/pt\/wp-json\/wp\/v2\/comments?post=747459"}],"version-history":[{"count":0,"href":"https:\/\/stoic-curie.212-227-153-4.plesk.page\/pt\/wp-json\/wp\/v2\/product\/747459\/revisions"}],"wp:featuredmedia":[{"embeddable":true,"href":"https:\/\/stoic-curie.212-227-153-4.plesk.page\/pt\/wp-json\/wp\/v2\/media\/5939568"}],"wp:attachment":[{"href":"https:\/\/stoic-curie.212-227-153-4.plesk.page\/pt\/wp-json\/wp\/v2\/media?parent=747459"}],"wp:term":[{"taxonomy":"product_brand","embeddable":true,"href":"https:\/\/stoic-curie.212-227-153-4.plesk.page\/pt\/wp-json\/wp\/v2\/product_brand?post=747459"},{"taxonomy":"product_cat","embeddable":true,"href":"https:\/\/stoic-curie.212-227-153-4.plesk.page\/pt\/wp-json\/wp\/v2\/product_cat?post=747459"},{"taxonomy":"product_tag","embeddable":true,"href":"https:\/\/stoic-curie.212-227-153-4.plesk.page\/pt\/wp-json\/wp\/v2\/product_tag?post=747459"}],"curies":[{"name":"wp","href":"https:\/\/api.w.org\/{rel}","templated":true}]}}