{"id":747465,"date":"2025-03-03T20:58:12","date_gmt":"2025-03-03T19:58:12","guid":{"rendered":"https:\/\/stoic-curie.212-227-153-4.plesk.page\/producto\/insuflador-de-pe-gp10-55-lt\/"},"modified":"2026-02-25T00:27:52","modified_gmt":"2026-02-25T00:27:52","slug":"insuflador-de-pe-gp10-55-lt","status":"publish","type":"product","link":"https:\/\/stoic-curie.212-227-153-4.plesk.page\/pt\/product\/insuflador-de-pe-gp10-55-lt\/","title":{"rendered":"Insuflador de P\u00e9 GP10 5,5 lt"},"content":{"rendered":"<p>Insuflador de P\u00e9 GP10 5,5 lt &#8211; <\/p>\n<p>Bomba de p\u00e9 infl\u00e1vel GP10 com 2 c\u00e2maras de ar que permite alcan\u00e7ar sem esfor\u00e7o a press\u00e3o m\u00e1xima. Completa com indicador visual de sobrepress\u00e3o e adaptadores de v\u00e1lvula. Dimens\u00f5es: 35 x 25 x H8 cm.<\/p>\n","protected":false},"excerpt":{"rendered":"<p>Insuflador de P\u00e9 GP10 5,5 lt &#8211; Bomba de p\u00e9 infl\u00e1vel GP10 com 2 c\u00e2maras de ar que permite alcan\u00e7ar<\/p>\n","protected":false},"featured_media":5939595,"comment_status":"open","ping_status":"closed","template":"","meta":[],"product_brand":[2852],"product_cat":[2122],"product_tag":[],"class_list":{"0":"post-747465","1":"product","2":"type-product","3":"status-publish","4":"has-post-thumbnail","6":"product_brand-bravo-scoprega-pt","7":"product_cat-bombas-de-ar-para-embarcacoes-auxiliares","9":"first","10":"instock","11":"shipping-taxable","12":"purchasable","13":"product-type-simple"},"_links":{"self":[{"href":"https:\/\/stoic-curie.212-227-153-4.plesk.page\/pt\/wp-json\/wp\/v2\/product\/747465","targetHints":{"allow":["GET"]}}],"collection":[{"href":"https:\/\/stoic-curie.212-227-153-4.plesk.page\/pt\/wp-json\/wp\/v2\/product"}],"about":[{"href":"https:\/\/stoic-curie.212-227-153-4.plesk.page\/pt\/wp-json\/wp\/v2\/types\/product"}],"replies":[{"embeddable":true,"href":"https:\/\/stoic-curie.212-227-153-4.plesk.page\/pt\/wp-json\/wp\/v2\/comments?post=747465"}],"version-history":[{"count":0,"href":"https:\/\/stoic-curie.212-227-153-4.plesk.page\/pt\/wp-json\/wp\/v2\/product\/747465\/revisions"}],"wp:featuredmedia":[{"embeddable":true,"href":"https:\/\/stoic-curie.212-227-153-4.plesk.page\/pt\/wp-json\/wp\/v2\/media\/5939595"}],"wp:attachment":[{"href":"https:\/\/stoic-curie.212-227-153-4.plesk.page\/pt\/wp-json\/wp\/v2\/media?parent=747465"}],"wp:term":[{"taxonomy":"product_brand","embeddable":true,"href":"https:\/\/stoic-curie.212-227-153-4.plesk.page\/pt\/wp-json\/wp\/v2\/product_brand?post=747465"},{"taxonomy":"product_cat","embeddable":true,"href":"https:\/\/stoic-curie.212-227-153-4.plesk.page\/pt\/wp-json\/wp\/v2\/product_cat?post=747465"},{"taxonomy":"product_tag","embeddable":true,"href":"https:\/\/stoic-curie.212-227-153-4.plesk.page\/pt\/wp-json\/wp\/v2\/product_tag?post=747465"}],"curies":[{"name":"wp","href":"https:\/\/api.w.org\/{rel}","templated":true}]}}