{"id":747466,"date":"2025-03-03T20:58:13","date_gmt":"2025-03-03T19:58:13","guid":{"rendered":"https:\/\/stoic-curie.212-227-153-4.plesk.page\/producto\/insuflador-eletrico-bravo-bst-300-12v\/"},"modified":"2026-02-25T00:27:52","modified_gmt":"2026-02-25T00:27:52","slug":"insuflador-eletrico-bravo-bst-300-12v","status":"publish","type":"product","link":"https:\/\/stoic-curie.212-227-153-4.plesk.page\/pt\/product\/insuflador-eletrico-bravo-bst-300-12v\/","title":{"rendered":"Insuflador El\u00e9trico Bravo BST 300 12V"},"content":{"rendered":"<p>Insuflador El\u00e9trico Bravo BST 300 12V &#8211; <\/p>\n<p>Inflador el\u00e9trico de alta velocidade GE 10-3. Gra\u00e7as ao motor de dois est\u00e1gios, pode inflar ou desinflar um barco de 4 metros em 5 minutos. Inclui bolsa de ombro, tubo de 1,7 metros e adaptadores de v\u00e1lvula. Fonte de alimenta\u00e7\u00e3o com garras para bateria ou plugue de isqueiro de 12V. Consumo m\u00e1ximo de 13A. Dimens\u00f5es: 11 x 16 x 24 cm.<\/p>\n","protected":false},"excerpt":{"rendered":"<p>Insuflador El\u00e9trico Bravo BST 300 12V &#8211; Inflador el\u00e9trico de alta velocidade GE 10-3. Gra\u00e7as ao motor de dois est\u00e1gios,<\/p>\n","protected":false},"featured_media":5939596,"comment_status":"open","ping_status":"closed","template":"","meta":[],"product_brand":[2852],"product_cat":[2122],"product_tag":[],"class_list":{"0":"post-747466","1":"product","2":"type-product","3":"status-publish","4":"has-post-thumbnail","6":"product_brand-bravo-scoprega-pt","7":"product_cat-bombas-de-ar-para-embarcacoes-auxiliares","9":"first","10":"instock","11":"shipping-taxable","12":"purchasable","13":"product-type-simple"},"_links":{"self":[{"href":"https:\/\/stoic-curie.212-227-153-4.plesk.page\/pt\/wp-json\/wp\/v2\/product\/747466","targetHints":{"allow":["GET"]}}],"collection":[{"href":"https:\/\/stoic-curie.212-227-153-4.plesk.page\/pt\/wp-json\/wp\/v2\/product"}],"about":[{"href":"https:\/\/stoic-curie.212-227-153-4.plesk.page\/pt\/wp-json\/wp\/v2\/types\/product"}],"replies":[{"embeddable":true,"href":"https:\/\/stoic-curie.212-227-153-4.plesk.page\/pt\/wp-json\/wp\/v2\/comments?post=747466"}],"version-history":[{"count":0,"href":"https:\/\/stoic-curie.212-227-153-4.plesk.page\/pt\/wp-json\/wp\/v2\/product\/747466\/revisions"}],"wp:featuredmedia":[{"embeddable":true,"href":"https:\/\/stoic-curie.212-227-153-4.plesk.page\/pt\/wp-json\/wp\/v2\/media\/5939596"}],"wp:attachment":[{"href":"https:\/\/stoic-curie.212-227-153-4.plesk.page\/pt\/wp-json\/wp\/v2\/media?parent=747466"}],"wp:term":[{"taxonomy":"product_brand","embeddable":true,"href":"https:\/\/stoic-curie.212-227-153-4.plesk.page\/pt\/wp-json\/wp\/v2\/product_brand?post=747466"},{"taxonomy":"product_cat","embeddable":true,"href":"https:\/\/stoic-curie.212-227-153-4.plesk.page\/pt\/wp-json\/wp\/v2\/product_cat?post=747466"},{"taxonomy":"product_tag","embeddable":true,"href":"https:\/\/stoic-curie.212-227-153-4.plesk.page\/pt\/wp-json\/wp\/v2\/product_tag?post=747466"}],"curies":[{"name":"wp","href":"https:\/\/api.w.org\/{rel}","templated":true}]}}