{"id":747469,"date":"2025-03-03T20:58:14","date_gmt":"2025-03-03T19:58:14","guid":{"rendered":"https:\/\/stoic-curie.212-227-153-4.plesk.page\/producto\/insuflador-automatico-bravo-turbo-max-kit\/"},"modified":"2026-02-25T00:27:52","modified_gmt":"2026-02-25T00:27:52","slug":"insuflador-automatico-bravo-turbo-max-kit","status":"publish","type":"product","link":"https:\/\/stoic-curie.212-227-153-4.plesk.page\/pt\/product\/insuflador-automatico-bravo-turbo-max-kit\/","title":{"rendered":"Insuflador Autom\u00e1tico Bravo Turbo Max Kit"},"content":{"rendered":"<p>Insuflador Autom\u00e1tico Bravo Turbo Max Kit &#8211; <\/p>\n<p>O Kit Turbo Max \u00e9 um inflador de instala\u00e7\u00e3o fixa que para automaticamente quando a press\u00e3o desejada \u00e9 alcan\u00e7ada. Ele pode inflar e esvaziar um barco de 7 metros em apenas 7 minutos. O kit vem completo com suportes de montagem, parafusos e um cabo de alimenta\u00e7\u00e3o de 0,5 metros.<\/p>\n<p>Este inflador \u00e9 equipado com um driver digital que utiliza tecnologias DSP e MOSFET, al\u00e9m de um sistema de controle LED integrado. Est\u00e1 dispon\u00edvel nas vers\u00f5es de 12V e 24V, sob solicita\u00e7\u00e3o, com um consumo m\u00e1ximo de 60A. Suas dimens\u00f5es s\u00e3o 30 x 16 x 7 cm.<\/p>\n<p>Na vers\u00e3o KIT, o inflador inclui todos os componentes necess\u00e1rios para a instala\u00e7\u00e3o em seu barco, como suportes, parafusos e um cabo el\u00e9trico com conector. A unidade possui um driver digital sofisticado, gerenciado por um microprocessador, e \u00e9 alimentada por dois motores robustos que fornecem altas taxas de fluxo. Desliga automaticamente assim que a press\u00e3o definida \u00e9 atingida.<\/p>\n<ul>\n<li>O Kit Turbo Max \u00e9 oferecido nas op\u00e7\u00f5es de 12V e 24V.<\/li>\n<li>O cabo de alimenta\u00e7\u00e3o mede 0,5 metros e vem com um conector de 100A.<\/li>\n<li>Um sistema de controle LED integrado est\u00e1 inclu\u00eddo.<\/li>\n<li>O tubo est\u00e1 dispon\u00edvel sob solicita\u00e7\u00e3o.<\/li>\n<\/ul>\n<p>As especifica\u00e7\u00f5es incluem uma press\u00e3o m\u00e1xima de 250 mbar (3.6 psi), uma vaz\u00e3o m\u00e1xima de ar de 1000 l\/m, uma faixa de voltagem de 9 a 16 V, uma corrente m\u00e1xima de 45-60 A, e um peso de 2.6 kg. \u00c9 adequado para RIBs, botes e tenders.<\/p>\n","protected":false},"excerpt":{"rendered":"<p>Insuflador Autom\u00e1tico Bravo Turbo Max Kit &#8211; O Kit Turbo Max \u00e9 um inflador de instala\u00e7\u00e3o fixa que para automaticamente<\/p>\n","protected":false},"featured_media":5939598,"comment_status":"open","ping_status":"closed","template":"","meta":[],"product_brand":[2852],"product_cat":[2122],"product_tag":[],"class_list":{"0":"post-747469","1":"product","2":"type-product","3":"status-publish","4":"has-post-thumbnail","6":"product_brand-bravo-scoprega-pt","7":"product_cat-bombas-de-ar-para-embarcacoes-auxiliares","9":"first","10":"instock","11":"shipping-taxable","12":"purchasable","13":"product-type-simple"},"_links":{"self":[{"href":"https:\/\/stoic-curie.212-227-153-4.plesk.page\/pt\/wp-json\/wp\/v2\/product\/747469","targetHints":{"allow":["GET"]}}],"collection":[{"href":"https:\/\/stoic-curie.212-227-153-4.plesk.page\/pt\/wp-json\/wp\/v2\/product"}],"about":[{"href":"https:\/\/stoic-curie.212-227-153-4.plesk.page\/pt\/wp-json\/wp\/v2\/types\/product"}],"replies":[{"embeddable":true,"href":"https:\/\/stoic-curie.212-227-153-4.plesk.page\/pt\/wp-json\/wp\/v2\/comments?post=747469"}],"version-history":[{"count":0,"href":"https:\/\/stoic-curie.212-227-153-4.plesk.page\/pt\/wp-json\/wp\/v2\/product\/747469\/revisions"}],"wp:featuredmedia":[{"embeddable":true,"href":"https:\/\/stoic-curie.212-227-153-4.plesk.page\/pt\/wp-json\/wp\/v2\/media\/5939598"}],"wp:attachment":[{"href":"https:\/\/stoic-curie.212-227-153-4.plesk.page\/pt\/wp-json\/wp\/v2\/media?parent=747469"}],"wp:term":[{"taxonomy":"product_brand","embeddable":true,"href":"https:\/\/stoic-curie.212-227-153-4.plesk.page\/pt\/wp-json\/wp\/v2\/product_brand?post=747469"},{"taxonomy":"product_cat","embeddable":true,"href":"https:\/\/stoic-curie.212-227-153-4.plesk.page\/pt\/wp-json\/wp\/v2\/product_cat?post=747469"},{"taxonomy":"product_tag","embeddable":true,"href":"https:\/\/stoic-curie.212-227-153-4.plesk.page\/pt\/wp-json\/wp\/v2\/product_tag?post=747469"}],"curies":[{"name":"wp","href":"https:\/\/api.w.org\/{rel}","templated":true}]}}