{"id":747472,"date":"2025-03-03T20:58:15","date_gmt":"2025-03-03T19:58:15","guid":{"rendered":"https:\/\/stoic-curie.212-227-153-4.plesk.page\/producto\/cadeira-de-mastro-bosun-45-x-45-cm\/"},"modified":"2026-02-25T00:27:52","modified_gmt":"2026-02-25T00:27:52","slug":"cadeira-de-mastro-bosun-45-x-45-cm","status":"publish","type":"product","link":"https:\/\/stoic-curie.212-227-153-4.plesk.page\/pt\/product\/cadeira-de-mastro-bosun-45-x-45-cm\/","title":{"rendered":"Cadeira de Mastro Bosun 45 x 45 cm"},"content":{"rendered":"<p>Cadeira de Mastro Bosun 45 x 45 cm &#8211; <\/p>\n<p>Cadeira de mastro Bosun em tecido de nylon resistente, acolchoada com espuma para maior liberdade de movimento. Com al\u00e7as de eleva\u00e7\u00e3o, fivelas ajust\u00e1veis e bolsos para ferramentas.<\/p>\n","protected":false},"excerpt":{"rendered":"<p>Cadeira de Mastro Bosun 45 x 45 cm &#8211; Cadeira de mastro Bosun em tecido de nylon resistente, acolchoada com<\/p>\n","protected":false},"featured_media":5939608,"comment_status":"open","ping_status":"closed","template":"","meta":[],"product_brand":[3517],"product_cat":[2058,2143],"product_tag":[],"class_list":{"0":"post-747472","1":"product","2":"type-product","3":"status-publish","4":"has-post-thumbnail","6":"product_brand-veleria-san-giorgio-pt","7":"product_cat-acessorios-para-veleiro","8":"product_cat-facas-canivetes-e-ferramentas","10":"first","11":"instock","12":"shipping-taxable","13":"purchasable","14":"product-type-simple"},"_links":{"self":[{"href":"https:\/\/stoic-curie.212-227-153-4.plesk.page\/pt\/wp-json\/wp\/v2\/product\/747472","targetHints":{"allow":["GET"]}}],"collection":[{"href":"https:\/\/stoic-curie.212-227-153-4.plesk.page\/pt\/wp-json\/wp\/v2\/product"}],"about":[{"href":"https:\/\/stoic-curie.212-227-153-4.plesk.page\/pt\/wp-json\/wp\/v2\/types\/product"}],"replies":[{"embeddable":true,"href":"https:\/\/stoic-curie.212-227-153-4.plesk.page\/pt\/wp-json\/wp\/v2\/comments?post=747472"}],"version-history":[{"count":0,"href":"https:\/\/stoic-curie.212-227-153-4.plesk.page\/pt\/wp-json\/wp\/v2\/product\/747472\/revisions"}],"wp:featuredmedia":[{"embeddable":true,"href":"https:\/\/stoic-curie.212-227-153-4.plesk.page\/pt\/wp-json\/wp\/v2\/media\/5939608"}],"wp:attachment":[{"href":"https:\/\/stoic-curie.212-227-153-4.plesk.page\/pt\/wp-json\/wp\/v2\/media?parent=747472"}],"wp:term":[{"taxonomy":"product_brand","embeddable":true,"href":"https:\/\/stoic-curie.212-227-153-4.plesk.page\/pt\/wp-json\/wp\/v2\/product_brand?post=747472"},{"taxonomy":"product_cat","embeddable":true,"href":"https:\/\/stoic-curie.212-227-153-4.plesk.page\/pt\/wp-json\/wp\/v2\/product_cat?post=747472"},{"taxonomy":"product_tag","embeddable":true,"href":"https:\/\/stoic-curie.212-227-153-4.plesk.page\/pt\/wp-json\/wp\/v2\/product_tag?post=747472"}],"curies":[{"name":"wp","href":"https:\/\/api.w.org\/{rel}","templated":true}]}}