{"id":747474,"date":"2025-03-03T20:58:15","date_gmt":"2025-03-03T19:58:15","guid":{"rendered":"https:\/\/stoic-curie.212-227-153-4.plesk.page\/producto\/extintor-de-incendio-a-co2-aprovado-2-kg\/"},"modified":"2026-02-25T00:27:52","modified_gmt":"2026-02-25T00:27:52","slug":"extintor-de-incendio-a-co2-aprovado-2-kg","status":"publish","type":"product","link":"https:\/\/stoic-curie.212-227-153-4.plesk.page\/pt\/product\/extintor-de-incendio-a-co2-aprovado-2-kg\/","title":{"rendered":"Extintor de Inc\u00eandio a Co2 Aprovado 2 kg"},"content":{"rendered":"<p>Extintor de Inc\u00eandio a Co2 Aprovado 2 kg &#8211; <\/p>\n<p>M.E.D. 96\/98\/CE e CE 0029 &#8211; extintor de CO2 aprovado pela EN3. Completo com suporte e data de fabrica\u00e7\u00e3o carimbada. Vendido sem etiqueta de validade (n\u00e3o necess\u00e1ria para pequenas embarca\u00e7\u00f5es). Para barcos, a etiqueta de validade deve ser solicitada a um t\u00e9cnico de manuten\u00e7\u00e3o de extintores.<\/p>\n","protected":false},"excerpt":{"rendered":"<p>Extintor de Inc\u00eandio a Co2 Aprovado 2 kg &#8211; M.E.D. 96\/98\/CE e CE 0029 &#8211; extintor de CO2 aprovado pela<\/p>\n","protected":false},"featured_media":5939618,"comment_status":"open","ping_status":"closed","template":"","meta":[],"product_brand":[2777],"product_cat":[1887],"product_tag":[],"class_list":{"0":"post-747474","1":"product","2":"type-product","3":"status-publish","4":"has-post-thumbnail","6":"product_brand-anaf-marine-pt","7":"product_cat-extintores-de-incendio","9":"first","10":"instock","11":"shipping-taxable","12":"purchasable","13":"product-type-simple"},"_links":{"self":[{"href":"https:\/\/stoic-curie.212-227-153-4.plesk.page\/pt\/wp-json\/wp\/v2\/product\/747474","targetHints":{"allow":["GET"]}}],"collection":[{"href":"https:\/\/stoic-curie.212-227-153-4.plesk.page\/pt\/wp-json\/wp\/v2\/product"}],"about":[{"href":"https:\/\/stoic-curie.212-227-153-4.plesk.page\/pt\/wp-json\/wp\/v2\/types\/product"}],"replies":[{"embeddable":true,"href":"https:\/\/stoic-curie.212-227-153-4.plesk.page\/pt\/wp-json\/wp\/v2\/comments?post=747474"}],"version-history":[{"count":0,"href":"https:\/\/stoic-curie.212-227-153-4.plesk.page\/pt\/wp-json\/wp\/v2\/product\/747474\/revisions"}],"wp:featuredmedia":[{"embeddable":true,"href":"https:\/\/stoic-curie.212-227-153-4.plesk.page\/pt\/wp-json\/wp\/v2\/media\/5939618"}],"wp:attachment":[{"href":"https:\/\/stoic-curie.212-227-153-4.plesk.page\/pt\/wp-json\/wp\/v2\/media?parent=747474"}],"wp:term":[{"taxonomy":"product_brand","embeddable":true,"href":"https:\/\/stoic-curie.212-227-153-4.plesk.page\/pt\/wp-json\/wp\/v2\/product_brand?post=747474"},{"taxonomy":"product_cat","embeddable":true,"href":"https:\/\/stoic-curie.212-227-153-4.plesk.page\/pt\/wp-json\/wp\/v2\/product_cat?post=747474"},{"taxonomy":"product_tag","embeddable":true,"href":"https:\/\/stoic-curie.212-227-153-4.plesk.page\/pt\/wp-json\/wp\/v2\/product_tag?post=747474"}],"curies":[{"name":"wp","href":"https:\/\/api.w.org\/{rel}","templated":true}]}}