{"id":747477,"date":"2025-03-03T20:58:17","date_gmt":"2025-03-03T19:58:17","guid":{"rendered":"https:\/\/stoic-curie.212-227-153-4.plesk.page\/producto\/corda-maritima-branca-classic-12-mm-x-200-m\/"},"modified":"2026-02-25T00:27:52","modified_gmt":"2026-02-25T00:27:52","slug":"corda-maritima-branca-classic-12-mm-x-200-m","status":"publish","type":"product","link":"https:\/\/stoic-curie.212-227-153-4.plesk.page\/pt\/product\/corda-maritima-branca-classic-12-mm-x-200-m\/","title":{"rendered":"Corda Mar\u00edtima Branca 12 mm x 200 m"},"content":{"rendered":"<p>Corda Mar\u00edtima Branca 12 mm x 200 m &#8211; <\/p>\n<p>A corda branca de poli\u00e9ster com tr\u00eas fios \u00e9 uma op\u00e7\u00e3o forte e flex\u00edvel, perfeita para usos ao ar livre ou em condi\u00e7\u00f5es adversas. Feita de fibras de poli\u00e9ster de alta qualidade, ela resiste a rasgos, abras\u00e3o e desbotamento. Esta corda tamb\u00e9m \u00e9 muito resistente \u00e0 \u00e1gua, mantendo sua for\u00e7a intacta mesmo em climas \u00famidos ou severos. Com sua resist\u00eancia m\u00e9dia, esta corda de poli\u00e9ster de tr\u00eas fios \u00e9 uma excelente escolha para todas as suas necessidades de atracagem e ancoragem. Al\u00e9m disso, \u00e9 fabricada a partir de garrafas de pl\u00e1stico PET recicladas, tornando-a uma op\u00e7\u00e3o ecol\u00f3gica. Voc\u00ea perceber\u00e1 que esta corda rPET tem desempenho semelhante ao do poli\u00e9ster tradicional.<\/p>\n<p>No setor de navega\u00e7\u00e3o, a corda de poli\u00e9ster \u00e9 extremamente vers\u00e1til. Pode ser usada para linhas de \u00e2ncora, linhas de amarra\u00e7\u00e3o, linhas de defesa, linhas de vida e at\u00e9 mesmo para tarefas de i\u00e7amento ou guincho.<\/p>\n<p>Aqui est\u00e3o algumas caracter\u00edsticas principais desta corda:<\/p>\n<ul>\n<li>Design torcido de tr\u00eas fios<\/li>\n<li>Feita de materiais sint\u00e9ticos<\/li>\n<li>Ret\u00e9m a for\u00e7a quando molhada<\/li>\n<li>Resistente \u00e0 \u00e1gua, raios UV, decomposi\u00e7\u00e3o e desgaste<\/li>\n<li>N\u00e3o flutua e fica um pouco mais macia quando molhada<\/li>\n<li>Fabricada na Europa<\/li>\n<\/ul>\n","protected":false},"excerpt":{"rendered":"<p>Corda Mar\u00edtima Branca 12 mm x 200 m &#8211; A corda branca de poli\u00e9ster com tr\u00eas fios \u00e9 uma op\u00e7\u00e3o<\/p>\n","protected":false},"featured_media":5939640,"comment_status":"open","ping_status":"closed","template":"","meta":[],"product_brand":[3102],"product_cat":[1909,2149],"product_tag":[],"class_list":{"0":"post-747477","1":"product","2":"type-product","3":"status-publish","4":"has-post-thumbnail","6":"product_brand-marco-benvenuti-pt","7":"product_cat-cabos-de-amarracao","8":"product_cat-cabos-de-fundear","10":"first","11":"instock","12":"shipping-taxable","13":"purchasable","14":"product-type-simple"},"_links":{"self":[{"href":"https:\/\/stoic-curie.212-227-153-4.plesk.page\/pt\/wp-json\/wp\/v2\/product\/747477","targetHints":{"allow":["GET"]}}],"collection":[{"href":"https:\/\/stoic-curie.212-227-153-4.plesk.page\/pt\/wp-json\/wp\/v2\/product"}],"about":[{"href":"https:\/\/stoic-curie.212-227-153-4.plesk.page\/pt\/wp-json\/wp\/v2\/types\/product"}],"replies":[{"embeddable":true,"href":"https:\/\/stoic-curie.212-227-153-4.plesk.page\/pt\/wp-json\/wp\/v2\/comments?post=747477"}],"version-history":[{"count":0,"href":"https:\/\/stoic-curie.212-227-153-4.plesk.page\/pt\/wp-json\/wp\/v2\/product\/747477\/revisions"}],"wp:featuredmedia":[{"embeddable":true,"href":"https:\/\/stoic-curie.212-227-153-4.plesk.page\/pt\/wp-json\/wp\/v2\/media\/5939640"}],"wp:attachment":[{"href":"https:\/\/stoic-curie.212-227-153-4.plesk.page\/pt\/wp-json\/wp\/v2\/media?parent=747477"}],"wp:term":[{"taxonomy":"product_brand","embeddable":true,"href":"https:\/\/stoic-curie.212-227-153-4.plesk.page\/pt\/wp-json\/wp\/v2\/product_brand?post=747477"},{"taxonomy":"product_cat","embeddable":true,"href":"https:\/\/stoic-curie.212-227-153-4.plesk.page\/pt\/wp-json\/wp\/v2\/product_cat?post=747477"},{"taxonomy":"product_tag","embeddable":true,"href":"https:\/\/stoic-curie.212-227-153-4.plesk.page\/pt\/wp-json\/wp\/v2\/product_tag?post=747477"}],"curies":[{"name":"wp","href":"https:\/\/api.w.org\/{rel}","templated":true}]}}