{"id":747479,"date":"2025-03-03T20:58:17","date_gmt":"2025-03-03T19:58:17","guid":{"rendered":"https:\/\/stoic-curie.212-227-153-4.plesk.page\/producto\/corda-maritima-branca-classic-24-mm-x-100-m\/"},"modified":"2026-02-25T00:27:52","modified_gmt":"2026-02-25T00:27:52","slug":"corda-maritima-branca-classic-24-mm-x-100-m","status":"publish","type":"product","link":"https:\/\/stoic-curie.212-227-153-4.plesk.page\/pt\/product\/corda-maritima-branca-classic-24-mm-x-100-m\/","title":{"rendered":"Corda Mar\u00edtima Branca 24 mm x 100 m"},"content":{"rendered":"<p>Corda Mar\u00edtima Branca 24 mm x 100 m &#8211; <\/p>\n<p>A corda de poli\u00e9ster branca de tr\u00eas cordas \u00e9 uma escolha dur\u00e1vel e flex\u00edvel, ideal para aplica\u00e7\u00f5es ao ar livre ou ambientes desafiadores. Fabricada com fibras de poli\u00e9ster de alta qualidade, \u00e9 resistente a rasgos, abras\u00e3o e desbotamento. Esta corda tamb\u00e9m \u00e9 altamente resistente \u00e0 \u00e1gua, mantendo sua resist\u00eancia mesmo em condi\u00e7\u00f5es clim\u00e1ticas \u00famidas ou severas. Com sua resist\u00eancia m\u00e9dia, esta corda de poli\u00e9ster de tr\u00eas cordas \u00e9 uma excelente op\u00e7\u00e3o para todas as suas necessidades de atraca\u00e7\u00e3o e ancoragem. Al\u00e9m disso, \u00e9 produzida a partir de garrafas pl\u00e1sticas PET recicladas, tornando-a uma escolha ambientalmente amig\u00e1vel. Voc\u00ea descobrir\u00e1 que esta corda rPET tem um desempenho compar\u00e1vel ao poli\u00e9ster convencional.<\/p>\n<p>No setor de navega\u00e7\u00e3o, a corda de poli\u00e9ster \u00e9 incrivelmente vers\u00e1til. Pode ser utilizada para linhas de ancoragem, linhas de amarra\u00e7\u00e3o, linhas de fender, linhas de vida e at\u00e9 mesmo para tarefas de guincho ou levantamento.<\/p>\n<p>Aqui est\u00e3o algumas caracter\u00edsticas importantes desta corda:<\/p>\n<ul>\n<li>Constru\u00e7\u00e3o tran\u00e7ada de tr\u00eas cordas<\/li>\n<li>Feita de materiais sint\u00e9ticos<\/li>\n<li>Mant\u00e9m a resist\u00eancia quando molhada<\/li>\n<li>Resistente \u00e0 \u00e1gua, raios UV, deteriora\u00e7\u00e3o e desgaste<\/li>\n<li>N\u00e3o flutua e fica um pouco mais macia quando molhada<\/li>\n<li>Fabricada na Europa<\/li>\n<\/ul>\n","protected":false},"excerpt":{"rendered":"<p>Corda Mar\u00edtima Branca 24 mm x 100 m &#8211; A corda de poli\u00e9ster branca de tr\u00eas cordas \u00e9 uma escolha<\/p>\n","protected":false},"featured_media":5939640,"comment_status":"open","ping_status":"closed","template":"","meta":[],"product_brand":[3102],"product_cat":[1909,2149],"product_tag":[],"class_list":{"0":"post-747479","1":"product","2":"type-product","3":"status-publish","4":"has-post-thumbnail","6":"product_brand-marco-benvenuti-pt","7":"product_cat-cabos-de-amarracao","8":"product_cat-cabos-de-fundear","10":"first","11":"instock","12":"shipping-taxable","13":"purchasable","14":"product-type-simple"},"_links":{"self":[{"href":"https:\/\/stoic-curie.212-227-153-4.plesk.page\/pt\/wp-json\/wp\/v2\/product\/747479","targetHints":{"allow":["GET"]}}],"collection":[{"href":"https:\/\/stoic-curie.212-227-153-4.plesk.page\/pt\/wp-json\/wp\/v2\/product"}],"about":[{"href":"https:\/\/stoic-curie.212-227-153-4.plesk.page\/pt\/wp-json\/wp\/v2\/types\/product"}],"replies":[{"embeddable":true,"href":"https:\/\/stoic-curie.212-227-153-4.plesk.page\/pt\/wp-json\/wp\/v2\/comments?post=747479"}],"version-history":[{"count":0,"href":"https:\/\/stoic-curie.212-227-153-4.plesk.page\/pt\/wp-json\/wp\/v2\/product\/747479\/revisions"}],"wp:featuredmedia":[{"embeddable":true,"href":"https:\/\/stoic-curie.212-227-153-4.plesk.page\/pt\/wp-json\/wp\/v2\/media\/5939640"}],"wp:attachment":[{"href":"https:\/\/stoic-curie.212-227-153-4.plesk.page\/pt\/wp-json\/wp\/v2\/media?parent=747479"}],"wp:term":[{"taxonomy":"product_brand","embeddable":true,"href":"https:\/\/stoic-curie.212-227-153-4.plesk.page\/pt\/wp-json\/wp\/v2\/product_brand?post=747479"},{"taxonomy":"product_cat","embeddable":true,"href":"https:\/\/stoic-curie.212-227-153-4.plesk.page\/pt\/wp-json\/wp\/v2\/product_cat?post=747479"},{"taxonomy":"product_tag","embeddable":true,"href":"https:\/\/stoic-curie.212-227-153-4.plesk.page\/pt\/wp-json\/wp\/v2\/product_tag?post=747479"}],"curies":[{"name":"wp","href":"https:\/\/api.w.org\/{rel}","templated":true}]}}