{"id":747483,"date":"2025-03-03T20:58:19","date_gmt":"2025-03-03T19:58:19","guid":{"rendered":"https:\/\/stoic-curie.212-227-153-4.plesk.page\/producto\/corda-maritima-preta-classic-10-mm-x-200-m\/"},"modified":"2026-02-25T00:27:52","modified_gmt":"2026-02-25T00:27:52","slug":"corda-maritima-preta-classic-10-mm-x-200-m","status":"publish","type":"product","link":"https:\/\/stoic-curie.212-227-153-4.plesk.page\/pt\/product\/corda-maritima-preta-classic-10-mm-x-200-m\/","title":{"rendered":"Cabo Marinho Preto 10mm x 200mt"},"content":{"rendered":"<p>Cabo Marinho Preto 10mm x 200mt &#8211; <\/p>\n<p>Esta corda de poli\u00e9ster de m\u00e9dia resist\u00eancia, com tr\u00eas fios, \u00e9 uma excelente escolha para todas as suas necessidades de atraca\u00e7\u00e3o e ancoragem. Al\u00e9m disso, \u00e9 fabricada a partir de garrafas pl\u00e1sticas PET recicladas, tornando-a uma op\u00e7\u00e3o ambientalmente amig\u00e1vel. Voc\u00ea descobrir\u00e1 que essa corda rPET apresenta desempenho semelhante ao do poli\u00e9ster tradicional.<\/p>\n<p>No setor de navega\u00e7\u00e3o, a corda de poli\u00e9ster \u00e9 extremamente vers\u00e1til. Pode ser utilizada para linhas de \u00e2ncora, linhas de amarra\u00e7\u00e3o, linhas de fender, cordas de vida e at\u00e9 mesmo para aplica\u00e7\u00f5es de guincho ou eleva\u00e7\u00e3o.<\/p>\n<p>Aqui est\u00e3o algumas caracter\u00edsticas principais desta corda:<\/p>\n<ul>\n<li>Constru\u00e7\u00e3o torcida em tr\u00eas fios<\/li>\n<li>Composta por materiais sint\u00e9ticos<\/li>\n<li>Ret\u00e9m a resist\u00eancia mesmo quando molhada<\/li>\n<li>Resistente \u00e0 \u00e1gua, raios UV, apodrecimento e abras\u00e3o<\/li>\n<li>N\u00e3o flutua e fica um pouco mais macia quando molhada<\/li>\n<li>Produzida na Europa<\/li>\n<\/ul>\n","protected":false},"excerpt":{"rendered":"<p>Cabo Marinho Preto 10mm x 200mt &#8211; Esta corda de poli\u00e9ster de m\u00e9dia resist\u00eancia, com tr\u00eas fios, \u00e9 uma excelente<\/p>\n","protected":false},"featured_media":5939641,"comment_status":"open","ping_status":"closed","template":"","meta":[],"product_brand":[3102],"product_cat":[1909,2149],"product_tag":[],"class_list":{"0":"post-747483","1":"product","2":"type-product","3":"status-publish","4":"has-post-thumbnail","6":"product_brand-marco-benvenuti-pt","7":"product_cat-cabos-de-amarracao","8":"product_cat-cabos-de-fundear","10":"first","11":"instock","12":"shipping-taxable","13":"purchasable","14":"product-type-simple"},"_links":{"self":[{"href":"https:\/\/stoic-curie.212-227-153-4.plesk.page\/pt\/wp-json\/wp\/v2\/product\/747483","targetHints":{"allow":["GET"]}}],"collection":[{"href":"https:\/\/stoic-curie.212-227-153-4.plesk.page\/pt\/wp-json\/wp\/v2\/product"}],"about":[{"href":"https:\/\/stoic-curie.212-227-153-4.plesk.page\/pt\/wp-json\/wp\/v2\/types\/product"}],"replies":[{"embeddable":true,"href":"https:\/\/stoic-curie.212-227-153-4.plesk.page\/pt\/wp-json\/wp\/v2\/comments?post=747483"}],"version-history":[{"count":0,"href":"https:\/\/stoic-curie.212-227-153-4.plesk.page\/pt\/wp-json\/wp\/v2\/product\/747483\/revisions"}],"wp:featuredmedia":[{"embeddable":true,"href":"https:\/\/stoic-curie.212-227-153-4.plesk.page\/pt\/wp-json\/wp\/v2\/media\/5939641"}],"wp:attachment":[{"href":"https:\/\/stoic-curie.212-227-153-4.plesk.page\/pt\/wp-json\/wp\/v2\/media?parent=747483"}],"wp:term":[{"taxonomy":"product_brand","embeddable":true,"href":"https:\/\/stoic-curie.212-227-153-4.plesk.page\/pt\/wp-json\/wp\/v2\/product_brand?post=747483"},{"taxonomy":"product_cat","embeddable":true,"href":"https:\/\/stoic-curie.212-227-153-4.plesk.page\/pt\/wp-json\/wp\/v2\/product_cat?post=747483"},{"taxonomy":"product_tag","embeddable":true,"href":"https:\/\/stoic-curie.212-227-153-4.plesk.page\/pt\/wp-json\/wp\/v2\/product_tag?post=747483"}],"curies":[{"name":"wp","href":"https:\/\/api.w.org\/{rel}","templated":true}]}}