{"id":747484,"date":"2025-03-03T20:58:19","date_gmt":"2025-03-03T19:58:19","guid":{"rendered":"https:\/\/stoic-curie.212-227-153-4.plesk.page\/producto\/corda-maritima-preta-classic-14-mm-x-100-m\/"},"modified":"2026-02-25T00:27:52","modified_gmt":"2026-02-25T00:27:52","slug":"corda-maritima-preta-classic-14-mm-x-100-m","status":"publish","type":"product","link":"https:\/\/stoic-curie.212-227-153-4.plesk.page\/pt\/product\/corda-maritima-preta-classic-14-mm-x-100-m\/","title":{"rendered":"Corda Mar\u00edtima Preta 14 mm x 100 m"},"content":{"rendered":"<p>Corda Mar\u00edtima Preta 14 mm x 100 m &#8211; <\/p>\n<p>Esta corda de poli\u00e9ster de resist\u00eancia m\u00e9dia, composta por tr\u00eas fios, \u00e9 uma excelente op\u00e7\u00e3o para todas as suas necessidades de ancoragem e atraca\u00e7\u00e3o. Al\u00e9m disso, \u00e9 feita de garrafas pl\u00e1sticas PET recicladas, o que a torna uma escolha ecol\u00f3gica. Voc\u00ea perceber\u00e1 que esta corda rPET apresenta desempenho compar\u00e1vel ao do poli\u00e9ster padr\u00e3o.<\/p>\n<p>No setor n\u00e1utico, a corda de poli\u00e9ster \u00e9 altamente vers\u00e1til. Pode ser utilizada para linhas de \u00e2ncora, linhas de atraca\u00e7\u00e3o, linhas de defesa, linhas de vida e at\u00e9 mesmo para tarefas de guincho ou levanta\u00e7\u00e3o.<\/p>\n<p>Aqui est\u00e3o algumas caracter\u00edsticas importantes desta corda:<\/p>\n<ul>\n<li>Design torcido de tr\u00eas fios<\/li>\n<li>Feita de materiais sint\u00e9ticos<\/li>\n<li>Mant\u00e9m a resist\u00eancia mesmo quando molhada<\/li>\n<li>Resistente \u00e0 \u00e1gua, raios UV, apodrecimento e desgaste<\/li>\n<li>N\u00e3o flutua e torna-se ligeiramente mais macia quando molhada<\/li>\n<li>Fabricada na Europa<\/li>\n<\/ul>\n","protected":false},"excerpt":{"rendered":"<p>Corda Mar\u00edtima Preta 14 mm x 100 m &#8211; Esta corda de poli\u00e9ster de resist\u00eancia m\u00e9dia, composta por tr\u00eas fios,<\/p>\n","protected":false},"featured_media":5939641,"comment_status":"open","ping_status":"closed","template":"","meta":[],"product_brand":[3102],"product_cat":[1909,2149],"product_tag":[],"class_list":{"0":"post-747484","1":"product","2":"type-product","3":"status-publish","4":"has-post-thumbnail","6":"product_brand-marco-benvenuti-pt","7":"product_cat-cabos-de-amarracao","8":"product_cat-cabos-de-fundear","10":"first","11":"instock","12":"shipping-taxable","13":"purchasable","14":"product-type-simple"},"_links":{"self":[{"href":"https:\/\/stoic-curie.212-227-153-4.plesk.page\/pt\/wp-json\/wp\/v2\/product\/747484","targetHints":{"allow":["GET"]}}],"collection":[{"href":"https:\/\/stoic-curie.212-227-153-4.plesk.page\/pt\/wp-json\/wp\/v2\/product"}],"about":[{"href":"https:\/\/stoic-curie.212-227-153-4.plesk.page\/pt\/wp-json\/wp\/v2\/types\/product"}],"replies":[{"embeddable":true,"href":"https:\/\/stoic-curie.212-227-153-4.plesk.page\/pt\/wp-json\/wp\/v2\/comments?post=747484"}],"version-history":[{"count":0,"href":"https:\/\/stoic-curie.212-227-153-4.plesk.page\/pt\/wp-json\/wp\/v2\/product\/747484\/revisions"}],"wp:featuredmedia":[{"embeddable":true,"href":"https:\/\/stoic-curie.212-227-153-4.plesk.page\/pt\/wp-json\/wp\/v2\/media\/5939641"}],"wp:attachment":[{"href":"https:\/\/stoic-curie.212-227-153-4.plesk.page\/pt\/wp-json\/wp\/v2\/media?parent=747484"}],"wp:term":[{"taxonomy":"product_brand","embeddable":true,"href":"https:\/\/stoic-curie.212-227-153-4.plesk.page\/pt\/wp-json\/wp\/v2\/product_brand?post=747484"},{"taxonomy":"product_cat","embeddable":true,"href":"https:\/\/stoic-curie.212-227-153-4.plesk.page\/pt\/wp-json\/wp\/v2\/product_cat?post=747484"},{"taxonomy":"product_tag","embeddable":true,"href":"https:\/\/stoic-curie.212-227-153-4.plesk.page\/pt\/wp-json\/wp\/v2\/product_tag?post=747484"}],"curies":[{"name":"wp","href":"https:\/\/api.w.org\/{rel}","templated":true}]}}