{"id":747490,"date":"2025-03-03T20:58:21","date_gmt":"2025-03-03T19:58:21","guid":{"rendered":"https:\/\/stoic-curie.212-227-153-4.plesk.page\/producto\/corda-maritima-preta-classic-26-mm-x-100-m\/"},"modified":"2026-02-25T00:27:52","modified_gmt":"2026-02-25T00:27:52","slug":"corda-maritima-preta-classic-26-mm-x-100-m","status":"publish","type":"product","link":"https:\/\/stoic-curie.212-227-153-4.plesk.page\/pt\/product\/corda-maritima-preta-classic-26-mm-x-100-m\/","title":{"rendered":"Corda Mar\u00edtima Preta 26 mm x 100 m"},"content":{"rendered":"<p>Corda Mar\u00edtima Preta 26 mm x 100 m &#8211; <\/p>\n<p>Esta corda de poli\u00e9ster de m\u00e9dia resist\u00eancia, com tr\u00eas cordas torcidas, \u00e9 uma excelente escolha para todas as suas necessidades de atraca\u00e7\u00e3o e ancoragem. Al\u00e9m disso, \u00e9 feita de garrafas pl\u00e1sticas recicladas de PET, o que \u00e9 incr\u00edvel, pois \u00e9 uma op\u00e7\u00e3o ecol\u00f3gica! Voc\u00ea perceber\u00e1 que esta corda rPET tem um desempenho t\u00e3o bom quanto o poli\u00e9ster comum.<\/p>\n<p>No mundo da navega\u00e7\u00e3o, a corda de poli\u00e9ster \u00e9 super vers\u00e1til. Voc\u00ea pode us\u00e1-la para cabos de \u00e2ncora, cabos de amarra\u00e7\u00e3o, cabos de fender, linhas de vida e at\u00e9 mesmo para guinchar ou i\u00e7ar.<\/p>\n<p>Aqui est\u00e3o algumas das caracter\u00edsticas impressionantes desta corda:<\/p>\n<ul>\n<li>Design torcido de tr\u00eas cordas<\/li>\n<li>Feita de materiais sint\u00e9ticos<\/li>\n<li>Permanecer\u00e1 forte mesmo quando molhada<\/li>\n<li>Resistente \u00e0 \u00e1gua, raios UV, apodrecimento e desgaste<\/li>\n<li>N\u00e3o flutua e fica um pouco mais macia quando molhada<\/li>\n<li>Fabricada na Europa<\/li>\n<\/ul>\n","protected":false},"excerpt":{"rendered":"<p>Corda Mar\u00edtima Preta 26 mm x 100 m &#8211; Esta corda de poli\u00e9ster de m\u00e9dia resist\u00eancia, com tr\u00eas cordas torcidas,<\/p>\n","protected":false},"featured_media":5939641,"comment_status":"open","ping_status":"closed","template":"","meta":[],"product_brand":[3102],"product_cat":[1909,2149],"product_tag":[],"class_list":{"0":"post-747490","1":"product","2":"type-product","3":"status-publish","4":"has-post-thumbnail","6":"product_brand-marco-benvenuti-pt","7":"product_cat-cabos-de-amarracao","8":"product_cat-cabos-de-fundear","10":"first","11":"instock","12":"shipping-taxable","13":"purchasable","14":"product-type-simple"},"_links":{"self":[{"href":"https:\/\/stoic-curie.212-227-153-4.plesk.page\/pt\/wp-json\/wp\/v2\/product\/747490","targetHints":{"allow":["GET"]}}],"collection":[{"href":"https:\/\/stoic-curie.212-227-153-4.plesk.page\/pt\/wp-json\/wp\/v2\/product"}],"about":[{"href":"https:\/\/stoic-curie.212-227-153-4.plesk.page\/pt\/wp-json\/wp\/v2\/types\/product"}],"replies":[{"embeddable":true,"href":"https:\/\/stoic-curie.212-227-153-4.plesk.page\/pt\/wp-json\/wp\/v2\/comments?post=747490"}],"version-history":[{"count":0,"href":"https:\/\/stoic-curie.212-227-153-4.plesk.page\/pt\/wp-json\/wp\/v2\/product\/747490\/revisions"}],"wp:featuredmedia":[{"embeddable":true,"href":"https:\/\/stoic-curie.212-227-153-4.plesk.page\/pt\/wp-json\/wp\/v2\/media\/5939641"}],"wp:attachment":[{"href":"https:\/\/stoic-curie.212-227-153-4.plesk.page\/pt\/wp-json\/wp\/v2\/media?parent=747490"}],"wp:term":[{"taxonomy":"product_brand","embeddable":true,"href":"https:\/\/stoic-curie.212-227-153-4.plesk.page\/pt\/wp-json\/wp\/v2\/product_brand?post=747490"},{"taxonomy":"product_cat","embeddable":true,"href":"https:\/\/stoic-curie.212-227-153-4.plesk.page\/pt\/wp-json\/wp\/v2\/product_cat?post=747490"},{"taxonomy":"product_tag","embeddable":true,"href":"https:\/\/stoic-curie.212-227-153-4.plesk.page\/pt\/wp-json\/wp\/v2\/product_tag?post=747490"}],"curies":[{"name":"wp","href":"https:\/\/api.w.org\/{rel}","templated":true}]}}