{"id":747493,"date":"2025-03-03T20:58:22","date_gmt":"2025-03-03T19:58:22","guid":{"rendered":"https:\/\/stoic-curie.212-227-153-4.plesk.page\/producto\/corda-maritima-preta-classic-36-mm-x-100-m\/"},"modified":"2026-02-25T00:27:52","modified_gmt":"2026-02-25T00:27:52","slug":"corda-maritima-preta-classic-36-mm-x-100-m","status":"publish","type":"product","link":"https:\/\/stoic-curie.212-227-153-4.plesk.page\/pt\/product\/corda-maritima-preta-classic-36-mm-x-100-m\/","title":{"rendered":"Corda Mar\u00edtima Preta 36 mm x 100 m"},"content":{"rendered":"<p>Corda Mar\u00edtima Preta 36 mm x 100 m &#8211; <\/p>\n<p>Esta corda de poli\u00e9ster de m\u00e9dia resist\u00eancia, composta por tr\u00eas fios, \u00e9 uma excelente escolha para ancoragem e atraca\u00e7\u00e3o. \u00c9 feita inteiramente a partir de garrafas pl\u00e1sticas PET recicladas, que chamamos de rPET (PET reciclado). Voc\u00ea perceber\u00e1 que este poli\u00e9ster ecol\u00f3gico funciona t\u00e3o bem quanto a corda de poli\u00e9ster comum.<\/p>\n<p>No mundo da navega\u00e7\u00e3o, a corda de poli\u00e9ster \u00e9 extremamente vers\u00e1til e muitas vezes \u00e9 utilizada para linhas de \u00e2ncora, linhas de amarra\u00e7\u00e3o, linhas de prote\u00e7\u00e3o, cordas de seguran\u00e7a e at\u00e9 mesmo para tarefas de guincho ou i\u00e7amento.<\/p>\n<p>Abaixo est\u00e3o algumas caracter\u00edsticas principais desta corda:<\/p>\n<ul>\n<li>Design tran\u00e7ado com tr\u00eas fios<\/li>\n<li>Feita de materiais sint\u00e9ticos<\/li>\n<li>Permanecer\u00e1 forte mesmo quando molhada<\/li>\n<li>Resistente \u00e0 \u00e1gua, raios UV, deteriora\u00e7\u00e3o e desgaste<\/li>\n<li>N\u00e3o flutua e fica mais macia quando molhada<\/li>\n<li>Produzida na Europa<\/li>\n<\/ul>\n","protected":false},"excerpt":{"rendered":"<p>Corda Mar\u00edtima Preta 36 mm x 100 m &#8211; Esta corda de poli\u00e9ster de m\u00e9dia resist\u00eancia, composta por tr\u00eas fios,<\/p>\n","protected":false},"featured_media":5939641,"comment_status":"open","ping_status":"closed","template":"","meta":[],"product_brand":[3207],"product_cat":[1909,2149],"product_tag":[],"class_list":{"0":"post-747493","1":"product","2":"type-product","3":"status-publish","4":"has-post-thumbnail","6":"product_brand-nova-argonautica-pt","7":"product_cat-cabos-de-amarracao","8":"product_cat-cabos-de-fundear","10":"first","11":"instock","12":"shipping-taxable","13":"purchasable","14":"product-type-simple"},"_links":{"self":[{"href":"https:\/\/stoic-curie.212-227-153-4.plesk.page\/pt\/wp-json\/wp\/v2\/product\/747493","targetHints":{"allow":["GET"]}}],"collection":[{"href":"https:\/\/stoic-curie.212-227-153-4.plesk.page\/pt\/wp-json\/wp\/v2\/product"}],"about":[{"href":"https:\/\/stoic-curie.212-227-153-4.plesk.page\/pt\/wp-json\/wp\/v2\/types\/product"}],"replies":[{"embeddable":true,"href":"https:\/\/stoic-curie.212-227-153-4.plesk.page\/pt\/wp-json\/wp\/v2\/comments?post=747493"}],"version-history":[{"count":0,"href":"https:\/\/stoic-curie.212-227-153-4.plesk.page\/pt\/wp-json\/wp\/v2\/product\/747493\/revisions"}],"wp:featuredmedia":[{"embeddable":true,"href":"https:\/\/stoic-curie.212-227-153-4.plesk.page\/pt\/wp-json\/wp\/v2\/media\/5939641"}],"wp:attachment":[{"href":"https:\/\/stoic-curie.212-227-153-4.plesk.page\/pt\/wp-json\/wp\/v2\/media?parent=747493"}],"wp:term":[{"taxonomy":"product_brand","embeddable":true,"href":"https:\/\/stoic-curie.212-227-153-4.plesk.page\/pt\/wp-json\/wp\/v2\/product_brand?post=747493"},{"taxonomy":"product_cat","embeddable":true,"href":"https:\/\/stoic-curie.212-227-153-4.plesk.page\/pt\/wp-json\/wp\/v2\/product_cat?post=747493"},{"taxonomy":"product_tag","embeddable":true,"href":"https:\/\/stoic-curie.212-227-153-4.plesk.page\/pt\/wp-json\/wp\/v2\/product_tag?post=747493"}],"curies":[{"name":"wp","href":"https:\/\/api.w.org\/{rel}","templated":true}]}}