{"id":747494,"date":"2025-03-03T20:58:23","date_gmt":"2025-03-03T19:58:23","guid":{"rendered":"https:\/\/stoic-curie.212-227-153-4.plesk.page\/producto\/cabo-marino-negro-classic-40mm-x-100mt\/"},"modified":"2026-02-25T00:27:52","modified_gmt":"2026-02-25T00:27:52","slug":"cabo-marino-negro-classic-40mm-x-100mt","status":"publish","type":"product","link":"https:\/\/stoic-curie.212-227-153-4.plesk.page\/pt\/product\/cabo-marino-negro-classic-40mm-x-100mt\/","title":{"rendered":"Corda Marinha Preta 40mm x 100mt"},"content":{"rendered":"<p>Corda Marinha Preta 40mm x 100mt &#8211; <\/p>\n<p style=\"color: rgb(34, 34, 34); font-family: Arial, Helvetica, sans-serif; font-size: small;\">Esta corda de poli\u00e9ster de resist\u00eancia m\u00e9dia, fabricada com tr\u00eas cordas, \u00e9 perfeita tanto para atraca\u00e7\u00e3o quanto para ancoragem. \u00c9 inteiramente feita a partir de garrafas pl\u00e1sticas PET recicladas, referidas como rPET (PET reciclado). O desempenho desta corda de poli\u00e9ster ecol\u00f3gica se assemelha ao da corda de poli\u00e9ster convencional.<\/p>\n<p style=\"color: rgb(34, 34, 34); font-family: Arial, Helvetica, sans-serif; font-size: small;\">No setor n\u00e1utico, a corda de poli\u00e9ster \u00e9 uma op\u00e7\u00e3o flex\u00edvel, frequentemente utilizada para linhas de \u00e2ncora, linhas de amarra\u00e7\u00e3o, linhas de fender, linhas de seguran\u00e7a e para tarefas de guincho ou i\u00e7amento.<\/p>\n<p style=\"color: rgb(34, 34, 34); font-family: Arial, Helvetica, sans-serif; font-size: small;\">Aqui est\u00e3o as principais caracter\u00edsticas desta corda:<\/p>\n<ul style=\"color: rgb(34, 34, 34); font-family: Arial, Helvetica, sans-serif; font-size: small;\">\n<li>Design torcido de tr\u00eas cordas<\/li>\n<li>Constru\u00edda a partir de materiais sint\u00e9ticos<\/li>\n<li>Ret\u00e9m a resist\u00eancia mesmo quando molhada<\/li>\n<li>Resistente \u00e0 \u00e1gua, \u00e0 exposi\u00e7\u00e3o UV, ao apodrecimento e ao desgaste<\/li>\n<li>N\u00e3o flutua e fica mais macia quando molhada<\/li>\n<li>Produzida na Europa<\/li>\n<\/ul>\n","protected":false},"excerpt":{"rendered":"<p>Corda Marinha Preta 40mm x 100mt &#8211; Esta corda de poli\u00e9ster de resist\u00eancia m\u00e9dia, fabricada com tr\u00eas cordas, \u00e9 perfeita<\/p>\n","protected":false},"featured_media":5939641,"comment_status":"open","ping_status":"closed","template":"","meta":[],"product_brand":[3207],"product_cat":[1909,2149],"product_tag":[],"class_list":{"0":"post-747494","1":"product","2":"type-product","3":"status-publish","4":"has-post-thumbnail","6":"product_brand-nova-argonautica-pt","7":"product_cat-cabos-de-amarracao","8":"product_cat-cabos-de-fundear","10":"first","11":"instock","12":"shipping-taxable","13":"purchasable","14":"product-type-simple"},"_links":{"self":[{"href":"https:\/\/stoic-curie.212-227-153-4.plesk.page\/pt\/wp-json\/wp\/v2\/product\/747494","targetHints":{"allow":["GET"]}}],"collection":[{"href":"https:\/\/stoic-curie.212-227-153-4.plesk.page\/pt\/wp-json\/wp\/v2\/product"}],"about":[{"href":"https:\/\/stoic-curie.212-227-153-4.plesk.page\/pt\/wp-json\/wp\/v2\/types\/product"}],"replies":[{"embeddable":true,"href":"https:\/\/stoic-curie.212-227-153-4.plesk.page\/pt\/wp-json\/wp\/v2\/comments?post=747494"}],"version-history":[{"count":0,"href":"https:\/\/stoic-curie.212-227-153-4.plesk.page\/pt\/wp-json\/wp\/v2\/product\/747494\/revisions"}],"wp:featuredmedia":[{"embeddable":true,"href":"https:\/\/stoic-curie.212-227-153-4.plesk.page\/pt\/wp-json\/wp\/v2\/media\/5939641"}],"wp:attachment":[{"href":"https:\/\/stoic-curie.212-227-153-4.plesk.page\/pt\/wp-json\/wp\/v2\/media?parent=747494"}],"wp:term":[{"taxonomy":"product_brand","embeddable":true,"href":"https:\/\/stoic-curie.212-227-153-4.plesk.page\/pt\/wp-json\/wp\/v2\/product_brand?post=747494"},{"taxonomy":"product_cat","embeddable":true,"href":"https:\/\/stoic-curie.212-227-153-4.plesk.page\/pt\/wp-json\/wp\/v2\/product_cat?post=747494"},{"taxonomy":"product_tag","embeddable":true,"href":"https:\/\/stoic-curie.212-227-153-4.plesk.page\/pt\/wp-json\/wp\/v2\/product_tag?post=747494"}],"curies":[{"name":"wp","href":"https:\/\/api.w.org\/{rel}","templated":true}]}}