{"id":747499,"date":"2025-03-03T20:58:24","date_gmt":"2025-03-03T19:58:24","guid":{"rendered":"https:\/\/stoic-curie.212-227-153-4.plesk.page\/producto\/bobina-de-cinta-nawa-para-amarra-25mm-x-32m\/"},"modified":"2026-02-25T00:27:52","modified_gmt":"2026-02-25T00:27:52","slug":"bobina-de-cinta-nawa-para-amarra-25mm-x-32m","status":"publish","type":"product","link":"https:\/\/stoic-curie.212-227-153-4.plesk.page\/pt\/product\/bobina-de-cinta-nawa-para-amarra-25mm-x-32m\/","title":{"rendered":"Bobina de Cinta Nawa para Amarra 25mm x 32m"},"content":{"rendered":"<p>Bobina de Cinta Nawa para Amarra 25mm x 32m &#8211; <\/p>\n<p>Sistema de amarra\u00e7\u00e3o r\u00e1pido e seguro composto por: &#8211; Cinto plano macio de alta resist\u00eancia &#8211; Carretel de ancoragem de a\u00e7o inoxid\u00e1vel 316 de alta resist\u00eancia com um freio de fric\u00e7\u00e3o ajust\u00e1vel &#8211; Montagem de trilho universal ou mural.<\/p>\n","protected":false},"excerpt":{"rendered":"<p>Bobina de Cinta Nawa para Amarra 25mm x 32m &#8211; Sistema de amarra\u00e7\u00e3o r\u00e1pido e seguro composto por: &#8211; Cinto<\/p>\n","protected":false},"featured_media":5939675,"comment_status":"open","ping_status":"closed","template":"","meta":[],"product_brand":[3182],"product_cat":[1909,2125],"product_tag":[],"class_list":{"0":"post-747499","1":"product","2":"type-product","3":"status-publish","4":"has-post-thumbnail","6":"product_brand-nawa-pt","7":"product_cat-cabos-de-amarracao","8":"product_cat-correias-e-cintas-com-roquete","10":"first","11":"instock","12":"shipping-taxable","13":"purchasable","14":"product-type-simple"},"_links":{"self":[{"href":"https:\/\/stoic-curie.212-227-153-4.plesk.page\/pt\/wp-json\/wp\/v2\/product\/747499","targetHints":{"allow":["GET"]}}],"collection":[{"href":"https:\/\/stoic-curie.212-227-153-4.plesk.page\/pt\/wp-json\/wp\/v2\/product"}],"about":[{"href":"https:\/\/stoic-curie.212-227-153-4.plesk.page\/pt\/wp-json\/wp\/v2\/types\/product"}],"replies":[{"embeddable":true,"href":"https:\/\/stoic-curie.212-227-153-4.plesk.page\/pt\/wp-json\/wp\/v2\/comments?post=747499"}],"version-history":[{"count":0,"href":"https:\/\/stoic-curie.212-227-153-4.plesk.page\/pt\/wp-json\/wp\/v2\/product\/747499\/revisions"}],"wp:featuredmedia":[{"embeddable":true,"href":"https:\/\/stoic-curie.212-227-153-4.plesk.page\/pt\/wp-json\/wp\/v2\/media\/5939675"}],"wp:attachment":[{"href":"https:\/\/stoic-curie.212-227-153-4.plesk.page\/pt\/wp-json\/wp\/v2\/media?parent=747499"}],"wp:term":[{"taxonomy":"product_brand","embeddable":true,"href":"https:\/\/stoic-curie.212-227-153-4.plesk.page\/pt\/wp-json\/wp\/v2\/product_brand?post=747499"},{"taxonomy":"product_cat","embeddable":true,"href":"https:\/\/stoic-curie.212-227-153-4.plesk.page\/pt\/wp-json\/wp\/v2\/product_cat?post=747499"},{"taxonomy":"product_tag","embeddable":true,"href":"https:\/\/stoic-curie.212-227-153-4.plesk.page\/pt\/wp-json\/wp\/v2\/product_tag?post=747499"}],"curies":[{"name":"wp","href":"https:\/\/api.w.org\/{rel}","templated":true}]}}