{"id":747501,"date":"2025-03-03T20:58:25","date_gmt":"2025-03-03T19:58:25","guid":{"rendered":"https:\/\/stoic-curie.212-227-153-4.plesk.page\/producto\/cortador-eletrico-de-corda-fusion-220v-60w\/"},"modified":"2026-02-25T00:27:52","modified_gmt":"2026-02-25T00:27:52","slug":"cortador-eletrico-de-corda-fusion-220v-60w","status":"publish","type":"product","link":"https:\/\/stoic-curie.212-227-153-4.plesk.page\/pt\/product\/cortador-eletrico-de-corda-fusion-220v-60w\/","title":{"rendered":"Cortador El\u00e9trico de Corda Fusion 220V 60W"},"content":{"rendered":"<p>Cortador El\u00e9trico de Corda Fusion 220V 60W &#8211; <\/p>\n<p>Cortador de corda el\u00e9trico 220V 60W para corte a quente de cordas e tran\u00e7as. Tamb\u00e9m adequado para velas, toldos, cintos, fitas e corte de lona sint\u00e9tica.<\/p>\n","protected":false},"excerpt":{"rendered":"<p>Cortador El\u00e9trico de Corda Fusion 220V 60W &#8211; Cortador de corda el\u00e9trico 220V 60W para corte a quente de cordas<\/p>\n","protected":false},"featured_media":5939682,"comment_status":"open","ping_status":"closed","template":"","meta":[],"product_brand":[3067],"product_cat":[2143,1900],"product_tag":[],"class_list":{"0":"post-747501","1":"product","2":"type-product","3":"status-publish","4":"has-post-thumbnail","6":"product_brand-liros-pt","7":"product_cat-facas-canivetes-e-ferramentas","8":"product_cat-ferramentas-para-remendos","10":"first","11":"instock","12":"shipping-taxable","13":"purchasable","14":"product-type-simple"},"_links":{"self":[{"href":"https:\/\/stoic-curie.212-227-153-4.plesk.page\/pt\/wp-json\/wp\/v2\/product\/747501","targetHints":{"allow":["GET"]}}],"collection":[{"href":"https:\/\/stoic-curie.212-227-153-4.plesk.page\/pt\/wp-json\/wp\/v2\/product"}],"about":[{"href":"https:\/\/stoic-curie.212-227-153-4.plesk.page\/pt\/wp-json\/wp\/v2\/types\/product"}],"replies":[{"embeddable":true,"href":"https:\/\/stoic-curie.212-227-153-4.plesk.page\/pt\/wp-json\/wp\/v2\/comments?post=747501"}],"version-history":[{"count":0,"href":"https:\/\/stoic-curie.212-227-153-4.plesk.page\/pt\/wp-json\/wp\/v2\/product\/747501\/revisions"}],"wp:featuredmedia":[{"embeddable":true,"href":"https:\/\/stoic-curie.212-227-153-4.plesk.page\/pt\/wp-json\/wp\/v2\/media\/5939682"}],"wp:attachment":[{"href":"https:\/\/stoic-curie.212-227-153-4.plesk.page\/pt\/wp-json\/wp\/v2\/media?parent=747501"}],"wp:term":[{"taxonomy":"product_brand","embeddable":true,"href":"https:\/\/stoic-curie.212-227-153-4.plesk.page\/pt\/wp-json\/wp\/v2\/product_brand?post=747501"},{"taxonomy":"product_cat","embeddable":true,"href":"https:\/\/stoic-curie.212-227-153-4.plesk.page\/pt\/wp-json\/wp\/v2\/product_cat?post=747501"},{"taxonomy":"product_tag","embeddable":true,"href":"https:\/\/stoic-curie.212-227-153-4.plesk.page\/pt\/wp-json\/wp\/v2\/product_tag?post=747501"}],"curies":[{"name":"wp","href":"https:\/\/api.w.org\/{rel}","templated":true}]}}