{"id":747503,"date":"2025-03-03T20:58:26","date_gmt":"2025-03-03T19:58:26","guid":{"rendered":"https:\/\/stoic-curie.212-227-153-4.plesk.page\/producto\/kit-de-emenda-de-corda-liros-rigger-bag\/"},"modified":"2026-02-25T00:27:52","modified_gmt":"2026-02-25T00:27:52","slug":"kit-de-emenda-de-corda-liros-rigger-bag","status":"publish","type":"product","link":"https:\/\/stoic-curie.212-227-153-4.plesk.page\/pt\/product\/kit-de-emenda-de-corda-liros-rigger-bag\/","title":{"rendered":"Kit de Emenda de Corda Liros Rigger Bag"},"content":{"rendered":"<p>Kit de Emenda de Corda Liros Rigger Bag &#8211; <\/p>\n<p>Kit de emenda de bolsa de rigger com todas as ferramentas e acess\u00f3rios necess\u00e1rios para trabalhar com todas as cordas conhecidas. Perfeito para usu\u00e1rios profissionais e do-it-yourself. Dimens\u00f5es: 41 x 31 x 10 cm. Compartimento para laptop para dispositivos com tamanho de tela de at\u00e9 17 polegadas.<\/p>\n<p>Caracter\u00edsticas:<br \/>\u2022 1 x agulha de acabamento LIROS<br \/>\u2022 1 x fid sueco<br \/>\u2022 3 x agulhas de emenda (5,5 &#8211; 7,5 &#8211; 10 mm)<br \/>\u2022 Cat\u00e1logo LIROS<br \/>\u2022 Pen drive LIROS com instru\u00e7\u00f5es de emenda<br \/>\u2022 Fita LIROS<br \/>\u2022 Linha de acabamento Dyneema<br \/>\u2022 1 x caneta<br \/>\u2022 1 x isqueiro<\/p>\n","protected":false},"excerpt":{"rendered":"<p>Kit de Emenda de Corda Liros Rigger Bag &#8211; Kit de emenda de bolsa de rigger com todas as ferramentas<\/p>\n","protected":false},"featured_media":5939689,"comment_status":"open","ping_status":"closed","template":"","meta":[],"product_brand":[3067],"product_cat":[2143,1900],"product_tag":[],"class_list":{"0":"post-747503","1":"product","2":"type-product","3":"status-publish","4":"has-post-thumbnail","6":"product_brand-liros-pt","7":"product_cat-facas-canivetes-e-ferramentas","8":"product_cat-ferramentas-para-remendos","10":"first","11":"instock","12":"shipping-taxable","13":"purchasable","14":"product-type-simple"},"_links":{"self":[{"href":"https:\/\/stoic-curie.212-227-153-4.plesk.page\/pt\/wp-json\/wp\/v2\/product\/747503","targetHints":{"allow":["GET"]}}],"collection":[{"href":"https:\/\/stoic-curie.212-227-153-4.plesk.page\/pt\/wp-json\/wp\/v2\/product"}],"about":[{"href":"https:\/\/stoic-curie.212-227-153-4.plesk.page\/pt\/wp-json\/wp\/v2\/types\/product"}],"replies":[{"embeddable":true,"href":"https:\/\/stoic-curie.212-227-153-4.plesk.page\/pt\/wp-json\/wp\/v2\/comments?post=747503"}],"version-history":[{"count":0,"href":"https:\/\/stoic-curie.212-227-153-4.plesk.page\/pt\/wp-json\/wp\/v2\/product\/747503\/revisions"}],"wp:featuredmedia":[{"embeddable":true,"href":"https:\/\/stoic-curie.212-227-153-4.plesk.page\/pt\/wp-json\/wp\/v2\/media\/5939689"}],"wp:attachment":[{"href":"https:\/\/stoic-curie.212-227-153-4.plesk.page\/pt\/wp-json\/wp\/v2\/media?parent=747503"}],"wp:term":[{"taxonomy":"product_brand","embeddable":true,"href":"https:\/\/stoic-curie.212-227-153-4.plesk.page\/pt\/wp-json\/wp\/v2\/product_brand?post=747503"},{"taxonomy":"product_cat","embeddable":true,"href":"https:\/\/stoic-curie.212-227-153-4.plesk.page\/pt\/wp-json\/wp\/v2\/product_cat?post=747503"},{"taxonomy":"product_tag","embeddable":true,"href":"https:\/\/stoic-curie.212-227-153-4.plesk.page\/pt\/wp-json\/wp\/v2\/product_tag?post=747503"}],"curies":[{"name":"wp","href":"https:\/\/api.w.org\/{rel}","templated":true}]}}