{"id":747508,"date":"2025-03-03T20:58:28","date_gmt":"2025-03-03T19:58:28","guid":{"rendered":"https:\/\/stoic-curie.212-227-153-4.plesk.page\/producto\/bimini-tessilmare-de-aluminio-branco-com-3-arcos-170cm-de-comprimento-x-180cm-a140cm\/"},"modified":"2026-02-25T00:27:52","modified_gmt":"2026-02-25T00:27:52","slug":"bimini-tessilmare-de-aluminio-branco-com-3-arcos-170cm-de-comprimento-x-180cm-a140cm","status":"publish","type":"product","link":"https:\/\/stoic-curie.212-227-153-4.plesk.page\/pt\/product\/bimini-tessilmare-de-aluminio-branco-com-3-arcos-170cm-de-comprimento-x-180cm-a140cm\/","title":{"rendered":"Bimini Tessilmare de Alum\u00ednio Branco com 3 Arcos 170cm de Comprimento x 180cm A140cm"},"content":{"rendered":"<p>Bimini Tessilmare de Alum\u00ednio Branco com 3 Arcos 170cm de Comprimento x 180cm A140cm &#8211; <\/p>\n<p>Bimini de prote\u00e7\u00e3o solar de 3 arcos. Estrutura de alum\u00ednio pintada de branco, tecido 100% poli\u00e9ster revestido de PVC. Tubos de 20 mm.<\/p>\n","protected":false},"excerpt":{"rendered":"<p>Bimini Tessilmare de Alum\u00ednio Branco com 3 Arcos 170cm de Comprimento x 180cm A140cm &#8211; Bimini de prote\u00e7\u00e3o solar de<\/p>\n","protected":false},"featured_media":5939744,"comment_status":"open","ping_status":"closed","template":"","meta":[],"product_brand":[3482],"product_cat":[1976],"product_tag":[],"class_list":{"0":"post-747508","1":"product","2":"type-product","3":"status-publish","4":"has-post-thumbnail","6":"product_brand-tessilmare-pt","7":"product_cat-toldos-bimini-hardware-nautico","9":"first","10":"instock","11":"shipping-taxable","12":"purchasable","13":"product-type-simple"},"_links":{"self":[{"href":"https:\/\/stoic-curie.212-227-153-4.plesk.page\/pt\/wp-json\/wp\/v2\/product\/747508","targetHints":{"allow":["GET"]}}],"collection":[{"href":"https:\/\/stoic-curie.212-227-153-4.plesk.page\/pt\/wp-json\/wp\/v2\/product"}],"about":[{"href":"https:\/\/stoic-curie.212-227-153-4.plesk.page\/pt\/wp-json\/wp\/v2\/types\/product"}],"replies":[{"embeddable":true,"href":"https:\/\/stoic-curie.212-227-153-4.plesk.page\/pt\/wp-json\/wp\/v2\/comments?post=747508"}],"version-history":[{"count":0,"href":"https:\/\/stoic-curie.212-227-153-4.plesk.page\/pt\/wp-json\/wp\/v2\/product\/747508\/revisions"}],"wp:featuredmedia":[{"embeddable":true,"href":"https:\/\/stoic-curie.212-227-153-4.plesk.page\/pt\/wp-json\/wp\/v2\/media\/5939744"}],"wp:attachment":[{"href":"https:\/\/stoic-curie.212-227-153-4.plesk.page\/pt\/wp-json\/wp\/v2\/media?parent=747508"}],"wp:term":[{"taxonomy":"product_brand","embeddable":true,"href":"https:\/\/stoic-curie.212-227-153-4.plesk.page\/pt\/wp-json\/wp\/v2\/product_brand?post=747508"},{"taxonomy":"product_cat","embeddable":true,"href":"https:\/\/stoic-curie.212-227-153-4.plesk.page\/pt\/wp-json\/wp\/v2\/product_cat?post=747508"},{"taxonomy":"product_tag","embeddable":true,"href":"https:\/\/stoic-curie.212-227-153-4.plesk.page\/pt\/wp-json\/wp\/v2\/product_tag?post=747508"}],"curies":[{"name":"wp","href":"https:\/\/api.w.org\/{rel}","templated":true}]}}