{"id":747511,"date":"2025-03-03T20:58:29","date_gmt":"2025-03-03T19:58:29","guid":{"rendered":"https:\/\/stoic-curie.212-227-153-4.plesk.page\/producto\/bimini-f3-de-aluminio-de-3-arcos-branco-225cm-de-comprimento-x-180cm-a140cm\/"},"modified":"2026-02-25T00:27:52","modified_gmt":"2026-02-25T00:27:52","slug":"bimini-f3-de-aluminio-de-3-arcos-branco-225cm-de-comprimento-x-180cm-a140cm","status":"publish","type":"product","link":"https:\/\/stoic-curie.212-227-153-4.plesk.page\/pt\/product\/bimini-f3-de-aluminio-de-3-arcos-branco-225cm-de-comprimento-x-180cm-a140cm\/","title":{"rendered":"Bimini F3 de Alum\u00ednio de 3 Arcos Branco 225cm de Comprimento x 180cm A140cm"},"content":{"rendered":"<p>Bimini F3 de Alum\u00ednio de 3 Arcos Branco 225cm de Comprimento x 180cm A140cm &#8211; <\/p>\n<p>Bimini de 3 arcos para sol e \u00e1gua. Estrutura de alum\u00ednio pintada de branco, tecido de poli\u00e9ster com revestimento de PVC 100%. Tubos de 20 mm.<\/p>\n","protected":false},"excerpt":{"rendered":"<p>Bimini F3 de Alum\u00ednio de 3 Arcos Branco 225cm de Comprimento x 180cm A140cm &#8211; Bimini de 3 arcos para<\/p>\n","protected":false},"featured_media":5936248,"comment_status":"open","ping_status":"closed","template":"","meta":[],"product_brand":[3187],"product_cat":[1976],"product_tag":[],"class_list":{"0":"post-747511","1":"product","2":"type-product","3":"status-publish","4":"has-post-thumbnail","6":"product_brand-nettuno-pt","7":"product_cat-toldos-bimini-hardware-nautico","9":"first","10":"instock","11":"shipping-taxable","12":"purchasable","13":"product-type-simple"},"_links":{"self":[{"href":"https:\/\/stoic-curie.212-227-153-4.plesk.page\/pt\/wp-json\/wp\/v2\/product\/747511","targetHints":{"allow":["GET"]}}],"collection":[{"href":"https:\/\/stoic-curie.212-227-153-4.plesk.page\/pt\/wp-json\/wp\/v2\/product"}],"about":[{"href":"https:\/\/stoic-curie.212-227-153-4.plesk.page\/pt\/wp-json\/wp\/v2\/types\/product"}],"replies":[{"embeddable":true,"href":"https:\/\/stoic-curie.212-227-153-4.plesk.page\/pt\/wp-json\/wp\/v2\/comments?post=747511"}],"version-history":[{"count":0,"href":"https:\/\/stoic-curie.212-227-153-4.plesk.page\/pt\/wp-json\/wp\/v2\/product\/747511\/revisions"}],"wp:featuredmedia":[{"embeddable":true,"href":"https:\/\/stoic-curie.212-227-153-4.plesk.page\/pt\/wp-json\/wp\/v2\/media\/5936248"}],"wp:attachment":[{"href":"https:\/\/stoic-curie.212-227-153-4.plesk.page\/pt\/wp-json\/wp\/v2\/media?parent=747511"}],"wp:term":[{"taxonomy":"product_brand","embeddable":true,"href":"https:\/\/stoic-curie.212-227-153-4.plesk.page\/pt\/wp-json\/wp\/v2\/product_brand?post=747511"},{"taxonomy":"product_cat","embeddable":true,"href":"https:\/\/stoic-curie.212-227-153-4.plesk.page\/pt\/wp-json\/wp\/v2\/product_cat?post=747511"},{"taxonomy":"product_tag","embeddable":true,"href":"https:\/\/stoic-curie.212-227-153-4.plesk.page\/pt\/wp-json\/wp\/v2\/product_tag?post=747511"}],"curies":[{"name":"wp","href":"https:\/\/api.w.org\/{rel}","templated":true}]}}