{"id":747516,"date":"2025-03-03T20:58:31","date_gmt":"2025-03-03T19:58:31","guid":{"rendered":"https:\/\/stoic-curie.212-227-153-4.plesk.page\/producto\/bimini-f3-de-aco-inoxidavel-de-3-arcos-azul-235-x-245-x-a140-cm\/"},"modified":"2026-02-25T00:27:52","modified_gmt":"2026-02-25T00:27:52","slug":"bimini-f3-de-aco-inoxidavel-de-3-arcos-azul-235-x-245-x-a140-cm","status":"publish","type":"product","link":"https:\/\/stoic-curie.212-227-153-4.plesk.page\/pt\/product\/bimini-f3-de-aco-inoxidavel-de-3-arcos-azul-235-x-245-x-a140-cm\/","title":{"rendered":"Bimini F3 de A\u00e7o Inoxid\u00e1vel de 3 Arcos Azul 235 x 245 x A140 cm"},"content":{"rendered":"<p>Bimini F3 de A\u00e7o Inoxid\u00e1vel de 3 Arcos Azul 235 x 245 x A140 cm &#8211; <\/p>\n<p style=\"\"><span style=\"color: rgb(34, 34, 34); font-family: Arial, Helvetica, sans-serif; font-size: small; font-weight: 700;\">Bimini de A\u00e7o Inoxid\u00e1vel 3 Arcos F3 Azul 235 x 245 x H140 cm.&nbsp;<\/span><strong style=\"color: rgb(34, 34, 34); font-family: Arial, Helvetica, sans-serif; font-size: small;\">Bimini de A\u00e7o Inoxid\u00e1vel 3 Arcos: Sombra Dur\u00e1vel para Seu Barco<\/strong><\/p>\n<p style=\"color: rgb(34, 34, 34); font-family: Arial, Helvetica, sans-serif; font-size: small;\">O Bimini de A\u00e7o Inoxid\u00e1vel 3 Arcos \u00e9 uma cobertura forte e de alta qualidade para muitos tipos de barcos. Ele funciona bem em barcos abertos, tinnies, consoles centrais, consoles laterais, lanchas, botes infl\u00e1veis e barcos RIB. Seu design elegante possui uma estrutura de a\u00e7o inoxid\u00e1vel 316 \u00d822mm, proporcionando sombra e prote\u00e7\u00e3o confi\u00e1veis para suas viagens de barco.<\/p>\n<p style=\"color: rgb(34, 34, 34); font-family: Arial, Helvetica, sans-serif; font-size: small;\"><strong>Materiais Avan\u00e7ados para Durabilidade Duradoura<\/strong><\/p>\n<p style=\"color: rgb(34, 34, 34); font-family: Arial, Helvetica, sans-serif; font-size: small;\">Nosso Bimini de A\u00e7o Inoxid\u00e1vel 3 Arcos \u00e9 feito de tecido ATLAS de grau marinho com 310 g\/m\u00b2. Este tecido \u00e9 resistente a UV e intemp\u00e9ries, mantendo-se forte e com a cor vibrante mesmo em condi\u00e7\u00f5es marinhas dif\u00edceis. As ferragens de a\u00e7o inoxid\u00e1vel 316 de grau marinho aumentam sua durabilidade. O kit cont\u00e9m v\u00e1rios itens, incluindo uma estrutura de a\u00e7o inoxid\u00e1vel, uma cobertura de tecido com uma bolsa de armazenamento, cintas resistentes e travessas. Todas as pe\u00e7as necess\u00e1rias para uma instala\u00e7\u00e3o r\u00e1pida e f\u00e1cil tamb\u00e9m est\u00e3o inclu\u00eddas. Este Bimini \u00e9 muito pr\u00e1tico e apresenta um bom desempenho, proporcionando um passeio confort\u00e1vel na \u00e1gua. Voc\u00ea pode navegar a velocidades de at\u00e9 40 n\u00f3s.<\/p>\n<p style=\"color: rgb(34, 34, 34); font-family: Arial, Helvetica, sans-serif; font-size: small;\"><strong>Nota sobre Ferragens<\/strong><\/p>\n<p style=\"color: rgb(34, 34, 34); font-family: Arial, Helvetica, sans-serif; font-size: small;\">Bimini de A\u00e7o Inoxid\u00e1vel 3 Arcos F3 Azul 235 x 245 x H140 cm. O kit Bimini 3 Arcos Cl\u00e1ssico de A\u00e7o Inoxid\u00e1vel vem com todas as ferragens para montagem. No entanto, os fixadores ou parafusos para prender a estrutura do Bimini ao seu barco n\u00e3o est\u00e3o inclu\u00eddos. Voc\u00ea precisar\u00e1 encontrar fixadores compat\u00edveis com base no material do seu barco.<\/p>\n<p style=\"color: rgb(34, 34, 34); font-family: Arial, Helvetica, sans-serif; font-size: small;\"><strong>Armazenamento Conveniente para Retra\u00e7\u00e3o F\u00e1cil<\/strong><\/p>\n<p style=\"color: rgb(34, 34, 34); font-family: Arial, Helvetica, sans-serif; font-size: small;\">Nosso Bimini de A\u00e7o Inoxid\u00e1vel 3 Arcos \u00e9 f\u00e1cil de armazenar. A bolsa de armazenamento est\u00e1 localizada na parte inferior da cobertura. Este design facilita a retra\u00e7\u00e3o, al\u00e9m de evitar que materiais soltos fiquem a bordo. Voc\u00ea pode facilmente soltar as cintas. Isso permitir\u00e1 que voc\u00ea deite todo o Bimini plano sobre a borda do barco. Voc\u00ea tamb\u00e9m pode remov\u00ea-lo completamente desconectando os suportes de conv\u00e9s.<\/p>\n<p style=\"color: rgb(34, 34, 34); font-family: Arial, Helvetica, sans-serif; font-size: small;\"><strong>Durabilidade e Qualidade Excepcional<\/strong><\/p>\n<ul style=\"color: rgb(34, 34, 34); font-family: Arial, Helvetica, sans-serif; font-size: small;\">\n<li>Bimini de 3 Arcos com comprimento de cobertura de 183 cm (da frente para tr\u00e1s) e altura de 130 cm (pode ser cortado para 110 cm se necess\u00e1rio)<\/li>\n<li>Tecido ATLAS de grau marinho resistente \u00e0 \u00e1gua e respir\u00e1vel (310 g\/m\u00b2)<\/li>\n<li>Resistente a UV e intemp\u00e9ries, com resist\u00eancia \u00e0 descolora\u00e7\u00e3o classificada em grau 6-7<\/li>\n<li>Resistente a mofo e bolor<\/li>\n<li>Estrutura de a\u00e7o inoxid\u00e1vel 316 \u00d822mm para for\u00e7a e confiabilidade<\/li>\n<li>Fitas de nylon para amarra\u00e7\u00e3o na frente e atr\u00e1s (suportes traseiros s\u00f3lidos dispon\u00edveis separadamente)<\/li>\n<li>Ferragens de grau marinho<\/li>\n<li>Navega\u00e7\u00e3o confort\u00e1vel na \u00e1gua a velocidades de at\u00e9 40 n\u00f3s<\/li>\n<\/ul>\n","protected":false},"excerpt":{"rendered":"<p>Bimini F3 de A\u00e7o Inoxid\u00e1vel de 3 Arcos Azul 235 x 245 x A140 cm &#8211; Bimini de A\u00e7o Inoxid\u00e1vel<\/p>\n","protected":false},"featured_media":5937087,"comment_status":"open","ping_status":"closed","template":"","meta":[],"product_brand":[3187],"product_cat":[1976],"product_tag":[],"class_list":{"0":"post-747516","1":"product","2":"type-product","3":"status-publish","4":"has-post-thumbnail","6":"product_brand-nettuno-pt","7":"product_cat-toldos-bimini-hardware-nautico","9":"first","10":"instock","11":"shipping-taxable","12":"purchasable","13":"product-type-simple"},"_links":{"self":[{"href":"https:\/\/stoic-curie.212-227-153-4.plesk.page\/pt\/wp-json\/wp\/v2\/product\/747516","targetHints":{"allow":["GET"]}}],"collection":[{"href":"https:\/\/stoic-curie.212-227-153-4.plesk.page\/pt\/wp-json\/wp\/v2\/product"}],"about":[{"href":"https:\/\/stoic-curie.212-227-153-4.plesk.page\/pt\/wp-json\/wp\/v2\/types\/product"}],"replies":[{"embeddable":true,"href":"https:\/\/stoic-curie.212-227-153-4.plesk.page\/pt\/wp-json\/wp\/v2\/comments?post=747516"}],"version-history":[{"count":0,"href":"https:\/\/stoic-curie.212-227-153-4.plesk.page\/pt\/wp-json\/wp\/v2\/product\/747516\/revisions"}],"wp:featuredmedia":[{"embeddable":true,"href":"https:\/\/stoic-curie.212-227-153-4.plesk.page\/pt\/wp-json\/wp\/v2\/media\/5937087"}],"wp:attachment":[{"href":"https:\/\/stoic-curie.212-227-153-4.plesk.page\/pt\/wp-json\/wp\/v2\/media?parent=747516"}],"wp:term":[{"taxonomy":"product_brand","embeddable":true,"href":"https:\/\/stoic-curie.212-227-153-4.plesk.page\/pt\/wp-json\/wp\/v2\/product_brand?post=747516"},{"taxonomy":"product_cat","embeddable":true,"href":"https:\/\/stoic-curie.212-227-153-4.plesk.page\/pt\/wp-json\/wp\/v2\/product_cat?post=747516"},{"taxonomy":"product_tag","embeddable":true,"href":"https:\/\/stoic-curie.212-227-153-4.plesk.page\/pt\/wp-json\/wp\/v2\/product_tag?post=747516"}],"curies":[{"name":"wp","href":"https:\/\/api.w.org\/{rel}","templated":true}]}}