{"id":747517,"date":"2025-03-03T20:58:31","date_gmt":"2025-03-03T19:58:31","guid":{"rendered":"https:\/\/stoic-curie.212-227-153-4.plesk.page\/producto\/bimini-tessilmare-de-aco-inoxidavel-de-3-arcos-branco-180-x-170-x-a140cm\/"},"modified":"2026-02-25T00:27:52","modified_gmt":"2026-02-25T00:27:52","slug":"bimini-tessilmare-de-aco-inoxidavel-de-3-arcos-branco-180-x-170-x-a140cm","status":"publish","type":"product","link":"https:\/\/stoic-curie.212-227-153-4.plesk.page\/pt\/product\/bimini-tessilmare-de-aco-inoxidavel-de-3-arcos-branco-180-x-170-x-a140cm\/","title":{"rendered":"Bimini Tessilmare de A\u00e7o Inoxid\u00e1vel de 3 Arcos Branco 180 x 170 x A140cm"},"content":{"rendered":"<p>Bimini Tessilmare de A\u00e7o Inoxid\u00e1vel de 3 Arcos Branco 180 x 170 x A140cm &#8211; <\/p>\n<p style=\"color: rgb(34, 34, 34); font-family: Arial, Helvetica, sans-serif; font-size: small;\">O design de tr\u00eas arcos \u00e9 super resistente e compacto, apresentando uma rede totalmente imperme\u00e1vel e uma capa protetora. Essa configura\u00e7\u00e3o torna f\u00e1cil o uso por conta pr\u00f3pria ou a instala\u00e7\u00e3o permanente com postes de suporte opcionais, o que \u00e9 \u00f3timo para barcos abertos e balsas.<\/p>\n<p style=\"color: rgb(34, 34, 34); font-family: Arial, Helvetica, sans-serif; font-size: small;\">Ao receber o Biminox, ele vem desmontado e embalado com seguran\u00e7a em uma caixa. Gra\u00e7as a uma patente especial da Tessilmare, mont\u00e1-lo novamente \u00e9 muito f\u00e1cil. O toldo bimini para sol e \u00e1gua inclui tr\u00eas arcos remov\u00edveis.<\/p>\n<p style=\"color: rgb(34, 34, 34); font-family: Arial, Helvetica, sans-serif; font-size: small;\">\u00c9 feito de um resistente quadro de a\u00e7o inoxid\u00e1vel 316 e tecido em poli\u00e9ster revestido de PVC 100%, com tubos que t\u00eam um di\u00e2metro de 22mm. Al\u00e9m disso, com os suportes de poste opcionais, o bimini pode ficar fechado, parecendo uma barra de rolo.<\/p>\n<p style=\"color: rgb(34, 34, 34); font-family: Arial, Helvetica, sans-serif; font-size: small;\"><strong>Tessilmare Sun-Tops Completos<\/strong><br \/>Tessilmare se orgulha de seus sun-tops. Inova\u00e7\u00e3o e criatividade est\u00e3o no cora\u00e7\u00e3o do seu processo de fabrica\u00e7\u00e3o. Eles at\u00e9 realizam testes em t\u00fanel de vento em seus sun-tops para garantir que atendam aos altos padr\u00f5es da ind\u00fastria.<\/p>\n<p style=\"color: rgb(34, 34, 34); font-family: Arial, Helvetica, sans-serif; font-size: small;\">Este compromisso com a qualidade \u00e9 o motivo pelo qual a Tessilmare garante seus produtos com uma garantia vital\u00edcia.<\/p>\n<p style=\"color: rgb(34, 34, 34); font-family: Arial, Helvetica, sans-serif; font-size: small;\">O r\u00f3tulo &#8220;Feito na It\u00e1lia&#8221; \u00e9 uma parte importante de quem eles s\u00e3o. A Tessilmare obt\u00e9m materiais dos mercados locais, construindo rela\u00e7\u00f5es fortes com fornecedores italianos, e gerencia todo o processo de produ\u00e7\u00e3o internamente.<\/p>\n<p style=\"color: rgb(34, 34, 34); font-family: Arial, Helvetica, sans-serif; font-size: small;\"><strong>Escolha de Cores do Sun-Top<\/strong><\/p>\n<ul style=\"color: rgb(34, 34, 34); font-family: Arial, Helvetica, sans-serif; font-size: small;\">\n<li>Branco<\/li>\n<li>Azul Marinho<\/li>\n<\/ul>\n<p style=\"color: rgb(34, 34, 34); font-family: Arial, Helvetica, sans-serif; font-size: small;\"><strong>Larguras Dispon\u00edveis para Sun-Top<\/strong><\/p>\n<ul style=\"color: rgb(34, 34, 34); font-family: Arial, Helvetica, sans-serif; font-size: small;\">\n<li>150 cm<\/li>\n<li>170 cm<\/li>\n<li>185 cm<\/li>\n<li>200 cm<\/li>\n<li>215 cm<\/li>\n<li>230 cm<\/li>\n<li>245 cm<\/li>\n<\/ul>\n<p style=\"color: rgb(34, 34, 34); font-family: Arial, Helvetica, sans-serif; font-size: small;\"><strong>Material do Sun-Top<\/strong><\/p>\n<ul style=\"color: rgb(34, 34, 34); font-family: Arial, Helvetica, sans-serif; font-size: small;\">\n<li>Inox 22mm<\/li>\n<\/ul>\n<p style=\"color: rgb(34, 34, 34); font-family: Arial, Helvetica, sans-serif; font-size: small;\"><strong>Capacidade M\u00e1xima de Velocidade<\/strong><\/p>\n<ul style=\"color: rgb(34, 34, 34); font-family: Arial, Helvetica, sans-serif; font-size: small;\">\n<li>60 km\/h<\/li>\n<\/ul>\n","protected":false},"excerpt":{"rendered":"<p>Bimini Tessilmare de A\u00e7o Inoxid\u00e1vel de 3 Arcos Branco 180 x 170 x A140cm &#8211; O design de tr\u00eas arcos<\/p>\n","protected":false},"featured_media":5939755,"comment_status":"open","ping_status":"closed","template":"","meta":[],"product_brand":[3482],"product_cat":[1976],"product_tag":[],"class_list":{"0":"post-747517","1":"product","2":"type-product","3":"status-publish","4":"has-post-thumbnail","6":"product_brand-tessilmare-pt","7":"product_cat-toldos-bimini-hardware-nautico","9":"first","10":"instock","11":"shipping-taxable","12":"purchasable","13":"product-type-simple"},"_links":{"self":[{"href":"https:\/\/stoic-curie.212-227-153-4.plesk.page\/pt\/wp-json\/wp\/v2\/product\/747517","targetHints":{"allow":["GET"]}}],"collection":[{"href":"https:\/\/stoic-curie.212-227-153-4.plesk.page\/pt\/wp-json\/wp\/v2\/product"}],"about":[{"href":"https:\/\/stoic-curie.212-227-153-4.plesk.page\/pt\/wp-json\/wp\/v2\/types\/product"}],"replies":[{"embeddable":true,"href":"https:\/\/stoic-curie.212-227-153-4.plesk.page\/pt\/wp-json\/wp\/v2\/comments?post=747517"}],"version-history":[{"count":0,"href":"https:\/\/stoic-curie.212-227-153-4.plesk.page\/pt\/wp-json\/wp\/v2\/product\/747517\/revisions"}],"wp:featuredmedia":[{"embeddable":true,"href":"https:\/\/stoic-curie.212-227-153-4.plesk.page\/pt\/wp-json\/wp\/v2\/media\/5939755"}],"wp:attachment":[{"href":"https:\/\/stoic-curie.212-227-153-4.plesk.page\/pt\/wp-json\/wp\/v2\/media?parent=747517"}],"wp:term":[{"taxonomy":"product_brand","embeddable":true,"href":"https:\/\/stoic-curie.212-227-153-4.plesk.page\/pt\/wp-json\/wp\/v2\/product_brand?post=747517"},{"taxonomy":"product_cat","embeddable":true,"href":"https:\/\/stoic-curie.212-227-153-4.plesk.page\/pt\/wp-json\/wp\/v2\/product_cat?post=747517"},{"taxonomy":"product_tag","embeddable":true,"href":"https:\/\/stoic-curie.212-227-153-4.plesk.page\/pt\/wp-json\/wp\/v2\/product_tag?post=747517"}],"curies":[{"name":"wp","href":"https:\/\/api.w.org\/{rel}","templated":true}]}}