{"id":747519,"date":"2025-03-03T20:58:32","date_gmt":"2025-03-03T19:58:32","guid":{"rendered":"https:\/\/stoic-curie.212-227-153-4.plesk.page\/producto\/bimini-tessilmare-de-aco-inoxidavel-de-3-arcos-branco-180-x-230-x-a140cm\/"},"modified":"2026-02-25T00:27:52","modified_gmt":"2026-02-25T00:27:52","slug":"bimini-tessilmare-de-aco-inoxidavel-de-3-arcos-branco-180-x-230-x-a140cm","status":"publish","type":"product","link":"https:\/\/stoic-curie.212-227-153-4.plesk.page\/pt\/product\/bimini-tessilmare-de-aco-inoxidavel-de-3-arcos-branco-180-x-230-x-a140cm\/","title":{"rendered":"Bimini Tessilmare de A\u00e7o Inoxid\u00e1vel de 3 Arcos Branco 180 x 230 x A140cm"},"content":{"rendered":"<p>Bimini Tessilmare de A\u00e7o Inoxid\u00e1vel de 3 Arcos Branco 180 x 230 x A140cm &#8211; <\/p>\n<p style=\"color: rgb(34, 34, 34); font-family: Arial, Helvetica, sans-serif; font-size: small;\">A estrutura de tr\u00eas arcos \u00e9 robusta e compacta, apresentando uma rede totalmente imperme\u00e1vel junto com uma capa protetora. Este design permite uma configura\u00e7\u00e3o aut\u00f4noma simples ou uma instala\u00e7\u00e3o permanente com o uso de postes de suporte opcionais, tornando-o ideal para barcos abertos e jangadas.<\/p>\n<p style=\"color: rgb(34, 34, 34); font-family: Arial, Helvetica, sans-serif; font-size: small;\">O Biminox \u00e9 entregue de forma desmontada, devidamente embalado em uma caixa. Gra\u00e7as a uma patente especial da Tessilmare, a remontagem \u00e9 muito f\u00e1cil. O toldo bimini resistente \u00e0 \u00e1gua e ao sol inclui tr\u00eas arcos remov\u00edveis.<\/p>\n<p style=\"color: rgb(34, 34, 34); font-family: Arial, Helvetica, sans-serif; font-size: small;\">Constru\u00eddo com uma estrutura em a\u00e7o inoxid\u00e1vel 316 e tecido 100% poli\u00e9ster revestido em PVC, os tubos t\u00eam um di\u00e2metro de 22 mm. Com a adi\u00e7\u00e3o de suportes de poste opcionais, o bimini pode permanecer na posi\u00e7\u00e3o fechada, assemelhando-se a um arco rolante.<\/p>\n<p style=\"color: rgb(34, 34, 34); font-family: Arial, Helvetica, sans-serif; font-size: small;\"><strong>Tessilmare Sun-Tops Completamente Equipados<\/strong><br \/>Os sun-tops da Tessilmare s\u00e3o uma fonte de orgulho para a empresa. Inova\u00e7\u00e3o e criatividade s\u00e3o princ\u00edpios fundamentais no processo de produ\u00e7\u00e3o da Tessilmare. A empresa realiza rotineiramente testes em t\u00fanel de vento em seus sun-tops para garantir que atendam aos altos padr\u00f5es esperados no mercado.<\/p>\n<p style=\"color: rgb(34, 34, 34); font-family: Arial, Helvetica, sans-serif; font-size: small;\">Esse forte compromisso com a qualidade \u00e9 a raz\u00e3o pela qual a Tessilmare oferece uma garantia vital\u00edcia.<\/p>\n<p style=\"color: rgb(34, 34, 34); font-family: Arial, Helvetica, sans-serif; font-size: small;\">O r\u00f3tulo &#8220;Feito na It\u00e1lia&#8221; \u00e9 um aspecto essencial da identidade da empresa. A Tessilmare obt\u00e9m mat\u00e9ria-prima dos mercados locais, cultivando relacionamentos duradouros com fornecedores italianos, e supervisiona todo o processo de produ\u00e7\u00e3o internamente.<\/p>\n<p style=\"color: rgb(34, 34, 34); font-family: Arial, Helvetica, sans-serif; font-size: small;\"><strong>Op\u00e7\u00f5es de Cores do Sun-Top<\/strong><\/p>\n<ul style=\"color: rgb(34, 34, 34); font-family: Arial, Helvetica, sans-serif; font-size: small;\">\n<li>Branco<\/li>\n<li>Azul Marinho<\/li>\n<\/ul>\n<p style=\"color: rgb(34, 34, 34); font-family: Arial, Helvetica, sans-serif; font-size: small;\"><strong>Larguras Dispon\u00edveis do Sun-Top<\/strong><\/p>\n<ul style=\"color: rgb(34, 34, 34); font-family: Arial, Helvetica, sans-serif; font-size: small;\">\n<li>150 cm<\/li>\n<li>170 cm<\/li>\n<li>185 cm<\/li>\n<li>200 cm<\/li>\n<li>215 cm<\/li>\n<li>230 cm<\/li>\n<li>245 cm<\/li>\n<\/ul>\n<p style=\"color: rgb(34, 34, 34); font-family: Arial, Helvetica, sans-serif; font-size: small;\"><strong>Material do Sun-Top<\/strong><\/p>\n<ul style=\"color: rgb(34, 34, 34); font-family: Arial, Helvetica, sans-serif; font-size: small;\">\n<li>Inox 22 mm<\/li>\n<\/ul>\n<p style=\"color: rgb(34, 34, 34); font-family: Arial, Helvetica, sans-serif; font-size: small;\"><strong>Capacidade M\u00e1xima de Velocidade<\/strong><\/p>\n<ul style=\"color: rgb(34, 34, 34); font-family: Arial, Helvetica, sans-serif; font-size: small;\">\n<li>60 km\/h<\/li>\n<\/ul>\n","protected":false},"excerpt":{"rendered":"<p>Bimini Tessilmare de A\u00e7o Inoxid\u00e1vel de 3 Arcos Branco 180 x 230 x A140cm &#8211; A estrutura de tr\u00eas arcos<\/p>\n","protected":false},"featured_media":5939755,"comment_status":"open","ping_status":"closed","template":"","meta":[],"product_brand":[3482],"product_cat":[1976],"product_tag":[],"class_list":{"0":"post-747519","1":"product","2":"type-product","3":"status-publish","4":"has-post-thumbnail","6":"product_brand-tessilmare-pt","7":"product_cat-toldos-bimini-hardware-nautico","9":"first","10":"instock","11":"shipping-taxable","12":"purchasable","13":"product-type-simple"},"_links":{"self":[{"href":"https:\/\/stoic-curie.212-227-153-4.plesk.page\/pt\/wp-json\/wp\/v2\/product\/747519","targetHints":{"allow":["GET"]}}],"collection":[{"href":"https:\/\/stoic-curie.212-227-153-4.plesk.page\/pt\/wp-json\/wp\/v2\/product"}],"about":[{"href":"https:\/\/stoic-curie.212-227-153-4.plesk.page\/pt\/wp-json\/wp\/v2\/types\/product"}],"replies":[{"embeddable":true,"href":"https:\/\/stoic-curie.212-227-153-4.plesk.page\/pt\/wp-json\/wp\/v2\/comments?post=747519"}],"version-history":[{"count":0,"href":"https:\/\/stoic-curie.212-227-153-4.plesk.page\/pt\/wp-json\/wp\/v2\/product\/747519\/revisions"}],"wp:featuredmedia":[{"embeddable":true,"href":"https:\/\/stoic-curie.212-227-153-4.plesk.page\/pt\/wp-json\/wp\/v2\/media\/5939755"}],"wp:attachment":[{"href":"https:\/\/stoic-curie.212-227-153-4.plesk.page\/pt\/wp-json\/wp\/v2\/media?parent=747519"}],"wp:term":[{"taxonomy":"product_brand","embeddable":true,"href":"https:\/\/stoic-curie.212-227-153-4.plesk.page\/pt\/wp-json\/wp\/v2\/product_brand?post=747519"},{"taxonomy":"product_cat","embeddable":true,"href":"https:\/\/stoic-curie.212-227-153-4.plesk.page\/pt\/wp-json\/wp\/v2\/product_cat?post=747519"},{"taxonomy":"product_tag","embeddable":true,"href":"https:\/\/stoic-curie.212-227-153-4.plesk.page\/pt\/wp-json\/wp\/v2\/product_tag?post=747519"}],"curies":[{"name":"wp","href":"https:\/\/api.w.org\/{rel}","templated":true}]}}