{"id":747521,"date":"2025-03-03T20:58:32","date_gmt":"2025-03-03T19:58:32","guid":{"rendered":"https:\/\/stoic-curie.212-227-153-4.plesk.page\/producto\/bimini-tessilmare-azul-de-aco-inoxidavel-com-3-arcos-180-x-170-x-a140cm\/"},"modified":"2026-02-25T00:27:52","modified_gmt":"2026-02-25T00:27:52","slug":"bimini-tessilmare-azul-de-aco-inoxidavel-com-3-arcos-180-x-170-x-a140cm","status":"publish","type":"product","link":"https:\/\/stoic-curie.212-227-153-4.plesk.page\/pt\/product\/bimini-tessilmare-azul-de-aco-inoxidavel-com-3-arcos-180-x-170-x-a140cm\/","title":{"rendered":"Bimini Tessilmare Azul de A\u00e7o Inoxid\u00e1vel com 3 Arcos 180 x 170 x A140cm"},"content":{"rendered":"<p>Bimini Tessilmare Azul de A\u00e7o Inoxid\u00e1vel com 3 Arcos 180 x 170 x A140cm &#8211; <\/p>\n<p style=\"color: rgb(34, 34, 34); font-family: Arial, Helvetica, sans-serif; font-size: small;\">O design de tr\u00eas arcos \u00e9 ao mesmo tempo robusto e compacto, apresentando uma rede completamente \u00e0 prova d`\u00e1gua e uma capa protetora. Esta configura\u00e7\u00e3o permite f\u00e1cil uso de forma independente ou para instala\u00e7\u00e3o permanente com suportes opcionais, tornando-o perfeito para barcos abertos e jangadas.<\/p>\n<p style=\"color: rgb(34, 34, 34); font-family: Arial, Helvetica, sans-serif; font-size: small;\">Quando voc\u00ea recebe o Biminox, ele vem desmontado e embalado com seguran\u00e7a em uma caixa. Gra\u00e7as a uma patente especial da Tessilmare, mont\u00e1-lo novamente \u00e9 simples e f\u00e1cil. O toldo bimini resistente ao sol e \u00e0 \u00e1gua inclui tr\u00eas arcos destac\u00e1veis.<\/p>\n<p style=\"color: rgb(34, 34, 34); font-family: Arial, Helvetica, sans-serif; font-size: small;\">Feito de a\u00e7o inoxid\u00e1vel 316 dur\u00e1vel e tecido revestido em PVC 100% poli\u00e9ster, os tubos t\u00eam um di\u00e2metro de 22mm. Com os suportes de pole opcional, o bimini pode permanecer fechado, assemelhando-se a um roll bar.<\/p>\n<p style=\"color: rgb(34, 34, 34); font-family: Arial, Helvetica, sans-serif; font-size: small;\"><strong>Tessilmare Sun-Tops Completamente Equipados<\/strong><br \/>A Tessilmare tem grande orgulho em seus toldos de sol. Inova\u00e7\u00e3o e criatividade s\u00e3o fundamentais em seu processo de fabrica\u00e7\u00e3o. Eles fazem at\u00e9 testes em t\u00fanel de vento em seus toldos de sol para garantir que atendam a altos padr\u00f5es da ind\u00fastria.<\/p>\n<p style=\"color: rgb(34, 34, 34); font-family: Arial, Helvetica, sans-serif; font-size: small;\">Esse compromisso com a qualidade \u00e9 o que leva a Tessilmare a oferecer uma garantia vital\u00edcia em seus produtos.<\/p>\n<p style=\"color: rgb(34, 34, 34); font-family: Arial, Helvetica, sans-serif; font-size: small;\">O selo &#8220;Made in Italy&#8221; \u00e9 uma parte importante de sua identidade. A Tessilmare obt\u00e9m materiais de mercados locais, construindo rela\u00e7\u00f5es fortes com fornecedores italianos, e gerencia todo o processo de produ\u00e7\u00e3o internamente.<\/p>\n<p style=\"color: rgb(34, 34, 34); font-family: Arial, Helvetica, sans-serif; font-size: small;\"><strong>Op\u00e7\u00f5es de Cor do Sun-Top<\/strong><\/p>\n<ul style=\"color: rgb(34, 34, 34); font-family: Arial, Helvetica, sans-serif; font-size: small;\">\n<li>Branco<\/li>\n<li>Azul Marinho<\/li>\n<\/ul>\n<p style=\"color: rgb(34, 34, 34); font-family: Arial, Helvetica, sans-serif; font-size: small;\"><strong>Larguras Dispon\u00edveis do Sun-Top<\/strong><\/p>\n<ul style=\"color: rgb(34, 34, 34); font-family: Arial, Helvetica, sans-serif; font-size: small;\">\n<li>150 cm<\/li>\n<li>170 cm<\/li>\n<li>185 cm<\/li>\n<li>200 cm<\/li>\n<li>215 cm<\/li>\n<li>230 cm<\/li>\n<li>245 cm<\/li>\n<\/ul>\n<p style=\"color: rgb(34, 34, 34); font-family: Arial, Helvetica, sans-serif; font-size: small;\"><strong>Material do Sun-Top<\/strong><\/p>\n<ul style=\"color: rgb(34, 34, 34); font-family: Arial, Helvetica, sans-serif; font-size: small;\">\n<li>Inox 22mm<\/li>\n<\/ul>\n<p style=\"color: rgb(34, 34, 34); font-family: Arial, Helvetica, sans-serif; font-size: small;\"><strong>Capacidade M\u00e1xima de Velocidade<\/strong><\/p>\n<ul style=\"color: rgb(34, 34, 34); font-family: Arial, Helvetica, sans-serif; font-size: small;\">\n<li>60 km\/h<\/li>\n<\/ul>\n","protected":false},"excerpt":{"rendered":"<p>Bimini Tessilmare Azul de A\u00e7o Inoxid\u00e1vel com 3 Arcos 180 x 170 x A140cm &#8211; O design de tr\u00eas arcos<\/p>\n","protected":false},"featured_media":5939760,"comment_status":"open","ping_status":"closed","template":"","meta":[],"product_brand":[3482],"product_cat":[1976],"product_tag":[],"class_list":{"0":"post-747521","1":"product","2":"type-product","3":"status-publish","4":"has-post-thumbnail","6":"product_brand-tessilmare-pt","7":"product_cat-toldos-bimini-hardware-nautico","9":"first","10":"instock","11":"shipping-taxable","12":"purchasable","13":"product-type-simple"},"_links":{"self":[{"href":"https:\/\/stoic-curie.212-227-153-4.plesk.page\/pt\/wp-json\/wp\/v2\/product\/747521","targetHints":{"allow":["GET"]}}],"collection":[{"href":"https:\/\/stoic-curie.212-227-153-4.plesk.page\/pt\/wp-json\/wp\/v2\/product"}],"about":[{"href":"https:\/\/stoic-curie.212-227-153-4.plesk.page\/pt\/wp-json\/wp\/v2\/types\/product"}],"replies":[{"embeddable":true,"href":"https:\/\/stoic-curie.212-227-153-4.plesk.page\/pt\/wp-json\/wp\/v2\/comments?post=747521"}],"version-history":[{"count":0,"href":"https:\/\/stoic-curie.212-227-153-4.plesk.page\/pt\/wp-json\/wp\/v2\/product\/747521\/revisions"}],"wp:featuredmedia":[{"embeddable":true,"href":"https:\/\/stoic-curie.212-227-153-4.plesk.page\/pt\/wp-json\/wp\/v2\/media\/5939760"}],"wp:attachment":[{"href":"https:\/\/stoic-curie.212-227-153-4.plesk.page\/pt\/wp-json\/wp\/v2\/media?parent=747521"}],"wp:term":[{"taxonomy":"product_brand","embeddable":true,"href":"https:\/\/stoic-curie.212-227-153-4.plesk.page\/pt\/wp-json\/wp\/v2\/product_brand?post=747521"},{"taxonomy":"product_cat","embeddable":true,"href":"https:\/\/stoic-curie.212-227-153-4.plesk.page\/pt\/wp-json\/wp\/v2\/product_cat?post=747521"},{"taxonomy":"product_tag","embeddable":true,"href":"https:\/\/stoic-curie.212-227-153-4.plesk.page\/pt\/wp-json\/wp\/v2\/product_tag?post=747521"}],"curies":[{"name":"wp","href":"https:\/\/api.w.org\/{rel}","templated":true}]}}