{"id":747523,"date":"2025-03-03T20:58:33","date_gmt":"2025-03-03T19:58:33","guid":{"rendered":"https:\/\/stoic-curie.212-227-153-4.plesk.page\/producto\/bimini-tessilmare-azul-de-aco-inoxidavel-com-3-arcos-180-x-230-x-a140cm\/"},"modified":"2026-02-25T00:27:52","modified_gmt":"2026-02-25T00:27:52","slug":"bimini-tessilmare-azul-de-aco-inoxidavel-com-3-arcos-180-x-230-x-a140cm","status":"publish","type":"product","link":"https:\/\/stoic-curie.212-227-153-4.plesk.page\/pt\/product\/bimini-tessilmare-azul-de-aco-inoxidavel-com-3-arcos-180-x-230-x-a140cm\/","title":{"rendered":"Bimini Tessilmare Azul de A\u00e7o Inoxid\u00e1vel com 3 Arcos 180 x 230 x A140cm"},"content":{"rendered":"<p>Bimini Tessilmare Azul de A\u00e7o Inoxid\u00e1vel com 3 Arcos 180 x 230 x A140cm &#8211; <\/p>\n<p style=\"color: rgb(34, 34, 34); font-family: Arial, Helvetica, sans-serif; font-size: small;\">O design de tr\u00eas arcos \u00e9 robusto e compacto, apresentando uma rede completamente imperme\u00e1vel junto com uma capa protetora. Essa configura\u00e7\u00e3o permite uma instala\u00e7\u00e3o f\u00e1cil como estrutura independente ou instala\u00e7\u00e3o permanente com postes de suporte opcionais, tornando-o perfeito para barcos abertos e balsas.<\/p>\n<p style=\"color: rgb(34, 34, 34); font-family: Arial, Helvetica, sans-serif; font-size: small;\">O Biminox chega em forma desmontada, devidamente embalado em uma caixa. Gra\u00e7as a uma patente exclusiva da Tessilmare, mont\u00e1-lo novamente \u00e9 simples. O toldo bimini para sol e \u00e1gua vem com tr\u00eas arcos remov\u00edveis.<\/p>\n<p style=\"color: rgb(34, 34, 34); font-family: Arial, Helvetica, sans-serif; font-size: small;\">Feito de um quadro em a\u00e7o inoxid\u00e1vel 316 e tecido de poli\u00e9ster revestido em PVC 100%, os tubos t\u00eam um di\u00e2metro de 22 mm. Com a adi\u00e7\u00e3o de suportes de postes opcionais, o bimini pode permanecer na posi\u00e7\u00e3o fechada, assemelhando-se a uma barra de prote\u00e7\u00e3o.<\/p>\n<p style=\"color: rgb(34, 34, 34); font-family: Arial, Helvetica, sans-serif; font-size: small;\"><strong>Tessilmare Sun-Tops Completamente Equipados<\/strong><br \/>A Tessilmare se orgulha de seus toldos para sol. Inova\u00e7\u00e3o e criatividade s\u00e3o valores fundamentais no processo de fabrica\u00e7\u00e3o da Tessilmare. A empresa realiza regularmente testes em t\u00fanel de vento em seus toldos para garantir que atendam aos altos padr\u00f5es exigidos na ind\u00fastria.<\/p>\n<p style=\"color: rgb(34, 34, 34); font-family: Arial, Helvetica, sans-serif; font-size: small;\">Essa forte dedica\u00e7\u00e3o \u00e0 qualidade \u00e9 o motivo pelo qual a Tessilmare oferece uma garantia vital\u00edcia.<\/p>\n<p style=\"color: rgb(34, 34, 34); font-family: Arial, Helvetica, sans-serif; font-size: small;\">O r\u00f3tulo &#8220;Feito na It\u00e1lia&#8221; \u00e9 uma parte essencial da identidade da empresa. A Tessilmare obt\u00e9m mat\u00e9rias-primas dos mercados locais, promovendo relacionamentos duradouros com fornecedores italianos, e gerencia todo o processo de produ\u00e7\u00e3o internamente.<\/p>\n<p style=\"color: rgb(34, 34, 34); font-family: Arial, Helvetica, sans-serif; font-size: small;\"><strong>Cores Dispon\u00edveis para o Toldo Solar<\/strong><\/p>\n<ul style=\"color: rgb(34, 34, 34); font-family: Arial, Helvetica, sans-serif; font-size: small;\">\n<li>Branco<\/li>\n<li>Azul Marinho<\/li>\n<\/ul>\n<p style=\"color: rgb(34, 34, 34); font-family: Arial, Helvetica, sans-serif; font-size: small;\"><strong>Larguras Dispon\u00edveis do Toldo Solar<\/strong><\/p>\n<ul style=\"color: rgb(34, 34, 34); font-family: Arial, Helvetica, sans-serif; font-size: small;\">\n<li>150 cm<\/li>\n<li>170 cm<\/li>\n<li>185 cm<\/li>\n<li>200 cm<\/li>\n<li>215 cm<\/li>\n<li>230 cm<\/li>\n<li>245 cm<\/li>\n<\/ul>\n<p style=\"color: rgb(34, 34, 34); font-family: Arial, Helvetica, sans-serif; font-size: small;\"><strong>Material do Toldo Solar<\/strong><\/p>\n<ul style=\"color: rgb(34, 34, 34); font-family: Arial, Helvetica, sans-serif; font-size: small;\">\n<li>Inox 22mm<\/li>\n<\/ul>\n<p style=\"color: rgb(34, 34, 34); font-family: Arial, Helvetica, sans-serif; font-size: small;\"><strong>Capacidade M\u00e1xima de Velocidade<\/strong><\/p>\n<ul style=\"color: rgb(34, 34, 34); font-family: Arial, Helvetica, sans-serif; font-size: small;\">\n<li>60 km\/h<\/li>\n<\/ul>\n","protected":false},"excerpt":{"rendered":"<p>Bimini Tessilmare Azul de A\u00e7o Inoxid\u00e1vel com 3 Arcos 180 x 230 x A140cm &#8211; O design de tr\u00eas arcos<\/p>\n","protected":false},"featured_media":5939763,"comment_status":"open","ping_status":"closed","template":"","meta":[],"product_brand":[3482],"product_cat":[1976],"product_tag":[],"class_list":{"0":"post-747523","1":"product","2":"type-product","3":"status-publish","4":"has-post-thumbnail","6":"product_brand-tessilmare-pt","7":"product_cat-toldos-bimini-hardware-nautico","9":"first","10":"instock","11":"shipping-taxable","12":"purchasable","13":"product-type-simple"},"_links":{"self":[{"href":"https:\/\/stoic-curie.212-227-153-4.plesk.page\/pt\/wp-json\/wp\/v2\/product\/747523","targetHints":{"allow":["GET"]}}],"collection":[{"href":"https:\/\/stoic-curie.212-227-153-4.plesk.page\/pt\/wp-json\/wp\/v2\/product"}],"about":[{"href":"https:\/\/stoic-curie.212-227-153-4.plesk.page\/pt\/wp-json\/wp\/v2\/types\/product"}],"replies":[{"embeddable":true,"href":"https:\/\/stoic-curie.212-227-153-4.plesk.page\/pt\/wp-json\/wp\/v2\/comments?post=747523"}],"version-history":[{"count":0,"href":"https:\/\/stoic-curie.212-227-153-4.plesk.page\/pt\/wp-json\/wp\/v2\/product\/747523\/revisions"}],"wp:featuredmedia":[{"embeddable":true,"href":"https:\/\/stoic-curie.212-227-153-4.plesk.page\/pt\/wp-json\/wp\/v2\/media\/5939763"}],"wp:attachment":[{"href":"https:\/\/stoic-curie.212-227-153-4.plesk.page\/pt\/wp-json\/wp\/v2\/media?parent=747523"}],"wp:term":[{"taxonomy":"product_brand","embeddable":true,"href":"https:\/\/stoic-curie.212-227-153-4.plesk.page\/pt\/wp-json\/wp\/v2\/product_brand?post=747523"},{"taxonomy":"product_cat","embeddable":true,"href":"https:\/\/stoic-curie.212-227-153-4.plesk.page\/pt\/wp-json\/wp\/v2\/product_cat?post=747523"},{"taxonomy":"product_tag","embeddable":true,"href":"https:\/\/stoic-curie.212-227-153-4.plesk.page\/pt\/wp-json\/wp\/v2\/product_tag?post=747523"}],"curies":[{"name":"wp","href":"https:\/\/api.w.org\/{rel}","templated":true}]}}