{"id":747530,"date":"2025-03-03T20:58:36","date_gmt":"2025-03-03T19:58:36","guid":{"rendered":"https:\/\/stoic-curie.212-227-153-4.plesk.page\/producto\/ancora-flutuante-100-x-150cm\/"},"modified":"2026-02-25T00:27:52","modified_gmt":"2026-02-25T00:27:52","slug":"ancora-flutuante-100-x-150cm","status":"publish","type":"product","link":"https:\/\/stoic-curie.212-227-153-4.plesk.page\/pt\/product\/ancora-flutuante-100-x-150cm\/","title":{"rendered":"\u00c2ncora Flutuante 100 x 150cm"},"content":{"rendered":"<p>\u00c2ncora Flutuante 100 x 150cm &#8211; <p\u00c2>\u00c2 \u00e2\u00e2\u00e2nclavar de poli\u00e9ster refor\u00e7ado flutuante com faixas de fita fortes. Funciona no princ\u00edpio do paraquedas, aproveitando o atrito da \u00e1gua e estabilizando o barco, mantendo a proa voltada para o vento e evitando que flutue. A corda recomendada deve ter pelo menos 3 vezes o comprimento do barco.<\/p>\n","protected":false},"excerpt":{"rendered":"<p>\u00c2ncora Flutuante 100 x 150cm &#8211; \u00c2 \u00e2\u00e2\u00e2nclavar de poli\u00e9ster refor\u00e7ado flutuante com faixas de fita fortes. Funciona no princ\u00edpio<\/p>\n","protected":false},"featured_media":5939769,"comment_status":"open","ping_status":"closed","template":"","meta":[],"product_brand":[3517],"product_cat":[2156],"product_tag":[],"class_list":{"0":"post-747530","1":"product","2":"type-product","3":"status-publish","4":"has-post-thumbnail","6":"product_brand-veleria-san-giorgio-pt","7":"product_cat-ancoras-flutuantes","9":"first","10":"instock","11":"shipping-taxable","12":"purchasable","13":"product-type-simple"},"_links":{"self":[{"href":"https:\/\/stoic-curie.212-227-153-4.plesk.page\/pt\/wp-json\/wp\/v2\/product\/747530","targetHints":{"allow":["GET"]}}],"collection":[{"href":"https:\/\/stoic-curie.212-227-153-4.plesk.page\/pt\/wp-json\/wp\/v2\/product"}],"about":[{"href":"https:\/\/stoic-curie.212-227-153-4.plesk.page\/pt\/wp-json\/wp\/v2\/types\/product"}],"replies":[{"embeddable":true,"href":"https:\/\/stoic-curie.212-227-153-4.plesk.page\/pt\/wp-json\/wp\/v2\/comments?post=747530"}],"version-history":[{"count":0,"href":"https:\/\/stoic-curie.212-227-153-4.plesk.page\/pt\/wp-json\/wp\/v2\/product\/747530\/revisions"}],"wp:featuredmedia":[{"embeddable":true,"href":"https:\/\/stoic-curie.212-227-153-4.plesk.page\/pt\/wp-json\/wp\/v2\/media\/5939769"}],"wp:attachment":[{"href":"https:\/\/stoic-curie.212-227-153-4.plesk.page\/pt\/wp-json\/wp\/v2\/media?parent=747530"}],"wp:term":[{"taxonomy":"product_brand","embeddable":true,"href":"https:\/\/stoic-curie.212-227-153-4.plesk.page\/pt\/wp-json\/wp\/v2\/product_brand?post=747530"},{"taxonomy":"product_cat","embeddable":true,"href":"https:\/\/stoic-curie.212-227-153-4.plesk.page\/pt\/wp-json\/wp\/v2\/product_cat?post=747530"},{"taxonomy":"product_tag","embeddable":true,"href":"https:\/\/stoic-curie.212-227-153-4.plesk.page\/pt\/wp-json\/wp\/v2\/product_tag?post=747530"}],"curies":[{"name":"wp","href":"https:\/\/api.w.org\/{rel}","templated":true}]}}