{"id":747535,"date":"2025-03-03T20:58:37","date_gmt":"2025-03-03T19:58:37","guid":{"rendered":"https:\/\/stoic-curie.212-227-153-4.plesk.page\/producto\/revestimento-absorvente-de-ruido-e-termico-agloabsorber-com-20-mm-100-x-200-cm\/"},"modified":"2026-02-25T00:27:52","modified_gmt":"2026-02-25T00:27:52","slug":"revestimento-absorvente-de-ruido-e-termico-agloabsorber-com-20-mm-100-x-200-cm","status":"publish","type":"product","link":"https:\/\/stoic-curie.212-227-153-4.plesk.page\/pt\/product\/revestimento-absorvente-de-ruido-e-termico-agloabsorber-com-20-mm-100-x-200-cm\/","title":{"rendered":"Revestimento Absorvente de Ru\u00eddo e T\u00e9rmico Agloabsorber com 20 mm, 100 x 200 cm"},"content":{"rendered":"<p>Revestimento Absorvente de Ru\u00eddo e T\u00e9rmico Agloabsorber com 20 mm, 100 x 200 cm &#8211; <\/p>\n<p>Agloabsorber revestimento profissional de absor\u00e7\u00e3o de som e t\u00e9rmica. Leve e eficiente, ideal para salas de m\u00e1quinas. Isolamento sonoro de 25 dB para pain\u00e9is de at\u00e9 2 mm. Autoextint\u00edvel, resist\u00eancia ao fogo conforme as normas DIN 4102 &#8211; FMVSS302 &#8211; UL94 HBF &#8211; M4. Revestimento de fibra de vidro aluminizada com resist\u00eancia a temperaturas de at\u00e9 180 \u00b0C.<\/p>\n","protected":false},"excerpt":{"rendered":"<p>Revestimento Absorvente de Ru\u00eddo e T\u00e9rmico Agloabsorber com 20 mm, 100 x 200 cm &#8211; Agloabsorber revestimento profissional de absor\u00e7\u00e3o<\/p>\n","protected":false},"featured_media":5939772,"comment_status":"open","ping_status":"closed","template":"","meta":[],"product_brand":[3292],"product_cat":[2097],"product_tag":[],"class_list":{"0":"post-747535","1":"product","2":"type-product","3":"status-publish","4":"has-post-thumbnail","6":"product_brand-quietlife-pt","7":"product_cat-isolamento-e-insonorizacao","9":"first","10":"instock","11":"shipping-taxable","12":"purchasable","13":"product-type-simple"},"_links":{"self":[{"href":"https:\/\/stoic-curie.212-227-153-4.plesk.page\/pt\/wp-json\/wp\/v2\/product\/747535","targetHints":{"allow":["GET"]}}],"collection":[{"href":"https:\/\/stoic-curie.212-227-153-4.plesk.page\/pt\/wp-json\/wp\/v2\/product"}],"about":[{"href":"https:\/\/stoic-curie.212-227-153-4.plesk.page\/pt\/wp-json\/wp\/v2\/types\/product"}],"replies":[{"embeddable":true,"href":"https:\/\/stoic-curie.212-227-153-4.plesk.page\/pt\/wp-json\/wp\/v2\/comments?post=747535"}],"version-history":[{"count":0,"href":"https:\/\/stoic-curie.212-227-153-4.plesk.page\/pt\/wp-json\/wp\/v2\/product\/747535\/revisions"}],"wp:featuredmedia":[{"embeddable":true,"href":"https:\/\/stoic-curie.212-227-153-4.plesk.page\/pt\/wp-json\/wp\/v2\/media\/5939772"}],"wp:attachment":[{"href":"https:\/\/stoic-curie.212-227-153-4.plesk.page\/pt\/wp-json\/wp\/v2\/media?parent=747535"}],"wp:term":[{"taxonomy":"product_brand","embeddable":true,"href":"https:\/\/stoic-curie.212-227-153-4.plesk.page\/pt\/wp-json\/wp\/v2\/product_brand?post=747535"},{"taxonomy":"product_cat","embeddable":true,"href":"https:\/\/stoic-curie.212-227-153-4.plesk.page\/pt\/wp-json\/wp\/v2\/product_cat?post=747535"},{"taxonomy":"product_tag","embeddable":true,"href":"https:\/\/stoic-curie.212-227-153-4.plesk.page\/pt\/wp-json\/wp\/v2\/product_tag?post=747535"}],"curies":[{"name":"wp","href":"https:\/\/api.w.org\/{rel}","templated":true}]}}