{"id":747540,"date":"2025-03-03T20:58:39","date_gmt":"2025-03-03T19:58:39","guid":{"rendered":"https:\/\/stoic-curie.212-227-153-4.plesk.page\/producto\/revestimento-absorvente-termico-de-100-x-150-cm-10-mm\/"},"modified":"2026-02-25T00:27:52","modified_gmt":"2026-02-25T00:27:52","slug":"revestimento-absorvente-termico-de-100-x-150-cm-10-mm","status":"publish","type":"product","link":"https:\/\/stoic-curie.212-227-153-4.plesk.page\/pt\/product\/revestimento-absorvente-termico-de-100-x-150-cm-10-mm\/","title":{"rendered":"Revestimento Absorvente T\u00e9rmico de 100 x 150 cm (10 mm)"},"content":{"rendered":"<p>Revestimento Absorvente T\u00e9rmico de 100 x 150 cm (10 mm) &#8211; <\/p>\n<p>A capa de alta capacidade t\u00e9rmica revestida de fibra de vidro aluminizada. N\u00e3o inflam\u00e1vel. Perfeito para salas de m\u00e1quinas.<\/p>\n","protected":false},"excerpt":{"rendered":"<p>Revestimento Absorvente T\u00e9rmico de 100 x 150 cm (10 mm) &#8211; A capa de alta capacidade t\u00e9rmica revestida de fibra<\/p>\n","protected":false},"featured_media":5939778,"comment_status":"open","ping_status":"closed","template":"","meta":[],"product_brand":[3292],"product_cat":[2097],"product_tag":[],"class_list":{"0":"post-747540","1":"product","2":"type-product","3":"status-publish","4":"has-post-thumbnail","6":"product_brand-quietlife-pt","7":"product_cat-isolamento-e-insonorizacao","9":"first","10":"instock","11":"shipping-taxable","12":"purchasable","13":"product-type-simple"},"_links":{"self":[{"href":"https:\/\/stoic-curie.212-227-153-4.plesk.page\/pt\/wp-json\/wp\/v2\/product\/747540","targetHints":{"allow":["GET"]}}],"collection":[{"href":"https:\/\/stoic-curie.212-227-153-4.plesk.page\/pt\/wp-json\/wp\/v2\/product"}],"about":[{"href":"https:\/\/stoic-curie.212-227-153-4.plesk.page\/pt\/wp-json\/wp\/v2\/types\/product"}],"replies":[{"embeddable":true,"href":"https:\/\/stoic-curie.212-227-153-4.plesk.page\/pt\/wp-json\/wp\/v2\/comments?post=747540"}],"version-history":[{"count":0,"href":"https:\/\/stoic-curie.212-227-153-4.plesk.page\/pt\/wp-json\/wp\/v2\/product\/747540\/revisions"}],"wp:featuredmedia":[{"embeddable":true,"href":"https:\/\/stoic-curie.212-227-153-4.plesk.page\/pt\/wp-json\/wp\/v2\/media\/5939778"}],"wp:attachment":[{"href":"https:\/\/stoic-curie.212-227-153-4.plesk.page\/pt\/wp-json\/wp\/v2\/media?parent=747540"}],"wp:term":[{"taxonomy":"product_brand","embeddable":true,"href":"https:\/\/stoic-curie.212-227-153-4.plesk.page\/pt\/wp-json\/wp\/v2\/product_brand?post=747540"},{"taxonomy":"product_cat","embeddable":true,"href":"https:\/\/stoic-curie.212-227-153-4.plesk.page\/pt\/wp-json\/wp\/v2\/product_cat?post=747540"},{"taxonomy":"product_tag","embeddable":true,"href":"https:\/\/stoic-curie.212-227-153-4.plesk.page\/pt\/wp-json\/wp\/v2\/product_tag?post=747540"}],"curies":[{"name":"wp","href":"https:\/\/api.w.org\/{rel}","templated":true}]}}