{"id":747543,"date":"2025-03-03T20:58:40","date_gmt":"2025-03-03T19:58:40","guid":{"rendered":"https:\/\/stoic-curie.212-227-153-4.plesk.page\/producto\/cobertura-isolante-termica-para-mangueira-de-escape-de-100-x-38-cm\/"},"modified":"2026-02-25T00:27:52","modified_gmt":"2026-02-25T00:27:52","slug":"cobertura-isolante-termica-para-mangueira-de-escape-de-100-x-38-cm","status":"publish","type":"product","link":"https:\/\/stoic-curie.212-227-153-4.plesk.page\/pt\/product\/cobertura-isolante-termica-para-mangueira-de-escape-de-100-x-38-cm\/","title":{"rendered":"Cobertura Isolante T\u00e9rmica para Mangueira de Escape de 100 x 38 cm"},"content":{"rendered":"<p>Cobertura Isolante T\u00e9rmica para Mangueira de Escape de 100 x 38 cm &#8211; <\/p>\n<p>Tela de vidro e capas termoizolantes de fibra cer\u00e2mica para escapamento. Suportam temperaturas de at\u00e9 800 \u00b0C. Garra de montagem em a\u00e7o inoxid\u00e1vel inclu\u00edda. Certificado pela R.I.Na. CCE33701-CDS\/467-95\/TAO.<\/p>\n","protected":false},"excerpt":{"rendered":"<p>Cobertura Isolante T\u00e9rmica para Mangueira de Escape de 100 x 38 cm &#8211; Tela de vidro e capas termoizolantes de<\/p>\n","protected":false},"featured_media":5939784,"comment_status":"open","ping_status":"closed","template":"","meta":[],"product_brand":[3292],"product_cat":[2097],"product_tag":[],"class_list":{"0":"post-747543","1":"product","2":"type-product","3":"status-publish","4":"has-post-thumbnail","6":"product_brand-quietlife-pt","7":"product_cat-isolamento-e-insonorizacao","9":"first","10":"instock","11":"shipping-taxable","12":"purchasable","13":"product-type-simple"},"_links":{"self":[{"href":"https:\/\/stoic-curie.212-227-153-4.plesk.page\/pt\/wp-json\/wp\/v2\/product\/747543","targetHints":{"allow":["GET"]}}],"collection":[{"href":"https:\/\/stoic-curie.212-227-153-4.plesk.page\/pt\/wp-json\/wp\/v2\/product"}],"about":[{"href":"https:\/\/stoic-curie.212-227-153-4.plesk.page\/pt\/wp-json\/wp\/v2\/types\/product"}],"replies":[{"embeddable":true,"href":"https:\/\/stoic-curie.212-227-153-4.plesk.page\/pt\/wp-json\/wp\/v2\/comments?post=747543"}],"version-history":[{"count":0,"href":"https:\/\/stoic-curie.212-227-153-4.plesk.page\/pt\/wp-json\/wp\/v2\/product\/747543\/revisions"}],"wp:featuredmedia":[{"embeddable":true,"href":"https:\/\/stoic-curie.212-227-153-4.plesk.page\/pt\/wp-json\/wp\/v2\/media\/5939784"}],"wp:attachment":[{"href":"https:\/\/stoic-curie.212-227-153-4.plesk.page\/pt\/wp-json\/wp\/v2\/media?parent=747543"}],"wp:term":[{"taxonomy":"product_brand","embeddable":true,"href":"https:\/\/stoic-curie.212-227-153-4.plesk.page\/pt\/wp-json\/wp\/v2\/product_brand?post=747543"},{"taxonomy":"product_cat","embeddable":true,"href":"https:\/\/stoic-curie.212-227-153-4.plesk.page\/pt\/wp-json\/wp\/v2\/product_cat?post=747543"},{"taxonomy":"product_tag","embeddable":true,"href":"https:\/\/stoic-curie.212-227-153-4.plesk.page\/pt\/wp-json\/wp\/v2\/product_tag?post=747543"}],"curies":[{"name":"wp","href":"https:\/\/api.w.org\/{rel}","templated":true}]}}