{"id":747546,"date":"2025-03-03T20:58:41","date_gmt":"2025-03-03T19:58:41","guid":{"rendered":"https:\/\/stoic-curie.212-227-153-4.plesk.page\/producto\/cobertura-isolante-termica-para-mangueira-de-escape-de-100-x-54-cm\/"},"modified":"2026-02-25T00:27:52","modified_gmt":"2026-02-25T00:27:52","slug":"cobertura-isolante-termica-para-mangueira-de-escape-de-100-x-54-cm","status":"publish","type":"product","link":"https:\/\/stoic-curie.212-227-153-4.plesk.page\/pt\/product\/cobertura-isolante-termica-para-mangueira-de-escape-de-100-x-54-cm\/","title":{"rendered":"Cobertura Isolante T\u00e9rmica para Mangueira de Escape de 100 x 54 cm"},"content":{"rendered":"<p>Cobertura Isolante T\u00e9rmica para Mangueira de Escape de 100 x 54 cm &#8211; <\/p>\n<p>Capas de escape isolantes t\u00e9rmicas de fibra de vidro e cer\u00e2mica. Suporta temperaturas de at\u00e9 800 \u00b0C. Inclui mola de montagem em a\u00e7o inoxid\u00e1vel. Certificado R.I.Na. CCE33701-CDS\/467-95\/TAO.<\/p>\n","protected":false},"excerpt":{"rendered":"<p>Cobertura Isolante T\u00e9rmica para Mangueira de Escape de 100 x 54 cm &#8211; Capas de escape isolantes t\u00e9rmicas de fibra<\/p>\n","protected":false},"featured_media":5939784,"comment_status":"open","ping_status":"closed","template":"","meta":[],"product_brand":[3292],"product_cat":[2097],"product_tag":[],"class_list":{"0":"post-747546","1":"product","2":"type-product","3":"status-publish","4":"has-post-thumbnail","6":"product_brand-quietlife-pt","7":"product_cat-isolamento-e-insonorizacao","9":"first","10":"instock","11":"shipping-taxable","12":"purchasable","13":"product-type-simple"},"_links":{"self":[{"href":"https:\/\/stoic-curie.212-227-153-4.plesk.page\/pt\/wp-json\/wp\/v2\/product\/747546","targetHints":{"allow":["GET"]}}],"collection":[{"href":"https:\/\/stoic-curie.212-227-153-4.plesk.page\/pt\/wp-json\/wp\/v2\/product"}],"about":[{"href":"https:\/\/stoic-curie.212-227-153-4.plesk.page\/pt\/wp-json\/wp\/v2\/types\/product"}],"replies":[{"embeddable":true,"href":"https:\/\/stoic-curie.212-227-153-4.plesk.page\/pt\/wp-json\/wp\/v2\/comments?post=747546"}],"version-history":[{"count":0,"href":"https:\/\/stoic-curie.212-227-153-4.plesk.page\/pt\/wp-json\/wp\/v2\/product\/747546\/revisions"}],"wp:featuredmedia":[{"embeddable":true,"href":"https:\/\/stoic-curie.212-227-153-4.plesk.page\/pt\/wp-json\/wp\/v2\/media\/5939784"}],"wp:attachment":[{"href":"https:\/\/stoic-curie.212-227-153-4.plesk.page\/pt\/wp-json\/wp\/v2\/media?parent=747546"}],"wp:term":[{"taxonomy":"product_brand","embeddable":true,"href":"https:\/\/stoic-curie.212-227-153-4.plesk.page\/pt\/wp-json\/wp\/v2\/product_brand?post=747546"},{"taxonomy":"product_cat","embeddable":true,"href":"https:\/\/stoic-curie.212-227-153-4.plesk.page\/pt\/wp-json\/wp\/v2\/product_cat?post=747546"},{"taxonomy":"product_tag","embeddable":true,"href":"https:\/\/stoic-curie.212-227-153-4.plesk.page\/pt\/wp-json\/wp\/v2\/product_tag?post=747546"}],"curies":[{"name":"wp","href":"https:\/\/api.w.org\/{rel}","templated":true}]}}